{"id":12071,"date":"2020-03-25T21:38:23","date_gmt":"2020-03-25T21:38:23","guid":{"rendered":"http:\/\/new.synchrotron.org.pl\/www_wordpress\/?page_id=12071"},"modified":"2020-09-21T19:02:34","modified_gmt":"2020-09-21T17:02:34","slug":"regulamin-e-glosowania","status":"publish","type":"page","link":"https:\/\/synchrotron.org.pl\/?page_id=12071","title":{"rendered":"Regulamin e-g\u0142osowania"},"content":{"rendered":"\t\t<div data-elementor-type=\"wp-page\" data-elementor-id=\"12071\" class=\"elementor elementor-12071\" data-elementor-settings=\"[]\">\n\t\t\t\t\t\t<div class=\"elementor-inner\">\n\t\t\t\t\t\t\t<div class=\"elementor-section-wrap\">\n\t\t\t\t\t\t\t<section class=\"elementor-section elementor-top-section elementor-element elementor-element-51440714 elementor-section-boxed elementor-section-height-default elementor-section-height-default\" data-id=\"51440714\" data-element_type=\"section\">\n\t\t\t\t\t\t<div class=\"elementor-container elementor-column-gap-default\">\n\t\t\t\t\t\t\t<div class=\"elementor-row\">\n\t\t\t\t\t<div class=\"elementor-column elementor-col-100 elementor-top-column elementor-element elementor-element-36138414\" data-id=\"36138414\" data-element_type=\"column\">\n\t\t\t<div class=\"elementor-column-wrap elementor-element-populated\">\n\t\t\t\t\t\t\t<div class=\"elementor-widget-wrap\">\n\t\t\t\t\t\t<div class=\"elementor-element elementor-element-18a514c6 elementor-widget elementor-widget-text-editor\" data-id=\"18a514c6\" data-element_type=\"widget\" data-widget_type=\"text-editor.default\">\n\t\t\t\t<div class=\"elementor-widget-container\">\n\t\t\t\t\t\t\t\t<div class=\"elementor-text-editor elementor-clearfix\">\n\t\t\t\t<h1>Regulamin g\u0142osowania elektronicznego PTPS<\/h1><p style=\"margin: 0px 0px 9px; overflow-wrap: break-word;\"><span style=\"color: #333333;\"><span style=\"font-size: 13px;\">(uchwalony przez Zarz\u0105d PTPS w dniu 3. sierpnia 2020 r.)<\/span><\/span><\/p><p style=\"margin: 0px 0px 9px; overflow-wrap: break-word;\"><span style=\"font-size: 13px; color: #333333; font-family: 'Helvetica Neue', Helvetica, Arial, sans-serif;\">\u00a7 1.<\/span><\/p><p style=\"margin: 0px 0px 9px; overflow-wrap: break-word;\"><span style=\"font-size: 13px; color: #333333; font-family: 'Helvetica Neue', Helvetica, Arial, sans-serif;\">Walne Zebranie lub Zarz\u0105d PTPS podejmuje uchwa\u0142\u0119 o przeprowadzeniu g\u0142osowania elektronicznego drog\u0105 internetow\u0105, o czym zostaj\u0105 powiadomieni wszyscy cz\u0142onkowie Towarzystwa.<\/span><\/p><p style=\"margin: 0px 0px 9px; overflow-wrap: break-word;\"><span style=\"font-size: 13px; color: #333333; font-family: 'Helvetica Neue', Helvetica, Arial, sans-serif;\">\u00a7 2.<\/span><\/p><p style=\"margin: 0px 0px 9px; overflow-wrap: break-word;\"><span style=\"font-size: 13px; color: #333333; font-family: 'Helvetica Neue', Helvetica, Arial, sans-serif;\">W g\u0142osowaniu elektronicznym mo\u017ce wzi\u0105\u0107 udzia\u0142 ka\u017cdy cz\u0142onek zwyczajny i honorowy Towarzystwa.<\/span><\/p><p style=\"margin: 0px 0px 9px; overflow-wrap: break-word;\"><span style=\"font-size: 13px; color: #333333; font-family: 'Helvetica Neue', Helvetica, Arial, sans-serif;\">\u00a7 3.<\/span><\/p><p style=\"margin: 0px 0px 9px; overflow-wrap: break-word;\"><span style=\"font-size: 13px; color: #333333; font-family: 'Helvetica Neue', Helvetica, Arial, sans-serif;\">Zarz\u0105d ka\u017cdorazowo powo\u0142uje Komisj\u0119 ds. g\u0142osowania elektronicznego zwan\u0105 dalej Komisj\u0105.<\/span><\/p><p style=\"margin: 0px 0px 9px; overflow-wrap: break-word;\"><span style=\"font-size: 13px; color: #333333; font-family: 'Helvetica Neue', Helvetica, Arial, sans-serif;\">\u00a7 4.<\/span><\/p><p style=\"margin: 0px 0px 9px; overflow-wrap: break-word;\"><span style=\"font-size: 13px; color: #333333; font-family: 'Helvetica Neue', Helvetica, Arial, sans-serif;\">Komisja ustala harmonogram g\u0142osowania i tre\u015b\u0107 karty do g\u0142osowania.<\/span><\/p><p style=\"margin: 0px 0px 9px; overflow-wrap: break-word;\"><span style=\"font-size: 13px; color: #333333; font-family: 'Helvetica Neue', Helvetica, Arial, sans-serif;\">\u00a7 5.<\/span><\/p><p style=\"margin: 0px 0px 9px; overflow-wrap: break-word;\"><span style=\"font-size: 13px; color: #333333; font-family: 'Helvetica Neue', Helvetica, Arial, sans-serif;\">Zawiadomienie o ustalonym harmonogramie oraz tre\u015b\u0107 karty do g\u0142osowania zamieszczane s\u0105 na stronie internetowej Towarzystwa oraz rozsy\u0142ane s\u0105 drog\u0105 elektroniczn\u0105 do wszystkich uprawnionych przed terminem g\u0142osowania zgodnie z harmonogramem.<\/span><\/p><p style=\"margin: 0px 0px 9px; overflow-wrap: break-word;\"><span style=\"font-size: 13px; color: #333333; font-family: 'Helvetica Neue', Helvetica, Arial, sans-serif;\">\u00a7 6.<\/span><\/p><p style=\"margin: 0px 0px 9px; overflow-wrap: break-word;\"><span style=\"font-size: 13px; color: #333333; font-family: 'Helvetica Neue', Helvetica, Arial, sans-serif;\">Je\u015bli g\u0142osowanie dotyczy wyboru w\u0142adz Towarzystwa zawiadomienie, o kt\u00f3rym mowa w \u00a7 5. rozsy\u0142ane jest nie p\u00f3\u017aniej ni\u017c dwa tygodnie przed terminem g\u0142osowania.<\/span><\/p><p style=\"margin: 0px 0px 9px; overflow-wrap: break-word;\"><span style=\"font-size: 13px; color: #333333; font-family: 'Helvetica Neue', Helvetica, Arial, sans-serif;\">\u00a7 7.<\/span><\/p><p style=\"margin: 0px 0px 9px; overflow-wrap: break-word;\"><span style=\"font-size: 13px; color: #333333; font-family: 'Helvetica Neue', Helvetica, Arial, sans-serif;\">Komisja wysy\u0142a uprawnionym dane pozwalaj\u0105ce na dost\u0119p do elektronicznego systemu g\u0142osowania w przeddzie\u0144 g\u0142osowania.<\/span><\/p><p style=\"margin: 0px 0px 9px; overflow-wrap: break-word;\"><span style=\"font-size: 13px; color: #333333; font-family: 'Helvetica Neue', Helvetica, Arial, sans-serif;\">\u00a7 8.<\/span><\/p><p style=\"margin: 0px 0px 9px; overflow-wrap: break-word;\"><span style=\"font-size: 13px; color: #333333; font-family: 'Helvetica Neue', Helvetica, Arial, sans-serif;\">Ka\u017cdy uprawniony mo\u017ce odda\u0107 tylko jeden g\u0142os. G\u0142osowanie jest bezpo\u015brednie, a je\u015bli dotyczy spraw osobowych jest tak\u017ce tajne.<\/span><\/p><p style=\"margin: 0px 0px 9px; overflow-wrap: break-word;\"><span style=\"font-size: 13px; color: #333333; font-family: 'Helvetica Neue', Helvetica, Arial, sans-serif;\">\u00a7 9.<\/span><\/p><p style=\"margin: 0px 0px 9px; overflow-wrap: break-word;\"><span style=\"font-size: 13px; color: #333333; font-family: 'Helvetica Neue', Helvetica, Arial, sans-serif;\">G\u0142os jest wa\u017cnie oddany, je\u015bli poprawnie wype\u0142niona karta do g\u0142osowania zostanie zarejestrowana w systemie do g\u0142osowania w terminie ustalonym i og\u0142oszonym przez Komisj\u0119.<\/span><\/p><p style=\"margin: 0px 0px 9px; overflow-wrap: break-word;\"><span style=\"font-size: 13px; color: #333333; font-family: 'Helvetica Neue', Helvetica, Arial, sans-serif;\">\u00a7 10.<\/span><\/p><p style=\"margin: 0px 0px 9px; overflow-wrap: break-word;\"><span style=\"font-size: 13px; color: #333333; font-family: 'Helvetica Neue', Helvetica, Arial, sans-serif;\">Obliczenie wynik\u00f3w g\u0142osowania nast\u0119puje na posiedzeniu Komisji, kt\u00f3re odbywa si\u0119 nie p\u00f3\u017aniej ni\u017c w kolejnym dniu roboczym po zako\u0144czonym g\u0142osowaniu.<\/span><\/p><p style=\"margin: 0px 0px 9px; overflow-wrap: break-word;\"><span style=\"font-size: 13px; color: #333333; font-family: 'Helvetica Neue', Helvetica, Arial, sans-serif;\">\u00a7 11.<\/span><\/p><p style=\"margin: 0px 0px 9px; overflow-wrap: break-word;\"><span style=\"font-size: 13px; color: #333333; font-family: 'Helvetica Neue', Helvetica, Arial, sans-serif;\">Posiedzenie Komisji mo\u017ce odbywa\u0107 si\u0119 w formie zdalnej przy wykorzystaniu \u015brodk\u00f3w komunikacji elektronicznej zapewniaj\u0105cych:a) transmisj\u0119 obrad posiedzenia w czasie rzeczywistym;<\/span><\/p><p style=\"margin: 0px 0px 9px; overflow-wrap: break-word;\"><span style=\"font-size: 13px; color: #333333; font-family: 'Helvetica Neue', Helvetica, Arial, sans-serif;\">b) dwustronn\u0105 komunikacj\u0119 w czasie rzeczywistym, w ramach kt\u00f3rej cz\u0142onek Komisji mo\u017ce wypowiada\u0107 si\u0119 w toku posiedzenia.<\/span><\/p><p style=\"margin: 0px 0px 9px; overflow-wrap: break-word;\"><span style=\"font-size: 13px; color: #333333; font-family: 'Helvetica Neue', Helvetica, Arial, sans-serif;\">\u00a7 12.<\/span><\/p><p style=\"margin: 0px 0px 9px; overflow-wrap: break-word;\"><span style=\"font-size: 13px; color: #333333; font-family: 'Helvetica Neue', Helvetica, Arial, sans-serif;\">Wynik g\u0142osowania og\u0142aszany jest na stronie internetowej Towarzystwa najp\u00f3\u017aniej nast\u0119pnego dnia roboczego po zako\u0144czeniu obliczania g\u0142os\u00f3w przez Komisj\u0119.<\/span><\/p><p style=\"margin: 0px 0px 9px; overflow-wrap: break-word;\"><span style=\"font-size: 13px; color: #333333; font-family: 'Helvetica Neue', Helvetica, Arial, sans-serif;\">\u00a7 13.<\/span><\/p><p style=\"margin: 0px 0px 9px; overflow-wrap: break-word;\"><span style=\"font-size: 13px; color: #333333; font-family: 'Helvetica Neue', Helvetica, Arial, sans-serif;\">Protesty wyborcze mog\u0105 by\u0107 zg\u0142aszane w ci\u0105gu 2 dni od daty og\u0142oszenia wynik\u00f3w.<\/span><\/p><p style=\"margin: 0px 0px 9px; overflow-wrap: break-word;\"><span style=\"font-size: 13px; color: #333333; font-family: 'Helvetica Neue', Helvetica, Arial, sans-serif;\">\u00a7 14.<\/span><\/p><p style=\"margin: 0px 0px 9px; overflow-wrap: break-word;\"><span style=\"font-size: 13px; color: #333333; font-family: 'Helvetica Neue', Helvetica, Arial, sans-serif;\">Komisja sporz\u0105dza protok\u00f3\u0142 ze swoich prac i przekazuje go Zarz\u0105dowi Towarzystwa, po czym nast\u0119puje samoczynne rozwi\u0105zanie si\u0119 Komisji.<\/span><\/p>\t\t\t\t\t<\/div>\n\t\t\t\t\t\t<\/div>\n\t\t\t\t<\/div>\n\t\t\t\t\t\t<\/div>\n\t\t\t\t\t<\/div>\n\t\t<\/div>\n\t\t\t\t\t\t\t\t<\/div>\n\t\t\t\t\t<\/div>\n\t\t<\/section>\n\t\t\t\t\t\t<\/div>\n\t\t\t\t\t\t<\/div>\n\t\t\t\t\t<\/div>\n\t\t","protected":false},"excerpt":{"rendered":"<p>Regulamin g\u0142osowania elektronicznego PTPS (uchwalony przez Zarz\u0105d PTPS w dniu 3. sierpnia 2020 r.) \u00a7 1. Walne Zebranie lub Zarz\u0105d PTPS podejmuje uchwa\u0142\u0119 o przeprowadzeniu g\u0142osowania elektronicznego drog\u0105 internetow\u0105, o czym zostaj\u0105 powiadomieni wszyscy cz\u0142onkowie Towarzystwa. \u00a7 2. W g\u0142osowaniu elektronicznym mo\u017ce wzi\u0105\u0107 udzia\u0142 ka\u017cdy cz\u0142onek zwyczajny i honorowy Towarzystwa.&hellip;<\/p>\n<p> <a class=\"more-link\" href=\"https:\/\/synchrotron.org.pl\/?page_id=12071\">Czytaj dalej<\/a><\/p>\n","protected":false},"author":1,"featured_media":0,"parent":0,"menu_order":0,"comment_status":"closed","ping_status":"closed","template":"","meta":{"footnotes":""},"_links":{"self":[{"href":"https:\/\/synchrotron.org.pl\/index.php?rest_route=\/wp\/v2\/pages\/12071"}],"collection":[{"href":"https:\/\/synchrotron.org.pl\/index.php?rest_route=\/wp\/v2\/pages"}],"about":[{"href":"https:\/\/synchrotron.org.pl\/index.php?rest_route=\/wp\/v2\/types\/page"}],"author":[{"embeddable":true,"href":"https:\/\/synchrotron.org.pl\/index.php?rest_route=\/wp\/v2\/users\/1"}],"replies":[{"embeddable":true,"href":"https:\/\/synchrotron.org.pl\/index.php?rest_route=%2Fwp%2Fv2%2Fcomments&post=12071"}],"version-history":[{"count":5,"href":"https:\/\/synchrotron.org.pl\/index.php?rest_route=\/wp\/v2\/pages\/12071\/revisions"}],"predecessor-version":[{"id":15666,"href":"https:\/\/synchrotron.org.pl\/index.php?rest_route=\/wp\/v2\/pages\/12071\/revisions\/15666"}],"wp:attachment":[{"href":"https:\/\/synchrotron.org.pl\/index.php?rest_route=%2Fwp%2Fv2%2Fmedia&parent=12071"}],"curies":[{"name":"wp","href":"https:\/\/api.w.org\/{rel}","templated":true}]}}