{"id":12082,"date":"2020-03-25T21:43:10","date_gmt":"2020-03-25T21:43:10","guid":{"rendered":"http:\/\/new.synchrotron.org.pl\/www_wordpress\/?page_id=12082"},"modified":"2020-03-25T21:43:10","modified_gmt":"2020-03-25T21:43:10","slug":"klauzula-informacyjna-rodo","status":"publish","type":"page","link":"https:\/\/synchrotron.org.pl\/?page_id=12082","title":{"rendered":"Klauzula informacyjna RODO"},"content":{"rendered":"<p class=\"Textbody\"><b>Klauzula informacyjna<\/b>\u00a0dotycz\u0105ca udost\u0119pnionych Polskiemu Towarzystwu Promieniowania Synchrotronowego danych osobowych, zgodnie z Rozporz\u0105dzeniem Parlamentu Europejskiego i Rady (UE) 2016\/679 z dnia 27 kwietnia 2016 r. (RODO)<\/p>\n<p class=\"Textbody\">\n<p><span class=\"StrongEmphasis\">1.\u00a0Administrator danych osobowych:<\/span><br \/>\nAdministratorem Pa\u0144stwa danych osobowych jest Polskie Towarzystwo Promieniowania Synchrotronowego, ul. Radzikowskiego 152, 31-342 Krak\u00f3w.<\/p>\n<p class=\"Textbody\"><span class=\"StrongEmphasis\">2. \u0179r\u00f3d\u0142o danych osobowych:<\/span><br \/>\nPa\u0144stwa dane osobowe zosta\u0142y przekazane nam przez Pa\u0144stwa i s\u0105 przechowywane<br \/>\ni przetwarzane na podstawie z\u0142o\u017conej deklaracji cz\u0142onkowskiej.<\/p>\n<p><span class=\"StrongEmphasis\">3.\u00a0Cel przetwarzania:<br \/>\n<\/span>Pa\u0144stwa dane osobowe przetwarzane s\u0105 w celach zwi\u0105zanych z dzia\u0142alno\u015bci\u0105 Polskiego Towarzystwa Promieniowania Synchrotronowego (PTPS) opisan\u0105 w Rozdziale II pkt. 7 i 8 Statutu PTPS, a w szczeg\u00f3lno\u015bci w zwi\u0105zku z dzia\u0142aniami i wydarzeniami organizowanymi lub wsp\u00f3\u0142organizowanymi przez PTPS, w dokumentacji z prowadzonej dzia\u0142alno\u015bci oraz w celach sprawozdawczych i projektowych (w przypadku finansowania dzia\u0142alno\u015bci PTPS ze \u015brodk\u00f3w publicznych zewn\u0119trznych).<\/p>\n<p><span class=\"StrongEmphasis\">4.\u00a0Okres przechowywania danych:<br \/>\n<\/span>Pa\u0144stwa dane osobowe b\u0119d\u0105 przechowywane do chwili ustania cz\u0142onkostwa w PTPS lub wycofania zgody na ich przetwarzanie. Zgod\u0119 mog\u0105 Pa\u0144stwo wycofa\u0107 drog\u0105 mailow\u0105 pisz\u0105c<br \/>\nna adres:\u00a0<span id=\"cloak4377cfb2c8ffdc71dcea3e22def9d5d9\"><a href=\"mailto:sekretarz@synchrotron.org.pl\">sekretarz@synchrotron.org.pl<\/a><\/span><\/p>\n<p><span class=\"StrongEmphasis\">5.\u00a0Udost\u0119pnianie danych:<br \/>\n<\/span>Pa\u0144stwa dane osobowe mog\u0105 by\u0107 udost\u0119pniane wy\u0142\u0105cznie organom administracji publicznej, publicznym instytucjom finansuj\u0105cym dzia\u0142alno\u015b\u0107 PTPS, a tak\u017ce organom lub instytucjom Unii Europejskiej.<\/p>\n<p class=\"Textbody\"><span class=\"StrongEmphasis\">6. Zabezpieczenie danych:<\/span><\/p>\n<p class=\"Textbody\">Administrator stosuje odpowiednie \u015brodki techniczne i organizacyjne zapewniaj\u0105ce ochron\u0119 przetwarzanych danych, a w szczeg\u00f3lno\u015bci zabezpiecza dane przed ich udost\u0119pnieniem osobom nieupowa\u017cnionym i przetwarzaniem z naruszeniem prawa.<\/p>\n<p class=\"Textbody\">\n<span class=\"StrongEmphasis\">7. Uprawnienia:<\/span><br \/>\nPosiada Pani\/Pan prawo do:<br \/>\n1) dost\u0119pu do tre\u015bci swoich danych oraz prawo ich sprostowania, usuni\u0119cia, ograniczenia przetwarzania, prawo do przenoszenia danych, prawo wniesienia sprzeciwu wobec przetwarzania, prawo do cofni\u0119cia zgody w dowolnym momencie bez wp\u0142ywu na zgodno\u015b\u0107 z prawem przetwarzania, kt\u00f3rego dokonano na podstawie zgody przed jej cofni\u0119ciem;<br \/>\n2) wniesienia skargi do Prezesa Urz\u0119du Ochrony Danych Osobowych, gdy uzna Pani\/Pan,<br \/>\ni\u017c przetwarzanie danych osobowych Pani\/Pana dotycz\u0105cych narusza przepisy og\u00f3lnego rozporz\u0105dzenia o ochronie danych osobowych z dnia 27 kwietnia 2016 r.<\/p>\n<p class=\"Textbody\"><span class=\"StrongEmphasis\">8. Informacje ko\u0144cowe<\/span><\/p>\n<p class=\"Textbody\">1) Administrator zastrzega sobie prawo do wprowadzania zmian i udoskonalania formy i tre\u015bci niniejszej klauzuli informacyjnej.<\/p>\n<p class=\"Textbody\">2)\u00a0<span class=\"sig\">Uwagi, pytania i w\u0105tpliwo\u015bci zwi\u0105zane z przetwarzaniem\u00a0udost\u0119pnionych nam przez Pa\u0144stwa danych osobowych\u00a0prosimy\u00a0<\/span><span class=\"sig\">kierowa\u0107 do sekretarza Towarzystwa:\u00a0<span id=\"cloak0b9ca54d89553fcc75926f94a5840395\"><a href=\"mailto:sekretarz@synchrotron.org.pl\">sekretarz@synchrotron.org.pl<\/a><\/span><\/span><\/p>\n","protected":false},"excerpt":{"rendered":"<p>Klauzula informacyjna\u00a0dotycz\u0105ca udost\u0119pnionych Polskiemu Towarzystwu Promieniowania Synchrotronowego danych osobowych, zgodnie z Rozporz\u0105dzeniem Parlamentu Europejskiego i Rady (UE) 2016\/679 z dnia 27 kwietnia 2016 r. (RODO) 1.\u00a0Administrator danych osobowych: Administratorem Pa\u0144stwa danych osobowych jest Polskie Towarzystwo Promieniowania Synchrotronowego, ul. Radzikowskiego 152, 31-342 Krak\u00f3w. 2. \u0179r\u00f3d\u0142o danych osobowych: Pa\u0144stwa dane osobowe zosta\u0142y&hellip;<\/p>\n<p> <a class=\"more-link\" href=\"https:\/\/synchrotron.org.pl\/?page_id=12082\">Czytaj dalej<\/a><\/p>\n","protected":false},"author":1,"featured_media":0,"parent":0,"menu_order":0,"comment_status":"closed","ping_status":"closed","template":"","meta":{"footnotes":""},"_links":{"self":[{"href":"https:\/\/synchrotron.org.pl\/index.php?rest_route=\/wp\/v2\/pages\/12082"}],"collection":[{"href":"https:\/\/synchrotron.org.pl\/index.php?rest_route=\/wp\/v2\/pages"}],"about":[{"href":"https:\/\/synchrotron.org.pl\/index.php?rest_route=\/wp\/v2\/types\/page"}],"author":[{"embeddable":true,"href":"https:\/\/synchrotron.org.pl\/index.php?rest_route=\/wp\/v2\/users\/1"}],"replies":[{"embeddable":true,"href":"https:\/\/synchrotron.org.pl\/index.php?rest_route=%2Fwp%2Fv2%2Fcomments&post=12082"}],"version-history":[{"count":1,"href":"https:\/\/synchrotron.org.pl\/index.php?rest_route=\/wp\/v2\/pages\/12082\/revisions"}],"predecessor-version":[{"id":12083,"href":"https:\/\/synchrotron.org.pl\/index.php?rest_route=\/wp\/v2\/pages\/12082\/revisions\/12083"}],"wp:attachment":[{"href":"https:\/\/synchrotron.org.pl\/index.php?rest_route=%2Fwp%2Fv2%2Fmedia&parent=12082"}],"curies":[{"name":"wp","href":"https:\/\/api.w.org\/{rel}","templated":true}]}}