{"id":12084,"date":"2020-03-25T21:43:43","date_gmt":"2020-03-25T21:43:43","guid":{"rendered":"http:\/\/new.synchrotron.org.pl\/www_wordpress\/?page_id=12084"},"modified":"2025-05-23T19:47:18","modified_gmt":"2025-05-23T18:47:18","slug":"z-kart-historii","status":"publish","type":"page","link":"https:\/\/synchrotron.org.pl\/?page_id=12084","title":{"rendered":"Z kart historii"},"content":{"rendered":"<p>Polskie Towarzystwo Promieniowania Synchrotronowego zosta\u0142o utworzone w 1991. W tym roku odby\u0142a si\u0119 pierwsza krajowa konferencja Towarzystwa KSUPS 1 (Krajowe Sympozjum U\u017cytkownik\u00f3w Promieniowania Synchrotronowego). Towarzystwo organizuje w latach nieparzystych sympozja krajowe (KSUPS) a w latach parzystych konferencje mi\u0119dzynarodowe (ISSRNS &#8211; International School and Symposium on Synchrotron Radiation in Natural Sciences). Od 2002 roku PTPS wydaje Biuletyn (ISSN 1644-7190) &#8211; zwykle jeden zeszyt rocznie.<\/p>\n<p><a href=\"http:\/\/www.synchrotron.org.pl\/publ\/izba\/Ludzie_dwudziestolecia.pdf\">W\u0142adze Towarzystwa do 2011<\/a><\/p>\n<p><a href=\"https:\/\/synchrotron.org.pl\/?page_id=15921\">Sk\u0142ad Zarz\u0105du i KS 2011-2014<\/a><\/p>\n<p><a href=\"https:\/\/synchrotron.org.pl\/?page_id=15636\" target=\"_blank\" rel=\"noopener noreferrer\">Sk\u0142ad Zarz\u0105du 2014-2017<\/a><\/p>\n<p><a href=\"https:\/\/synchrotron.org.pl\/?page_id=15818\" target=\"_blank\" rel=\"noopener\">Sk\u0142ad Zarz\u0105du 2017-2020<\/a><\/p>\n<p><a href=\"https:\/\/synchrotron.org.pl\/?page_id=16616\" target=\"_blank\" rel=\"noopener\">Sk\u0142ad Zarz\u0105du 2020-2023<\/a><\/p>\n<p><a href=\"http:\/\/www.synchrotron.org.pl\/publ\/izba\/OD.pdf\">Najwa\u017cniejsze osi\u0105gni\u0119cia Towarzystwa<\/a><\/p>\n<p><a href=\"https:\/\/synchrotron.org.pl\/?page_id=17431\">Archiwum ciekawych informacji<\/a><\/p>\n<p><a href=\"https:\/\/synchrotron.org.pl\/?page_id=14007\">Na zawsze pozostan\u0105 w naszej pami\u0119ci<\/a><\/p>\n","protected":false},"excerpt":{"rendered":"<p>Polskie Towarzystwo Promieniowania Synchrotronowego zosta\u0142o utworzone w 1991. W tym roku odby\u0142a si\u0119 pierwsza krajowa konferencja Towarzystwa KSUPS 1 (Krajowe Sympozjum U\u017cytkownik\u00f3w Promieniowania Synchrotronowego). Towarzystwo organizuje w latach nieparzystych sympozja krajowe (KSUPS) a w latach parzystych konferencje mi\u0119dzynarodowe (ISSRNS &#8211; International School and Symposium on Synchrotron Radiation in Natural Sciences).&hellip;<\/p>\n<p> <a class=\"more-link\" href=\"https:\/\/synchrotron.org.pl\/?page_id=12084\">Czytaj dalej<\/a><\/p>\n","protected":false},"author":1,"featured_media":0,"parent":0,"menu_order":0,"comment_status":"closed","ping_status":"closed","template":"","meta":{"footnotes":""},"_links":{"self":[{"href":"https:\/\/synchrotron.org.pl\/index.php?rest_route=\/wp\/v2\/pages\/12084"}],"collection":[{"href":"https:\/\/synchrotron.org.pl\/index.php?rest_route=\/wp\/v2\/pages"}],"about":[{"href":"https:\/\/synchrotron.org.pl\/index.php?rest_route=\/wp\/v2\/types\/page"}],"author":[{"embeddable":true,"href":"https:\/\/synchrotron.org.pl\/index.php?rest_route=\/wp\/v2\/users\/1"}],"replies":[{"embeddable":true,"href":"https:\/\/synchrotron.org.pl\/index.php?rest_route=%2Fwp%2Fv2%2Fcomments&post=12084"}],"version-history":[{"count":40,"href":"https:\/\/synchrotron.org.pl\/index.php?rest_route=\/wp\/v2\/pages\/12084\/revisions"}],"predecessor-version":[{"id":17566,"href":"https:\/\/synchrotron.org.pl\/index.php?rest_route=\/wp\/v2\/pages\/12084\/revisions\/17566"}],"wp:attachment":[{"href":"https:\/\/synchrotron.org.pl\/index.php?rest_route=%2Fwp%2Fv2%2Fmedia&parent=12084"}],"curies":[{"name":"wp","href":"https:\/\/api.w.org\/{rel}","templated":true}]}}