{"id":12106,"date":"2017-09-20T22:17:57","date_gmt":"2017-09-20T22:17:57","guid":{"rendered":"http:\/\/new.synchrotron.org.pl\/www_wordpress\/?page_id=12106"},"modified":"2020-03-25T22:18:39","modified_gmt":"2020-03-25T22:18:39","slug":"wybory-2017","status":"publish","type":"page","link":"https:\/\/synchrotron.org.pl\/?page_id=12106","title":{"rendered":"Wybory w\u0142adz 2017"},"content":{"rendered":"<p>Zgodnie z uchwa\u0142\u0105 Zarz\u0105du PTPS w tegorocznych wyborach Prezesa PTPS,\u00a0 cz\u0142onk\u00f3w Zarz\u0105du PTPS<br \/>\ni cz\u0142onk\u00f3w Komisji Rewizyjnej PTPS na kadencj\u0119 2017-2020<br \/>\ng\u0142osowania zostan\u0105 przeprowadzone drog\u0105 internetow\u0105.<\/p>\n<p>W trakcie Walnego Zebrania sprawozdawczo-wyborczego, kt\u00f3re odby\u0142o si\u0119 6 wrze\u015bnia 2017 roku<br \/>\no godz. 16:15 w sali 3\/11 Budynku Centrum Nanotechnologii A Politechniki Gda\u0144skiej, zosta\u0142a powo\u0142ana<br \/>\n<strong>Komisja Wyborcza<\/strong>.<\/p>\n<p>Sk\u0142ad\u00a0<strong>Komisji Wyborczej<\/strong>\u00a0po jej ukonstytuowaniu si\u0119 jest nast\u0119puj\u0105cy:<br \/>\n&#8211;\u00a0<strong>Anna Wolska<\/strong>\u00a0(IF PAN Warszawa) &#8211; przewodnicz\u0105ca<br \/>\n&#8211;\u00a0<strong>El\u017cbieta Dynowska<\/strong>\u00a0(IF PAN, Warszawa) &#8211; sekretarz<br \/>\n&#8211;\u00a0<strong>Wojciech Rypniewski<\/strong>\u00a0(IChB PAN, Pozna\u0144) &#8211; cz\u0142onek<\/p>\n<h3><strong><a href=\"http:\/\/www.synchrotron.org.pl\/publ\/pdf\/Wybory%20PTPS.pdf\">Obwieszczenie Komisji Wyborczej PTPS dotycz\u0105ce trybu przeprowadzenia i terminarza wybor\u00f3w<\/a><\/strong><\/h3>\n<p>&nbsp;<\/p>\n<p>Komisja Wyborcza przeprowadzi\u0142a drog\u0105 elektroniczn\u0105 wybory\u00a0statutowych w\u0142adz PTPS. Wynik wybor\u00f3w opisuj\u0105 poni\u017csze protoko\u0142y:<\/p>\n<p>\u2013\u00a0<a href=\"http:\/\/www.synchrotron.org.pl\/publ\/wybory2017\/protok%C3%B3%C5%82%20wybory%20prezes_2017.pdf\">protok\u00f3\u0142 g\u0142osowania elektronicznego w wyborach Prezesa PTPS<\/a>,<\/p>\n<p>\u2013\u00a0<a href=\"http:\/\/www.synchrotron.org.pl\/publ\/wybory2017\/protok%C3%B3%C5%82%20wybory%20zarzad_2017.pdf\">protok\u00f3\u0142 g\u0142osowania elektronicznego w wyborach\u00a0Zarz\u0105du PTPS<\/a>,<\/p>\n<p>\u2013\u00a0<a href=\"http:\/\/www.synchrotron.org.pl\/publ\/wybory2017\/protok%C3%B3%C5%82%20wybory%20komisja_2017.pdf\">protok\u00f3\u0142 g\u0142osowania elektronicznego w wyborach\u00a0Komisji Rewizyjnej PTPS<\/a>.<\/p>\n<p>&nbsp;<\/p>\n","protected":false},"excerpt":{"rendered":"<p>Zgodnie z uchwa\u0142\u0105 Zarz\u0105du PTPS w tegorocznych wyborach Prezesa PTPS,\u00a0 cz\u0142onk\u00f3w Zarz\u0105du PTPS i cz\u0142onk\u00f3w Komisji Rewizyjnej PTPS na kadencj\u0119 2017-2020 g\u0142osowania zostan\u0105 przeprowadzone drog\u0105 internetow\u0105. W trakcie Walnego Zebrania sprawozdawczo-wyborczego, kt\u00f3re odby\u0142o si\u0119 6 wrze\u015bnia 2017 roku o godz. 16:15 w sali 3\/11 Budynku Centrum Nanotechnologii A Politechniki Gda\u0144skiej,&hellip;<\/p>\n<p> <a class=\"more-link\" href=\"https:\/\/synchrotron.org.pl\/?page_id=12106\">Czytaj dalej<\/a><\/p>\n","protected":false},"author":1,"featured_media":0,"parent":0,"menu_order":0,"comment_status":"closed","ping_status":"closed","template":"","meta":{"footnotes":""},"_links":{"self":[{"href":"https:\/\/synchrotron.org.pl\/index.php?rest_route=\/wp\/v2\/pages\/12106"}],"collection":[{"href":"https:\/\/synchrotron.org.pl\/index.php?rest_route=\/wp\/v2\/pages"}],"about":[{"href":"https:\/\/synchrotron.org.pl\/index.php?rest_route=\/wp\/v2\/types\/page"}],"author":[{"embeddable":true,"href":"https:\/\/synchrotron.org.pl\/index.php?rest_route=\/wp\/v2\/users\/1"}],"replies":[{"embeddable":true,"href":"https:\/\/synchrotron.org.pl\/index.php?rest_route=%2Fwp%2Fv2%2Fcomments&post=12106"}],"version-history":[{"count":2,"href":"https:\/\/synchrotron.org.pl\/index.php?rest_route=\/wp\/v2\/pages\/12106\/revisions"}],"predecessor-version":[{"id":12108,"href":"https:\/\/synchrotron.org.pl\/index.php?rest_route=\/wp\/v2\/pages\/12106\/revisions\/12108"}],"wp:attachment":[{"href":"https:\/\/synchrotron.org.pl\/index.php?rest_route=%2Fwp%2Fv2%2Fmedia&parent=12106"}],"curies":[{"name":"wp","href":"https:\/\/api.w.org\/{rel}","templated":true}]}}