{"id":12109,"date":"2015-06-06T22:19:06","date_gmt":"2015-06-06T22:19:06","guid":{"rendered":"http:\/\/new.synchrotron.org.pl\/www_wordpress\/?page_id=12109"},"modified":"2020-03-25T22:21:28","modified_gmt":"2020-03-25T22:21:28","slug":"wybory-wladz-2014","status":"publish","type":"page","link":"https:\/\/synchrotron.org.pl\/?page_id=12109","title":{"rendered":"Wybory w\u0142adz 2014"},"content":{"rendered":"<p>Na jesieni 2014 roku Towarzystwo\u00a0<a href=\"http:\/\/www.synchrotron.org.pl\/publ\/doc\/Uchwala_nr_1_walne_2014.pdf\" target=\"_blank\" rel=\"noopener noreferrer\">powo\u0142a\u0142o Komisj\u0119 Wyborcz\u0105 do przeprowadzenia wybor\u00f3w statutowych<\/a>\u00a0w\u0142adz PTPS. W sk\u0142ad Komisji weszli:<\/p>\n<p>El\u017cbieta Dynowska (Sekretarz Komisji), Wojciech Rypniewski (Cz\u0142onek Komisji) oraz Marcin Klepka (Przewodnicz\u0105cy Komisji). Komisja przeprowadzi\u0142a wybory drog\u0105 elektroniczn\u0105. Wyniki wybor\u00f3w opisuj\u0105 poni\u017csze protoko\u0142y:<\/p>\n<p>&#8211;\u00a0<a title=\"prezes\" href=\"http:\/\/www.synchrotron.org.pl\/publ\/doc\/wyb_2014\/Scan_4_Prezes.pdf\" target=\"_blank\" rel=\"noopener noreferrer\">protok\u00f3\u0142 g\u0142osowania elektronicznego w wyborach Prezesa PTPS,<\/a><\/p>\n<p>&#8211;\u00a0<a title=\"zarzad\" href=\"http:\/\/www.synchrotron.org.pl\/publ\/doc\/wyb_2014\/Scan_5_Zarzad.pdf\" target=\"_blank\" rel=\"noopener noreferrer\">protok\u00f3\u0142 g\u0142osowania elektronicznego w wyborach Zarz\u0105du PTPS<\/a>,<\/p>\n<p>&#8211;\u00a0<a title=\"komisja\" href=\"http:\/\/www.synchrotron.org.pl\/publ\/doc\/wyb_2014\/Scan_3_komisja_rew.pdf\" target=\"_blank\" rel=\"noopener noreferrer\">protok\u00f3\u0142 pierwszego g\u0142osowania elektronicznego w wyborach Komisji Rewizyjnej PTPS<\/a>,<\/p>\n<p>&#8211;\u00a0<a title=\"komisja\" href=\"http:\/\/www.synchrotron.org.pl\/publ\/doc\/wyb_2014\/Komisja_rewizyjna-2014_2017_protokol.pdf\" target=\"_blank\" rel=\"noopener noreferrer\">protok\u00f3\u0142 drugiego g\u0142osowania elektronicznego w wyborach Komisji Rewizyjnej PTPS<\/a>,<\/p>\n","protected":false},"excerpt":{"rendered":"<p>Na jesieni 2014 roku Towarzystwo\u00a0powo\u0142a\u0142o Komisj\u0119 Wyborcz\u0105 do przeprowadzenia wybor\u00f3w statutowych\u00a0w\u0142adz PTPS. W sk\u0142ad Komisji weszli: El\u017cbieta Dynowska (Sekretarz Komisji), Wojciech Rypniewski (Cz\u0142onek Komisji) oraz Marcin Klepka (Przewodnicz\u0105cy Komisji). Komisja przeprowadzi\u0142a wybory drog\u0105 elektroniczn\u0105. Wyniki wybor\u00f3w opisuj\u0105 poni\u017csze protoko\u0142y: &#8211;\u00a0protok\u00f3\u0142 g\u0142osowania elektronicznego w wyborach Prezesa PTPS, &#8211;\u00a0protok\u00f3\u0142 g\u0142osowania elektronicznego w&hellip;<\/p>\n<p> <a class=\"more-link\" href=\"https:\/\/synchrotron.org.pl\/?page_id=12109\">Czytaj dalej<\/a><\/p>\n","protected":false},"author":1,"featured_media":0,"parent":0,"menu_order":0,"comment_status":"closed","ping_status":"closed","template":"","meta":{"footnotes":""},"_links":{"self":[{"href":"https:\/\/synchrotron.org.pl\/index.php?rest_route=\/wp\/v2\/pages\/12109"}],"collection":[{"href":"https:\/\/synchrotron.org.pl\/index.php?rest_route=\/wp\/v2\/pages"}],"about":[{"href":"https:\/\/synchrotron.org.pl\/index.php?rest_route=\/wp\/v2\/types\/page"}],"author":[{"embeddable":true,"href":"https:\/\/synchrotron.org.pl\/index.php?rest_route=\/wp\/v2\/users\/1"}],"replies":[{"embeddable":true,"href":"https:\/\/synchrotron.org.pl\/index.php?rest_route=%2Fwp%2Fv2%2Fcomments&post=12109"}],"version-history":[{"count":1,"href":"https:\/\/synchrotron.org.pl\/index.php?rest_route=\/wp\/v2\/pages\/12109\/revisions"}],"predecessor-version":[{"id":12110,"href":"https:\/\/synchrotron.org.pl\/index.php?rest_route=\/wp\/v2\/pages\/12109\/revisions\/12110"}],"wp:attachment":[{"href":"https:\/\/synchrotron.org.pl\/index.php?rest_route=%2Fwp%2Fv2%2Fmedia&parent=12109"}],"curies":[{"name":"wp","href":"https:\/\/api.w.org\/{rel}","templated":true}]}}