{"id":12117,"date":"2018-09-28T22:24:45","date_gmt":"2018-09-28T22:24:45","guid":{"rendered":"http:\/\/new.synchrotron.org.pl\/www_wordpress\/?page_id=12117"},"modified":"2025-02-04T18:00:13","modified_gmt":"2025-02-04T17:00:13","slug":"synchrotron-i-biznes","status":"publish","type":"page","link":"https:\/\/synchrotron.org.pl\/?page_id=12117","title":{"rendered":"Synchrotron i biznes"},"content":{"rendered":"<p>Promieniowanie synchrotronowe jest wykorzystywane nie tylko do cel\u00f3w naukowych, ale tak\u017ce jest kluczowe dla rozwoju wielu firm.<\/p>\n<p>Poni\u017cej przedstawiamy kilka przyk\u0142ad\u00f3w zainteresowania promieniowaniem synchrotronowym w \u015bwiecie biznesu.<\/p>\n<p><a href=\"https:\/\/www.baltic-tram.eu\/index_eng.html\"><strong>Baltic TRAM<\/strong>\u00a0(Transnational Research Access in the Macroregion)<\/a>\u00a0to mi\u0119dzynarodowy projekt, kt\u00f3ry u\u0142atwia korzystanie z du\u017cej infrastruktury badawczej, w tym synchrotron\u00f3w. Przedsi\u0119biorstwa w ramach tego projektu mog\u0105 uczestniczy\u0107 w specjalistycznych konsultacjach i szkoleniach oferowanych przez partner\u00f3w projektu oraz uzyskaj\u0105 dost\u0119p do \u017ar\u00f3de\u0142 promieniowania synchrotronowego w celu przetestowania swoich innowacyjnych pomys\u0142\u00f3w. Wi\u0119cej o Baltic TRAM czytaj na stronie\u00a0<a href=\"https:\/\/synchrotron.uj.edu.pl\/en_GB\/aktualnosci\/-\/journal_content\/56_INSTANCE_ZEhuXSihDJbq\/1457771\/142194522\">SOLARIS<\/a>. Zasady udost\u0119pniania synchrotronu SOLARIS dla u\u017cytkownik\u00f3w przemys\u0142owych s\u0105 opisane <a href=\"https:\/\/synchrotron.uj.edu.pl\/pl_PL\/industry\" target=\"_blank\" rel=\"noopener\">tutaj<\/a>.<\/p>\n<p><a href=\"https:\/\/pl.linkedin.com\/company\/barcelona-synchrotron-park?trk=organization-update_share-update_actor-text\"><strong>Barcelona Synchrotron Park<\/strong>\u00a0&#8211; BSP<\/a>\u00a0to nowy park naukowo-technologiczny, kt\u00f3rego celem jest zaoferowanie firmom bazuj\u0105cym na nowych technologiach uprzywilejowanego \u015brodowiska i szczeg\u00f3lnej lokalizacji dla ich dzia\u0142alno\u015bci w Europie.<\/p>\n<p><a href=\"https:\/\/www.toyota.com\" target=\"_blank\" rel=\"noopener\">Firma\u00a0<strong>TOYOTA<\/strong><\/a><strong><a href=\"https:\/\/www.tytlabs.com\/tech\/tec4.html\">\u00a0<\/a><\/strong> posiada w\u0142asn\u0105 lini\u0119 pomiarow\u0105 na synchrotronie SPring-8 nale\u017c\u0105c\u0105 do <a href=\"https:\/\/www.tytlabs.co.jp\/en\/\" target=\"_blank\" rel=\"noopener\">TOYOTA Central R&amp;D Labs., Inc.<\/a> Linia dedykowana jest pomiarom zwi\u0105zanym z przemys\u0142em samochodowym. Na stronie synchrotronu SPring-8 znajdziemy informacje o mo\u017cliwo\u015bciach linii pomiarowej <a href=\"https:\/\/www.tytlabs.co.jp\/en\/review\/issue\/files\/462_001nonaka.pdf\" target=\"_blank\" rel=\"noopener\">TOYOTA Beamline BL33XU<\/a>, kt\u00f3ra umo\u017cliwia m.in. czasowo-rozdzielcze pomiary XAFS.<br \/>\nSpecjalny numer periodyku wydawanego przez Toyot\u0119\u00a0<em><a href=\"https:\/\/www.tytlabs.com\/english\/review\/rev382e.html\">R&amp;D Review of Toyota CRDL<\/a><\/em>\u00a0zosta\u0142 zatytu\u0142owany Materials Analysis Using Synchrotron Radiation. Zbi\u00f3r artyku\u0142\u00f3w otwiera praca Hirose, Y., 2003.\u00a0<a href=\"https:\/\/www.tytlabs.com\/english\/review\/rev382epdf\/e382_001hirose.pdf\">Materials Analysis Using Synchrotron Radiation<\/a>\u00a0(Vol. 38, p. 2). Research Report, R&amp;D Review of Toyota CRDL.<\/p>\n<p>Grupa biznesowa\u00a0<a href=\"https:\/\/www.zeiss.com\/semiconductor-manufacturing-technology\/products\/semiconductor-manufacturing-optics\/synchrotron-optics.html\" target=\"_blank\" rel=\"noopener\"><strong>ZEISS<\/strong>\u00a0Semiconductor Manufacturing Technology<\/a>\u00a0produkuje uk\u0142ady optyki przeznaczone do budowy synchrotron\u00f3w dla o\u015brodk\u00f3w badawczych na ca\u0142ym \u015bwiecie.<\/p>\n<p>Firma\u00a0<a href=\"https:\/\/www.prevac.eu\/en\/2,offer\/32,analytical-systems-for-synchrotrons\/4,super-resolution-arpes-system.html\"><strong>PREVAC<\/strong>\u00a0sp. z\u00a0o.o.<strong>\u00a0<\/strong><\/a>\u00a0wyposa\u017ca synchrotronowe linie eksperymentalne na ca\u0142ym \u015bwiecie.<\/p>\n<p>Najwi\u0119kszy w Wielkiej Brytanii obiekt naukowy &#8211;<a href=\"https:\/\/www.diamond.ac.uk\/\" target=\"_blank\" rel=\"noopener\">\u00a0synchrotron\u00a0<strong>Diamond<\/strong><\/a>\u00a0przyjmuje klient\u00f3w korporacyjnych.\u00a0<a href=\"https:\/\/sciencebusiness.net\/news\/72305\/Companies-queue-for-%27beam-time%27\">W kolejce po &#8216;beam time&#8217;<\/a>\u00a0ustawiaj\u0105 si\u0119 takie firmy jak Pfizer czy Rolls-Royce.<\/p>\n<p><a href=\"https:\/\/www.esrf.eu\/Industry\">Synchrotron\u00a0<strong>ESRF<\/strong><\/a>\u00a0oferuje swoje linie eksperymentalne sektorowi biznesowemu. W\u00a0<a href=\"http:\/\/www.esrf.eu\/Apache_files\/Industry\/industry-brochure_EN_131010.pdf\">ulotce informuj\u0105cej o wsp\u00f3\u0142pracy z biznesem<\/a>\u00a0ESRF wymienia mi\u0119dzy innymi: Astex Therapeutics (UK), AstraZeneca (UK &amp; Swe), Bayer Schering Pharma (Ger), Corning (Fr), Daihatsu (Japan), GlaxoSmithKline (UK), Johnson Matthey (UK), L\u2019Or\u00e9al (Fr), Merck (Ger, NL), Pfizer (UK), Procter &amp; Gamble (UK) Statoil (Nor), Toyota Motor Europe (Belgium), Toyota CRDL (Japan), Unilever (NL).<\/p>\n<p><a href=\"http:\/\/www.slc.saga-u.ac.jp\/english\/about\"><strong>SAGA<\/strong>\u00a0(SAGA-LS)<\/a>\u00a0jest kompaktowym \u017ar\u00f3d\u0142em promieniowania synchrotronowego trzeciej generacji wybudowanym w mie\u015bcie Tosu w prefekturze Saga w p\u00f3\u0142nocnej cz\u0119\u015bci Kyushu w Japonii. SAGA-LS to pierwsze \u017ar\u00f3d\u0142o promieniowania synchrotronowego w Japonii, kt\u00f3re zosta\u0142o zbudowane przez lokalny rz\u0105d prefekturalny. Linie tego synchrotronu dedykowane s\u0105 g\u0142\u00f3wnie zastosowaniom przemys\u0142owym.<\/p>\n<p><a href=\"https:\/\/global-sei.com\/company\/press\/2017\/01\/prs108.html\"><strong>Sumitomo<\/strong>\u00a0Electric Industries, Ltd.<\/a>\u00a0wybudowa\u0142o przy synchrotronie SAGA dwie linie do w\u0142asnego u\u017cytku.\u00a0<span id=\"result_box\" class=\"\" lang=\"pl\"><span class=\"\">Sp\u00f3\u0142ka planuje wykorzysta\u0107 dedykowane linie do przyspieszenia rozwoju w wielu obszarach, np. poprawy wydajno\u015b\u0107 nowych produkt\u00f3w, takich jak baterie przep\u0142ywowe redox, w\u0142\u00f3kna \u015bwiat\u0142owodowe, oraz poprawy jako\u015b\u0107 ju\u017c istniej\u0105cych produkt\u00f3w.<\/span><\/span><\/p>\n<p><span class=\"\" lang=\"pl\"><span class=\"\">Firma\u00a0<\/span><\/span><span class=\"\" lang=\"pl\"><span class=\"\"><a href=\"https:\/\/www.linkedin.com\/company\/lyncean-techologies-inc-\" target=\"_blank\" rel=\"noopener\"><strong>Lyncean Technologies<\/strong>, Inc.<\/a>\u00a0wypu\u015bci\u0142a na rynek kompaktowe \u017ar\u00f3d\u0142a promieniowania synchrotronowego.<br \/>\n<\/span><\/span><\/p>\n<p><span class=\"\" lang=\"pl\"><span class=\"\">Ameryka\u0144ska firma\u00a0<\/span><\/span><span class=\"\" lang=\"pl\"><span class=\"\"><a href=\"http:\/\/www.bestmedical.com\/news\/JACMP_July25_to_Aug21_2018_JACMP_BPT_PTCOG.pdf\"><strong>Best Medical<\/strong>\u00a0International, Inc.<\/a>\u00a0oferuje synchrotrony do cel\u00f3w medycznych.<br \/>\n<\/span><\/span><\/p>\n<p><span class=\"\" lang=\"pl\"><span class=\"\"><strong><a href=\"https:\/\/www.ptb.de\/cms\/en\/ptb\/fachabteilungen\/abt7\/metrology-light-source.html\">Metrology<\/a><a href=\"https:\/\/www.ptb.de\/cms\/en\/ptb\/fachabteilungen\/abt7\/metrology-light-source.html\">\u00a0Light Source<\/a><\/strong>\u00a0to niskoenergetyczny synchrotron przeznaczony do cel\u00f3w metrologicznych, wybudowany nieopodal synchrotronu BESSY II w Berlinie.\u00a0<\/span><\/span><span class=\"\" lang=\"pl\"><span class=\"\"><span id=\"result_box\" class=\"\" lang=\"pl\">wybudowany zosta\u0142 na w\u0142asne potrzeby przez Physikalisch-Technische Bundesanstalt (PTB), niemiecki krajowy instytut metrologiczny, kt\u00f3ry wykorzystuje promieniowanie synchrotronowe do metrologii.\u00a0<\/span><\/span><\/span><span class=\"\" lang=\"pl\"><span class=\"\"><span id=\"result_box\" class=\"\" lang=\"pl\">PTB rozszerzy\u0142o w ten spos\u00f3b swoj\u0105 dzia\u0142alno\u015b\u0107 o w\u0142asny pier\u015bcie\u0144 akumulacyjny, zaprojektowany i zbudowany pod k\u0105tem spe\u0142nienia wymaga\u0144 stawianych metrologii.<\/span><\/span><\/span><\/p>\n<p><a href=\"https:\/\/xds-oxford.com\/products\/beamline-components\/\" target=\"_blank\" rel=\"noopener\"><strong>XDS Oxford<\/strong>\u00a0Ltd.<\/a>\u00a0to firma z wieloletnimi tradycjami, zajmuj\u0105ca si\u0119 budow\u0105 linii synchrotronowych.<\/p>\n<p><a href=\"https:\/\/www.bnl.gov\/ps\/industrialCollaborators\/Industries-Served-by-NSLS.asp\"><strong>National Synchrotron Light Source<\/strong>\u00a0(NSLS)<\/a>\u00a0udost\u0119pnia list\u0119 firm, kt\u00f3re wykonuj\u0105 badania na tym synchrotronie. S\u0105 w\u015br\u00f3d nich\u00a0 m.in. Pfizer, Inc. i IBM Research Division.<\/p>\n<p>Rozdzia\u0142 w monografii dotycz\u0105cy pocz\u0105tk\u00f3w zaanga\u017cowania firmy Dow Chemical Company w pomiary synchrotronowe w latach 1983 &#8211; 1995<br \/>\nBUBECK, R. A., et al.\u00a0<a href=\"https:\/\/books.google.pl\/books?id=AEvjBwAAQBAJ&amp;pg=PA55&amp;lpg=PA55&amp;dq=synchrotron+Dow+Chemical+Company&amp;source=bl&amp;ots=oXGEryGE4L&amp;sig=OSOXoi9ILofTiWJFgTPWEowiQe8&amp;hl=pl&amp;sa=X&amp;ved=2ahUKEwiUn4ru65_eAhVO66QKHU1RCT0Q6AEwAXoECAkQAQ#v=onepage&amp;q&amp;f=false\">Synchrotron Radiation\u2014Based Research at the Dow Chemical Company<\/a>. In: Synchrotron Radiation Techniques in Industrial, Chemical, and Materials Science. Springer, Boston, MA, 1996. p. 55-82.<\/p>\n","protected":false},"excerpt":{"rendered":"<p>Promieniowanie synchrotronowe jest wykorzystywane nie tylko do cel\u00f3w naukowych, ale tak\u017ce jest kluczowe dla rozwoju wielu firm. Poni\u017cej przedstawiamy kilka przyk\u0142ad\u00f3w zainteresowania promieniowaniem synchrotronowym w \u015bwiecie biznesu. Baltic TRAM\u00a0(Transnational Research Access in the Macroregion)\u00a0to mi\u0119dzynarodowy projekt, kt\u00f3ry u\u0142atwia korzystanie z du\u017cej infrastruktury badawczej, w tym synchrotron\u00f3w. Przedsi\u0119biorstwa w ramach tego&hellip;<\/p>\n<p> <a class=\"more-link\" href=\"https:\/\/synchrotron.org.pl\/?page_id=12117\">Czytaj dalej<\/a><\/p>\n","protected":false},"author":1,"featured_media":0,"parent":0,"menu_order":0,"comment_status":"closed","ping_status":"closed","template":"","meta":{"footnotes":""},"_links":{"self":[{"href":"https:\/\/synchrotron.org.pl\/index.php?rest_route=\/wp\/v2\/pages\/12117"}],"collection":[{"href":"https:\/\/synchrotron.org.pl\/index.php?rest_route=\/wp\/v2\/pages"}],"about":[{"href":"https:\/\/synchrotron.org.pl\/index.php?rest_route=\/wp\/v2\/types\/page"}],"author":[{"embeddable":true,"href":"https:\/\/synchrotron.org.pl\/index.php?rest_route=\/wp\/v2\/users\/1"}],"replies":[{"embeddable":true,"href":"https:\/\/synchrotron.org.pl\/index.php?rest_route=%2Fwp%2Fv2%2Fcomments&post=12117"}],"version-history":[{"count":11,"href":"https:\/\/synchrotron.org.pl\/index.php?rest_route=\/wp\/v2\/pages\/12117\/revisions"}],"predecessor-version":[{"id":17513,"href":"https:\/\/synchrotron.org.pl\/index.php?rest_route=\/wp\/v2\/pages\/12117\/revisions\/17513"}],"wp:attachment":[{"href":"https:\/\/synchrotron.org.pl\/index.php?rest_route=%2Fwp%2Fv2%2Fmedia&parent=12117"}],"curies":[{"name":"wp","href":"https:\/\/api.w.org\/{rel}","templated":true}]}}