{"id":12119,"date":"2020-02-14T22:25:41","date_gmt":"2020-02-14T22:25:41","guid":{"rendered":"http:\/\/new.synchrotron.org.pl\/www_wordpress\/?page_id=12119"},"modified":"2020-03-25T22:25:50","modified_gmt":"2020-03-25T22:25:50","slug":"do-31-marca-2020-nabor-wnioskow-w-ramach-ceric","status":"publish","type":"page","link":"https:\/\/synchrotron.org.pl\/?page_id=12119","title":{"rendered":"Do 31 marca 2020 nab\u00f3r wniosk\u00f3w w ramach CERIC"},"content":{"rendered":"<p>Do 31 marca 2020r trwa nab\u00f3r wniosk\u00f3w w ramach konsorcjum\u00a0<a href=\"https:\/\/www.ceric-eric.eu\/users\/call-for-proposals\/\">CERIC<\/a>. CERIC-ERIC oferuje dost\u0119p do ponad 50 r\u00f3\u017cnych i uzupe\u0142niaj\u0105cych si\u0119 najnowocze\u015bniejszych urz\u0105dze\u0144 i laboratori\u00f3w, rozmieszczonych w 8 krajach. W\u015br\u00f3d udost\u0119pnianych du\u017cych urz\u0105dze\u0144 badawczych jest synchrotron Solaris.<\/p>\n","protected":false},"excerpt":{"rendered":"<p>Do 31 marca 2020r trwa nab\u00f3r wniosk\u00f3w w ramach konsorcjum\u00a0CERIC. CERIC-ERIC oferuje dost\u0119p do ponad 50 r\u00f3\u017cnych i uzupe\u0142niaj\u0105cych si\u0119 najnowocze\u015bniejszych urz\u0105dze\u0144 i laboratori\u00f3w, rozmieszczonych w 8 krajach. W\u015br\u00f3d udost\u0119pnianych du\u017cych urz\u0105dze\u0144 badawczych jest synchrotron Solaris.<\/p>\n","protected":false},"author":1,"featured_media":0,"parent":0,"menu_order":0,"comment_status":"closed","ping_status":"closed","template":"","meta":{"footnotes":""},"_links":{"self":[{"href":"https:\/\/synchrotron.org.pl\/index.php?rest_route=\/wp\/v2\/pages\/12119"}],"collection":[{"href":"https:\/\/synchrotron.org.pl\/index.php?rest_route=\/wp\/v2\/pages"}],"about":[{"href":"https:\/\/synchrotron.org.pl\/index.php?rest_route=\/wp\/v2\/types\/page"}],"author":[{"embeddable":true,"href":"https:\/\/synchrotron.org.pl\/index.php?rest_route=\/wp\/v2\/users\/1"}],"replies":[{"embeddable":true,"href":"https:\/\/synchrotron.org.pl\/index.php?rest_route=%2Fwp%2Fv2%2Fcomments&post=12119"}],"version-history":[{"count":1,"href":"https:\/\/synchrotron.org.pl\/index.php?rest_route=\/wp\/v2\/pages\/12119\/revisions"}],"predecessor-version":[{"id":12120,"href":"https:\/\/synchrotron.org.pl\/index.php?rest_route=\/wp\/v2\/pages\/12119\/revisions\/12120"}],"wp:attachment":[{"href":"https:\/\/synchrotron.org.pl\/index.php?rest_route=%2Fwp%2Fv2%2Fmedia&parent=12119"}],"curies":[{"name":"wp","href":"https:\/\/api.w.org\/{rel}","templated":true}]}}