{"id":12125,"date":"2017-09-13T22:29:28","date_gmt":"2017-09-13T22:29:28","guid":{"rendered":"http:\/\/new.synchrotron.org.pl\/www_wordpress\/?page_id=12125"},"modified":"2020-09-10T22:36:29","modified_gmt":"2020-09-10T20:36:29","slug":"informacje-biura-obslugi-uzytkownikow-esrf","status":"publish","type":"page","link":"https:\/\/synchrotron.org.pl\/?page_id=12125","title":{"rendered":"Informacje biura obs\u0142ugi u\u017cytkownik\u00f3w ESRF"},"content":{"rendered":"<p>Polecamy wszystkim u\u017cytkownikom promieniowania synchrotronowego\u00a0<strong><a href=\"http:\/\/www.synchrotron.org.pl\/publ\/pdf\/ESRF-user-office-JMcCarthy.pdf\">prezentacj\u0119 Joanne McCarthy<\/a><\/strong>\u00a0\u2013 dyrektora\u00a0 Biura Obs\u0142ugi U\u017cytkownik\u00f3w ESRF. Prezentacja ta zosta\u0142a przedstawiona podczas KSUPS&#8217;17 i ma na celu u\u0142atwienie polskim u\u017cytkownikom przygotowania projekt\u00f3w<br \/>\nsk\u0142adanych do ESRF.<\/p>\n<p><a href=\"http:\/\/www.synchrotron.org.pl\/publ\/pdf\/ESRF-user-office-JMcCarthy.pdf\"><img decoding=\"async\" loading=\"lazy\" class=\"size-full wp-image-12127 aligncenter\" src=\"https:\/\/synchrotron.org.pl\/wp-content\/uploads\/2020\/03\/images.png\" alt=\"\" width=\"199\" height=\"253\" \/><\/a><\/p>\n","protected":false},"excerpt":{"rendered":"<p>Polecamy wszystkim u\u017cytkownikom promieniowania synchrotronowego\u00a0prezentacj\u0119 Joanne McCarthy\u00a0\u2013 dyrektora\u00a0 Biura Obs\u0142ugi U\u017cytkownik\u00f3w ESRF. Prezentacja ta zosta\u0142a przedstawiona podczas KSUPS&#8217;17 i ma na celu u\u0142atwienie polskim u\u017cytkownikom przygotowania projekt\u00f3w sk\u0142adanych do ESRF.<\/p>\n","protected":false},"author":1,"featured_media":0,"parent":0,"menu_order":0,"comment_status":"closed","ping_status":"closed","template":"","meta":{"footnotes":""},"_links":{"self":[{"href":"https:\/\/synchrotron.org.pl\/index.php?rest_route=\/wp\/v2\/pages\/12125"}],"collection":[{"href":"https:\/\/synchrotron.org.pl\/index.php?rest_route=\/wp\/v2\/pages"}],"about":[{"href":"https:\/\/synchrotron.org.pl\/index.php?rest_route=\/wp\/v2\/types\/page"}],"author":[{"embeddable":true,"href":"https:\/\/synchrotron.org.pl\/index.php?rest_route=\/wp\/v2\/users\/1"}],"replies":[{"embeddable":true,"href":"https:\/\/synchrotron.org.pl\/index.php?rest_route=%2Fwp%2Fv2%2Fcomments&post=12125"}],"version-history":[{"count":2,"href":"https:\/\/synchrotron.org.pl\/index.php?rest_route=\/wp\/v2\/pages\/12125\/revisions"}],"predecessor-version":[{"id":15643,"href":"https:\/\/synchrotron.org.pl\/index.php?rest_route=\/wp\/v2\/pages\/12125\/revisions\/15643"}],"wp:attachment":[{"href":"https:\/\/synchrotron.org.pl\/index.php?rest_route=%2Fwp%2Fv2%2Fmedia&parent=12125"}],"curies":[{"name":"wp","href":"https:\/\/api.w.org\/{rel}","templated":true}]}}