{"id":12132,"date":"2017-09-20T22:31:13","date_gmt":"2017-09-20T22:31:13","guid":{"rendered":"http:\/\/new.synchrotron.org.pl\/www_wordpress\/?page_id=12132"},"modified":"2020-03-25T22:31:47","modified_gmt":"2020-03-25T22:31:47","slug":"informacje-biura-obslugi-uzytkownikow-solaris","status":"publish","type":"page","link":"https:\/\/synchrotron.org.pl\/?page_id=12132","title":{"rendered":"Informacje biura obs\u0142ugi u\u017cytkownik\u00f3w Solaris"},"content":{"rendered":"<h3>Polecamy pierwsz\u0105 informacj\u0119 o elektronicznym systemie obs\u0142ugi u\u017cytkownik\u00f3w uruchomionym w SOLARISie. Poni\u017cej zamieszczamy link do\u00a0<strong><a href=\"http:\/\/www.synchrotron.org.pl\/publ\/pdf\/Solaris-user-office-AGorkiewicz.pdf\">prezentacji Pani Alicji G\u00f3rkiewicz<\/a>,<\/strong>\u00a0kt\u00f3ra skierowa\u0142a do naszego \u015brodowiska pro\u015bb\u0119 o testowanie systemu i zg\u0142aszanie uwag i sugestii.<\/h3>\n<p><a href=\"http:\/\/www.synchrotron.org.pl\/publ\/pdf\/Solaris-user-office-AGorkiewicz.pdf\"><img decoding=\"async\" loading=\"lazy\" class=\"size-full wp-image-12133 aligncenter\" src=\"https:\/\/synchrotron.org.pl\/wp-content\/uploads\/2020\/03\/pobrane-3.png\" alt=\"\" width=\"800\" height=\"289\" srcset=\"https:\/\/synchrotron.org.pl\/wp-content\/uploads\/2020\/03\/pobrane-3.png 800w, https:\/\/synchrotron.org.pl\/wp-content\/uploads\/2020\/03\/pobrane-3-600x217.png 600w, https:\/\/synchrotron.org.pl\/wp-content\/uploads\/2020\/03\/pobrane-3-300x108.png 300w, https:\/\/synchrotron.org.pl\/wp-content\/uploads\/2020\/03\/pobrane-3-768x277.png 768w\" sizes=\"(max-width: 800px) 100vw, 800px\" \/><\/a><\/p>\n","protected":false},"excerpt":{"rendered":"<p>Polecamy pierwsz\u0105 informacj\u0119 o elektronicznym systemie obs\u0142ugi u\u017cytkownik\u00f3w uruchomionym w SOLARISie. Poni\u017cej zamieszczamy link do\u00a0prezentacji Pani Alicji G\u00f3rkiewicz,\u00a0kt\u00f3ra skierowa\u0142a do naszego \u015brodowiska pro\u015bb\u0119 o testowanie systemu i zg\u0142aszanie uwag i sugestii.<\/p>\n","protected":false},"author":1,"featured_media":0,"parent":0,"menu_order":0,"comment_status":"closed","ping_status":"closed","template":"","meta":{"footnotes":""},"_links":{"self":[{"href":"https:\/\/synchrotron.org.pl\/index.php?rest_route=\/wp\/v2\/pages\/12132"}],"collection":[{"href":"https:\/\/synchrotron.org.pl\/index.php?rest_route=\/wp\/v2\/pages"}],"about":[{"href":"https:\/\/synchrotron.org.pl\/index.php?rest_route=\/wp\/v2\/types\/page"}],"author":[{"embeddable":true,"href":"https:\/\/synchrotron.org.pl\/index.php?rest_route=\/wp\/v2\/users\/1"}],"replies":[{"embeddable":true,"href":"https:\/\/synchrotron.org.pl\/index.php?rest_route=%2Fwp%2Fv2%2Fcomments&post=12132"}],"version-history":[{"count":1,"href":"https:\/\/synchrotron.org.pl\/index.php?rest_route=\/wp\/v2\/pages\/12132\/revisions"}],"predecessor-version":[{"id":12134,"href":"https:\/\/synchrotron.org.pl\/index.php?rest_route=\/wp\/v2\/pages\/12132\/revisions\/12134"}],"wp:attachment":[{"href":"https:\/\/synchrotron.org.pl\/index.php?rest_route=%2Fwp%2Fv2%2Fmedia&parent=12132"}],"curies":[{"name":"wp","href":"https:\/\/api.w.org\/{rel}","templated":true}]}}