{"id":12158,"date":"2016-05-17T22:40:12","date_gmt":"2016-05-17T22:40:12","guid":{"rendered":"http:\/\/new.synchrotron.org.pl\/www_wordpress\/?page_id=12158"},"modified":"2020-03-25T22:40:32","modified_gmt":"2020-03-25T22:40:32","slug":"reading-room","status":"publish","type":"page","link":"https:\/\/synchrotron.org.pl\/?page_id=12158","title":{"rendered":"Reading room"},"content":{"rendered":"<h3><a href=\"http:\/\/www.biuletyn.agh.edu.pl\/biuletynypdf\/2016_Biuletyn_PDF\/099_03_2016.pdf\">Czy krakowski synchrotron zrewolucjonizuje polsk\u0105 nauk\u0119<\/a><a href=\"http:\/\/www.biuletyn.agh.edu.pl\/biuletynypdf\/2016_Biuletyn_PDF\/099_03_2016.pdf\">?<\/a><\/h3>\n<p><em>J\u00f3zef Korecki, Marek Przybylski, Marek Stankiewicz<\/em><\/p>\n<p>(2016) Biuletyn AGH nr 99,\u00a0<strong>str. 30-34<\/strong>.<\/p>\n<p>&nbsp;<\/p>\n<h3><a href=\"https:\/\/lup.lub.lu.se\/search\/ws\/files\/6110708\/1419183.pdfhttps:\/\/lup.lub.lu.se\/search\/ws\/files\/6110708\/1419183.pdf\">Small science on big machines: Politics and practices of synchrotron radiation laboratories<\/a><\/h3>\n<p><em>Olof Hallonsten<\/em>, (2009) In Lund Studies in Research Policy 1.<\/p>\n<p>&nbsp;<\/p>\n<p>&nbsp;<\/p>\n","protected":false},"excerpt":{"rendered":"<p>Czy krakowski synchrotron zrewolucjonizuje polsk\u0105 nauk\u0119? J\u00f3zef Korecki, Marek Przybylski, Marek Stankiewicz (2016) Biuletyn AGH nr 99,\u00a0str. 30-34. &nbsp; Small science on big machines: Politics and practices of synchrotron radiation laboratories Olof Hallonsten, (2009) In Lund Studies in Research Policy 1. &nbsp; &nbsp;<\/p>\n","protected":false},"author":1,"featured_media":0,"parent":0,"menu_order":0,"comment_status":"closed","ping_status":"closed","template":"","meta":{"footnotes":""},"_links":{"self":[{"href":"https:\/\/synchrotron.org.pl\/index.php?rest_route=\/wp\/v2\/pages\/12158"}],"collection":[{"href":"https:\/\/synchrotron.org.pl\/index.php?rest_route=\/wp\/v2\/pages"}],"about":[{"href":"https:\/\/synchrotron.org.pl\/index.php?rest_route=\/wp\/v2\/types\/page"}],"author":[{"embeddable":true,"href":"https:\/\/synchrotron.org.pl\/index.php?rest_route=\/wp\/v2\/users\/1"}],"replies":[{"embeddable":true,"href":"https:\/\/synchrotron.org.pl\/index.php?rest_route=%2Fwp%2Fv2%2Fcomments&post=12158"}],"version-history":[{"count":1,"href":"https:\/\/synchrotron.org.pl\/index.php?rest_route=\/wp\/v2\/pages\/12158\/revisions"}],"predecessor-version":[{"id":12161,"href":"https:\/\/synchrotron.org.pl\/index.php?rest_route=\/wp\/v2\/pages\/12158\/revisions\/12161"}],"wp:attachment":[{"href":"https:\/\/synchrotron.org.pl\/index.php?rest_route=%2Fwp%2Fv2%2Fmedia&parent=12158"}],"curies":[{"name":"wp","href":"https:\/\/api.w.org\/{rel}","templated":true}]}}