{"id":12182,"date":"2015-07-02T06:05:13","date_gmt":"2015-07-02T06:05:13","guid":{"rendered":"http:\/\/new.synchrotron.org.pl\/www_wordpress\/?page_id=12182"},"modified":"2020-03-26T06:05:30","modified_gmt":"2020-03-26T06:05:30","slug":"i-stala-sie-jasnosc-mamy-pierwsze-swiatlo-w-solaris","status":"publish","type":"page","link":"https:\/\/synchrotron.org.pl\/?page_id=12182","title":{"rendered":"I sta\u0142a si\u0119 jasno\u015b\u0107 !!! Mamy pierwsze \u015bwiat\u0142o w SOLARIS !!!"},"content":{"rendered":"<h3><strong>Z ogromn\u0105 satysfakcj\u0105 informujemy, i\u017c w dniu 19 czerwca 2015, po 5 latach realizacji projektu \u201eNarodowe Centrum Promieniowania Elektromagnetycznego dla Cel\u00f3w Badawczych (etap I)\u201d, <a href=\"http:\/\/www.synchrotron.uj.edu.pl\/aktualnosci?p_p_id=56_INSTANCE_i84TIzLrnyqL&amp;p_p_lifecycle=0&amp;p_p_state=normal&amp;p_p_mode=view&amp;groupId=1457771&amp;articleId=93472791\">z synchrotronu SOLARIS po raz pierwszy za\u015bwieci\u0142o \u015bwiat\u0142o<\/a>. Dysponuj\u0105c zakumulowan\u0105 wi\u0105zk\u0105, b\u0119d\u0105c\u0105 najlepszym narz\u0119dziem diagnostycznym, z optymizmem przyst\u0119pujemy do optymalizacji parametrow pracy synchrotronu. W imieniu Zespo\u0142u SOLARIS dzi\u0119kujemy wszystkim za wsparcie w realizacji projektu i za wsp\u00f3\u0142udzia\u0142 w tym sukcesie.<\/strong><\/h3>\n<h3><\/h3>\n<h3>prof. Marek Stankiewicz, prof. Carlo Bocchetta, dr Adriana Wawrzyniak<\/h3>\n","protected":false},"excerpt":{"rendered":"<p>Z ogromn\u0105 satysfakcj\u0105 informujemy, i\u017c w dniu 19 czerwca 2015, po 5 latach realizacji projektu \u201eNarodowe Centrum Promieniowania Elektromagnetycznego dla Cel\u00f3w Badawczych (etap I)\u201d, z synchrotronu SOLARIS po raz pierwszy za\u015bwieci\u0142o \u015bwiat\u0142o. Dysponuj\u0105c zakumulowan\u0105 wi\u0105zk\u0105, b\u0119d\u0105c\u0105 najlepszym narz\u0119dziem diagnostycznym, z optymizmem przyst\u0119pujemy do optymalizacji parametrow pracy synchrotronu. W imieniu Zespo\u0142u&hellip;<\/p>\n<p> <a class=\"more-link\" href=\"https:\/\/synchrotron.org.pl\/?page_id=12182\">Czytaj dalej<\/a><\/p>\n","protected":false},"author":1,"featured_media":0,"parent":0,"menu_order":0,"comment_status":"closed","ping_status":"closed","template":"","meta":{"footnotes":""},"_links":{"self":[{"href":"https:\/\/synchrotron.org.pl\/index.php?rest_route=\/wp\/v2\/pages\/12182"}],"collection":[{"href":"https:\/\/synchrotron.org.pl\/index.php?rest_route=\/wp\/v2\/pages"}],"about":[{"href":"https:\/\/synchrotron.org.pl\/index.php?rest_route=\/wp\/v2\/types\/page"}],"author":[{"embeddable":true,"href":"https:\/\/synchrotron.org.pl\/index.php?rest_route=\/wp\/v2\/users\/1"}],"replies":[{"embeddable":true,"href":"https:\/\/synchrotron.org.pl\/index.php?rest_route=%2Fwp%2Fv2%2Fcomments&post=12182"}],"version-history":[{"count":1,"href":"https:\/\/synchrotron.org.pl\/index.php?rest_route=\/wp\/v2\/pages\/12182\/revisions"}],"predecessor-version":[{"id":12183,"href":"https:\/\/synchrotron.org.pl\/index.php?rest_route=\/wp\/v2\/pages\/12182\/revisions\/12183"}],"wp:attachment":[{"href":"https:\/\/synchrotron.org.pl\/index.php?rest_route=%2Fwp%2Fv2%2Fmedia&parent=12182"}],"curies":[{"name":"wp","href":"https:\/\/api.w.org\/{rel}","templated":true}]}}