{"id":12596,"date":"2020-04-14T20:35:55","date_gmt":"2020-04-14T20:35:55","guid":{"rendered":"http:\/\/new.synchrotron.org.pl\/www_wordpress\/?page_id=12596"},"modified":"2025-02-01T11:38:55","modified_gmt":"2025-02-01T10:38:55","slug":"linki-organizacje","status":"publish","type":"page","link":"https:\/\/synchrotron.org.pl\/?page_id=12596","title":{"rendered":"Organizacje mi\u0119dzynarodowe"},"content":{"rendered":"<p><a href=\"http:\/\/www.esuo.eu\">ESUO \u2013 European Synchrotron and Free Electron Laser User Organisation<\/a> \u2013 europejska organizacja zrzeszaj\u0105ca u\u017cytkownik\u00f3w promieniowania synchrotronowego i laser\u00f3w na swobodnych elektronach<\/p>\n<p><a href=\"https:\/\/www.leaps-initiative.eu\/\">LEAPS &#8211; the League of European Accelerator-based Photon Sources<\/a>\u00a0\u2013 konsorcjum maj\u0105ce na celu intensyfikacj\u0119 i promowanie bada\u0144 prowadzonych z wykorzystaniem akceleratorowych \u017ar\u00f3de\u0142 promieniowania<\/p>\n<p><a href=\"https:\/\/www.wayforlight.eu\/\" target=\"_blank\" rel=\"noopener\">wayforlight.eu<\/a> \u2013 europejskie \u017ar\u00f3d\u0142a synchrotronowe<\/p>\n<p><a href=\"http:\/\/www.lightsources.org\/cms\/\" target=\"_blank\" rel=\"noopener noreferrer\">lightsources.org<\/a> \u2013 informacje o \u017ar\u00f3d\u0142ach promieniowania synchrotronowego na \u015bwiecie<\/p>\n<p>&nbsp;<\/p>\n","protected":false},"excerpt":{"rendered":"<p>ESUO \u2013 European Synchrotron and Free Electron Laser User Organisation \u2013 europejska organizacja zrzeszaj\u0105ca u\u017cytkownik\u00f3w promieniowania synchrotronowego i laser\u00f3w na swobodnych elektronach LEAPS &#8211; the League of European Accelerator-based Photon Sources\u00a0\u2013 konsorcjum maj\u0105ce na celu intensyfikacj\u0119 i promowanie bada\u0144 prowadzonych z wykorzystaniem akceleratorowych \u017ar\u00f3de\u0142 promieniowania wayforlight.eu \u2013 europejskie \u017ar\u00f3d\u0142a synchrotronowe&hellip;<\/p>\n<p> <a class=\"more-link\" href=\"https:\/\/synchrotron.org.pl\/?page_id=12596\">Czytaj dalej<\/a><\/p>\n","protected":false},"author":1,"featured_media":0,"parent":0,"menu_order":0,"comment_status":"closed","ping_status":"closed","template":"","meta":{"footnotes":""},"_links":{"self":[{"href":"https:\/\/synchrotron.org.pl\/index.php?rest_route=\/wp\/v2\/pages\/12596"}],"collection":[{"href":"https:\/\/synchrotron.org.pl\/index.php?rest_route=\/wp\/v2\/pages"}],"about":[{"href":"https:\/\/synchrotron.org.pl\/index.php?rest_route=\/wp\/v2\/types\/page"}],"author":[{"embeddable":true,"href":"https:\/\/synchrotron.org.pl\/index.php?rest_route=\/wp\/v2\/users\/1"}],"replies":[{"embeddable":true,"href":"https:\/\/synchrotron.org.pl\/index.php?rest_route=%2Fwp%2Fv2%2Fcomments&post=12596"}],"version-history":[{"count":9,"href":"https:\/\/synchrotron.org.pl\/index.php?rest_route=\/wp\/v2\/pages\/12596\/revisions"}],"predecessor-version":[{"id":17449,"href":"https:\/\/synchrotron.org.pl\/index.php?rest_route=\/wp\/v2\/pages\/12596\/revisions\/17449"}],"wp:attachment":[{"href":"https:\/\/synchrotron.org.pl\/index.php?rest_route=%2Fwp%2Fv2%2Fmedia&parent=12596"}],"curies":[{"name":"wp","href":"https:\/\/api.w.org\/{rel}","templated":true}]}}