{"id":12598,"date":"2020-04-14T20:37:41","date_gmt":"2020-04-14T20:37:41","guid":{"rendered":"http:\/\/new.synchrotron.org.pl\/www_wordpress\/?page_id=12598"},"modified":"2025-02-01T13:27:21","modified_gmt":"2025-02-01T12:27:21","slug":"linki-urzadzenia","status":"publish","type":"page","link":"https:\/\/synchrotron.org.pl\/?page_id=12598","title":{"rendered":"\u0179r\u00f3d\u0142a promieniowania synchrotronowego"},"content":{"rendered":"<p><em><strong>wybrane synchrotrony<\/strong><\/em><\/p>\n<p><a href=\"https:\/\/synchrotron.uj.edu.pl\/\" target=\"_blank\" rel=\"noopener\">SOLARIS<\/a> w Krakowie<\/p>\n<p><a href=\"http:\/\/www.esrf.fr\/\" target=\"_blank\" rel=\"noopener\">ESRF<\/a> (Grenoble, Francja)<\/p>\n<p><a href=\"http:\/\/www-hasylab.desy.de\/\" target=\"_blank\" rel=\"noopener\">HASYLAB<\/a> (Hamburg, Niemcy)<\/p>\n<p><a href=\"https:\/\/www.maxiv.lu.se\/\" target=\"_blank\" rel=\"noopener\">MAX IV<\/a> (Lund, Szwecja)<\/p>\n<p><a href=\"https:\/\/www.helmholtz-berlin.de\/forschung\/quellen\/bessy\/index_en.html\" target=\"_blank\" rel=\"noopener\">BESSY<\/a> (Berlin, Niemcy)<\/p>\n<p><a href=\"http:\/\/www.maxlab.lu.se\/\">ELETTRA<\/a> (Trieste, W\u0142ochy)<\/p>\n<p><a href=\"https:\/\/dafne-light.lnf.infn.it\/\" target=\"_blank\" rel=\"noopener\">SOLEIL<\/a> (St. Aubin, Francja)<\/p>\n<p><a href=\"https:\/\/www.cells.es\/en\" target=\"_blank\" rel=\"noopener\">ALBA<\/a> (Barcelona, Hiszpania)<\/p>\n<p><a href=\"https:\/\/www.psi.ch\/en\/sls\" target=\"_blank\" rel=\"noopener\">SLS<\/a> (Villigen, Szwajcaria)<\/p>\n<p><a href=\"https:\/\/www.diamond.ac.uk\" target=\"_blank\" rel=\"noopener\">DIAMOND<\/a> (Didcot, Wielka Brytania)<\/p>\n<p><a href=\"https:\/\/www.isa.au.dk\/facilities\/astrid2\/astrid2.asp\" target=\"_blank\" rel=\"noopener\">ASTRID<\/a> (Aarhus, Dania)<\/p>\n<p><a href=\"https:\/\/dafne-light.lnf.infn.it\/\" target=\"_blank\" rel=\"noopener\">DAFNE<\/a> (Frascati, W\u0142ochy)<\/p>\n<p><a href=\"https:\/\/aries.web.cern.ch\/anka\" target=\"_blank\" rel=\"noopener\">ANKA<\/a> (Karlsruhe, Niemcy)<\/p>\n<p><a href=\"https:\/\/www.pi.uni-bonn.de\/elsa\/en\" target=\"_blank\" rel=\"noopener\">ELSA<\/a> (Bonn, Niemcy)<\/p>\n<p><a href=\"https:\/\/delta.tu-dortmund.de\/en\/?tabindex=1&amp;cHash=85cd47d9f12b67098c13e3dcc6465dda\" target=\"_blank\" rel=\"noopener\">DELTA<\/a> (Dortmund, Niemcy)<\/p>\n<p><a href=\"https:\/\/www.sesame.org.jo\/\" target=\"_blank\" rel=\"noopener\">SESAME<\/a> (Allan, Jordnia)<\/p>\n<p>&nbsp;<\/p>\n<p><em><strong>wybrane lasery na swobodnych elektronach (FEL)<br \/>\n<\/strong><\/em><\/p>\n<p><a href=\"https:\/\/www.ncbj.gov.pl\/projekt\/polfel-10\" target=\"_blank\" rel=\"noopener\">POLFEL 1.0<\/a> w \u015awierku (za\u0142o\u017cenia)<\/p>\n<p><a href=\"https:\/\/www.ncbj.gov.pl\/projekt\/polfel-polski-laser-na-swobodnych-elektronach-faza-11\" target=\"_blank\" rel=\"noopener\">POLFEL 1.1<\/a> w \u015awierku (budowa)<\/p>\n<p><a href=\"https:\/\/www.xfel.eu\/\">European XFEL<\/a> (Hamburg, Niemcy)<\/p>\n<p><a href=\"https:\/\/www.psi.ch\/en\/swissfel\" target=\"_blank\" rel=\"noopener\">SwissFEL<\/a> (Villigen, Szwajcaria)<\/p>\n<p><a href=\"https:\/\/flash.desy.de\/\" target=\"_blank\" rel=\"noopener\">FLASH<\/a> (Hamburg, Niemcy)<\/p>\n<p><a href=\"https:\/\/www.elettra.eu\/lightsources\/fermi.html\" target=\"_blank\" rel=\"noopener\">FERMI<\/a> (Trieste, W\u0142ochy)<\/p>\n<p><a href=\"https:\/\/www.hzdr.de\/db\/Cms?pOid=10234&amp;pNid=471\" target=\"_blank\" rel=\"noopener\">ELBE<\/a> (Drezno, Niemcy)<\/p>\n<p><a href=\"https:\/\/www.ru.nl\/en\/hfml-felix\" target=\"_blank\" rel=\"noopener\">FELIX<\/a> (Nijmegen, Niderlandy)<\/p>\n<p>&nbsp;<\/p>\n<p><a href=\"https:\/\/lightsources.org\/lightsources-of-the-world\/\" target=\"_blank\" rel=\"noopener\"><em><strong>Synchrotronowe \u017ar\u00f3d\u0142a \u015bwiat\u0142a na \u015bwiecie<\/strong><\/em><\/a><\/p>\n","protected":false},"excerpt":{"rendered":"<p>wybrane synchrotrony SOLARIS w Krakowie ESRF (Grenoble, Francja) HASYLAB (Hamburg, Niemcy) MAX IV (Lund, Szwecja) BESSY (Berlin, Niemcy) ELETTRA (Trieste, W\u0142ochy) SOLEIL (St. Aubin, Francja) ALBA (Barcelona, Hiszpania) SLS (Villigen, Szwajcaria) DIAMOND (Didcot, Wielka Brytania) ASTRID (Aarhus, Dania) DAFNE (Frascati, W\u0142ochy) ANKA (Karlsruhe, Niemcy) ELSA (Bonn, Niemcy) DELTA (Dortmund, Niemcy)&hellip;<\/p>\n<p> <a class=\"more-link\" href=\"https:\/\/synchrotron.org.pl\/?page_id=12598\">Czytaj dalej<\/a><\/p>\n","protected":false},"author":1,"featured_media":0,"parent":0,"menu_order":0,"comment_status":"closed","ping_status":"closed","template":"","meta":{"footnotes":""},"_links":{"self":[{"href":"https:\/\/synchrotron.org.pl\/index.php?rest_route=\/wp\/v2\/pages\/12598"}],"collection":[{"href":"https:\/\/synchrotron.org.pl\/index.php?rest_route=\/wp\/v2\/pages"}],"about":[{"href":"https:\/\/synchrotron.org.pl\/index.php?rest_route=\/wp\/v2\/types\/page"}],"author":[{"embeddable":true,"href":"https:\/\/synchrotron.org.pl\/index.php?rest_route=\/wp\/v2\/users\/1"}],"replies":[{"embeddable":true,"href":"https:\/\/synchrotron.org.pl\/index.php?rest_route=%2Fwp%2Fv2%2Fcomments&post=12598"}],"version-history":[{"count":8,"href":"https:\/\/synchrotron.org.pl\/index.php?rest_route=\/wp\/v2\/pages\/12598\/revisions"}],"predecessor-version":[{"id":17490,"href":"https:\/\/synchrotron.org.pl\/index.php?rest_route=\/wp\/v2\/pages\/12598\/revisions\/17490"}],"wp:attachment":[{"href":"https:\/\/synchrotron.org.pl\/index.php?rest_route=%2Fwp%2Fv2%2Fmedia&parent=12598"}],"curies":[{"name":"wp","href":"https:\/\/api.w.org\/{rel}","templated":true}]}}