{"id":12600,"date":"2020-04-14T20:39:16","date_gmt":"2020-04-14T20:39:16","guid":{"rendered":"http:\/\/new.synchrotron.org.pl\/www_wordpress\/?page_id=12600"},"modified":"2020-06-18T18:39:14","modified_gmt":"2020-06-18T18:39:14","slug":"linki-oprogramowanie","status":"publish","type":"page","link":"https:\/\/synchrotron.org.pl\/?page_id=12600","title":{"rendered":"Oprogramowanie"},"content":{"rendered":"<p><a href=\"http:\/\/xdb.lbl.gov\/\" target=\"_blank\" rel=\"noopener noreferrer\">X-RAY DATA BOOKLET<\/a><\/p>\n<p><a href=\"http:\/\/bruceravel.github.io\/demeter\/\" target=\"_blank\" rel=\"noopener noreferrer\">Demeter<\/a>\u00a0strona g\u0142\u00f3wna programu do analizy EXAFS<\/p>\n<p><a href=\"http:\/\/feffproject.org\/feffproject-feff.html\" target=\"_blank\" rel=\"noopener noreferrer\">FEFF<\/a>\u00a0strona programu FEFF s\u0142u\u017c\u0105cego do analizy widm XANES<\/p>\n","protected":false},"excerpt":{"rendered":"<p>X-RAY DATA BOOKLET Demeter\u00a0strona g\u0142\u00f3wna programu do analizy EXAFS FEFF\u00a0strona programu FEFF s\u0142u\u017c\u0105cego do analizy widm XANES<\/p>\n","protected":false},"author":1,"featured_media":0,"parent":0,"menu_order":0,"comment_status":"closed","ping_status":"closed","template":"","meta":{"footnotes":""},"_links":{"self":[{"href":"https:\/\/synchrotron.org.pl\/index.php?rest_route=\/wp\/v2\/pages\/12600"}],"collection":[{"href":"https:\/\/synchrotron.org.pl\/index.php?rest_route=\/wp\/v2\/pages"}],"about":[{"href":"https:\/\/synchrotron.org.pl\/index.php?rest_route=\/wp\/v2\/types\/page"}],"author":[{"embeddable":true,"href":"https:\/\/synchrotron.org.pl\/index.php?rest_route=\/wp\/v2\/users\/1"}],"replies":[{"embeddable":true,"href":"https:\/\/synchrotron.org.pl\/index.php?rest_route=%2Fwp%2Fv2%2Fcomments&post=12600"}],"version-history":[{"count":2,"href":"https:\/\/synchrotron.org.pl\/index.php?rest_route=\/wp\/v2\/pages\/12600\/revisions"}],"predecessor-version":[{"id":13984,"href":"https:\/\/synchrotron.org.pl\/index.php?rest_route=\/wp\/v2\/pages\/12600\/revisions\/13984"}],"wp:attachment":[{"href":"https:\/\/synchrotron.org.pl\/index.php?rest_route=%2Fwp%2Fv2%2Fmedia&parent=12600"}],"curies":[{"name":"wp","href":"https:\/\/api.w.org\/{rel}","templated":true}]}}