{"id":13787,"date":"2020-06-10T11:03:10","date_gmt":"2020-06-10T11:03:10","guid":{"rendered":"http:\/\/new.synchrotron.org.pl\/www_wordpress\/?page_id=13787"},"modified":"2020-06-10T11:03:10","modified_gmt":"2020-06-10T11:03:10","slug":"o-synchrotronie","status":"publish","type":"page","link":"https:\/\/synchrotron.org.pl\/?page_id=13787","title":{"rendered":"O synchrotronie"},"content":{"rendered":"<p>B.A. Or\u0142owski, \u201e60-ta rocznica pierwszej obserwacji promieniowania synchrotronowego\u201d, <em>Synchrotron Radiation in Natural Science<\/em> 5(3) (2006) 142-144.<\/p>\n<p><a href=\"http:\/\/www.synchrotron.org.pl\/publ\/biulet\/vo053\/142-Orlowski.pdf\">http:\/\/www.synchrotron.org.pl\/publ\/biulet\/vo053\/142-Orlowski.pdf<\/a><\/p>\n<p>&nbsp;<\/p>\n<ol start=\"167\">\n<li>Kisiel, \u201eSynchrotron jako narz\u0119dzie zastosowania promieniowania synchrotronowego w spektroskopii cia\u0142a sta\u0142ego\u201d, <em>Synchrotron Radiation in Natural Science<\/em> 5(3) (2006) 145-167.<\/li>\n<\/ol>\n<p><a href=\"http:\/\/www.synchrotron.org.pl\/publ\/biulet\/vo053\/145-Kisiel.pdf\">http:\/\/www.synchrotron.org.pl\/publ\/biulet\/vo053\/145-Kisiel.pdf<\/a><\/p>\n<p>&nbsp;<\/p>\n<ol start=\"183\">\n<li>Sobierajski, K. Lawniczak-Jablonska, \u201eNowe \u015bwiat\u0142o dla nauki: europejski rentgenowski laser na swobodnych elektronach\u201d, <em>Synchrotron Radiation in Natural Science<\/em> 5(3) (2006) 176-183.<\/li>\n<\/ol>\n","protected":false},"excerpt":{"rendered":"<p>B.A. Or\u0142owski, \u201e60-ta rocznica pierwszej obserwacji promieniowania synchrotronowego\u201d, Synchrotron Radiation in Natural Science 5(3) (2006) 142-144. http:\/\/www.synchrotron.org.pl\/publ\/biulet\/vo053\/142-Orlowski.pdf &nbsp; Kisiel, \u201eSynchrotron jako narz\u0119dzie zastosowania promieniowania synchrotronowego w spektroskopii cia\u0142a sta\u0142ego\u201d, Synchrotron Radiation in Natural Science 5(3) (2006) 145-167. http:\/\/www.synchrotron.org.pl\/publ\/biulet\/vo053\/145-Kisiel.pdf &nbsp; Sobierajski, K. Lawniczak-Jablonska, \u201eNowe \u015bwiat\u0142o dla nauki: europejski rentgenowski laser na&hellip;<\/p>\n<p> <a class=\"more-link\" href=\"https:\/\/synchrotron.org.pl\/?page_id=13787\">Czytaj dalej<\/a><\/p>\n","protected":false},"author":1,"featured_media":0,"parent":0,"menu_order":0,"comment_status":"closed","ping_status":"closed","template":"","meta":{"footnotes":""},"_links":{"self":[{"href":"https:\/\/synchrotron.org.pl\/index.php?rest_route=\/wp\/v2\/pages\/13787"}],"collection":[{"href":"https:\/\/synchrotron.org.pl\/index.php?rest_route=\/wp\/v2\/pages"}],"about":[{"href":"https:\/\/synchrotron.org.pl\/index.php?rest_route=\/wp\/v2\/types\/page"}],"author":[{"embeddable":true,"href":"https:\/\/synchrotron.org.pl\/index.php?rest_route=\/wp\/v2\/users\/1"}],"replies":[{"embeddable":true,"href":"https:\/\/synchrotron.org.pl\/index.php?rest_route=%2Fwp%2Fv2%2Fcomments&post=13787"}],"version-history":[{"count":1,"href":"https:\/\/synchrotron.org.pl\/index.php?rest_route=\/wp\/v2\/pages\/13787\/revisions"}],"predecessor-version":[{"id":13788,"href":"https:\/\/synchrotron.org.pl\/index.php?rest_route=\/wp\/v2\/pages\/13787\/revisions\/13788"}],"wp:attachment":[{"href":"https:\/\/synchrotron.org.pl\/index.php?rest_route=%2Fwp%2Fv2%2Fmedia&parent=13787"}],"curies":[{"name":"wp","href":"https:\/\/api.w.org\/{rel}","templated":true}]}}