{"id":14007,"date":"2025-10-09T14:30:20","date_gmt":"2025-10-09T13:30:20","guid":{"rendered":"http:\/\/new.synchrotron.org.pl\/www_wordpress\/?page_id=14007"},"modified":"2025-10-08T22:09:49","modified_gmt":"2025-10-08T21:09:49","slug":"na-zawsze-pozostana-w-naszej-pamieci","status":"publish","type":"page","link":"https:\/\/synchrotron.org.pl\/?page_id=14007","title":{"rendered":"Na zawsze pozostan\u0105 w naszej pami\u0119ci"},"content":{"rendered":"<p><a href=\"http:\/\/www.synchrotron.org.pl\/publ\/izba\/ProfesorJA_2.pdf\">Julian Jan Auleytner <em>in memoriam<\/em><\/a><\/p>\n<p><a href=\"http:\/\/www.synchrotron.org.pl\/publ\/izba\/czas.pdf\">Czas ucieka &#8211; wieczno\u015b\u0107 czeka !!! \u2013 wspomnienie o Jacku Grochowskim<\/a><\/p>\n<p><a href=\"https:\/\/synchrotron.org.pl\/wp-content\/uploads\/2023\/12\/wspomnienie_JSzade.pdf\">Jacek Szade &#8211; wspomnienie<\/a><\/p>\n<p><a href=\"https:\/\/synchrotron.org.pl\/?page_id=15797\">Po\u017cegnanie Wojtka Wierzchowskiego<\/a><\/p>\n<p><a href=\"https:\/\/synchrotron.org.pl\/?page_id=15799\">Odesz\u0142a Maria Lefeld-Sosnowska<\/a><\/p>\n<p><a href=\"https:\/\/synchrotron.org.pl\/wp-content\/uploads\/2025\/05\/Wspomnienie_ElzbietaDynowska_KJ.pdf\" target=\"_blank\" rel=\"noopener\">El\u017cbieta Dynowska &#8211; wspomnienie<\/a><\/p>\n<p><a href=\"https:\/\/synchrotron.org.pl\/wp-content\/uploads\/2025\/10\/Wojtek-wspomnienie-KJ.pdf\" target=\"_blank\" rel=\"noopener\">Wojciech Paszkowicz &#8211; wspomnienie<\/a><\/p>\n","protected":false},"excerpt":{"rendered":"<p>Julian Jan Auleytner in memoriam Czas ucieka &#8211; wieczno\u015b\u0107 czeka !!! \u2013 wspomnienie o Jacku Grochowskim Jacek Szade &#8211; wspomnienie Po\u017cegnanie Wojtka Wierzchowskiego Odesz\u0142a Maria Lefeld-Sosnowska El\u017cbieta Dynowska &#8211; wspomnienie Wojciech Paszkowicz &#8211; wspomnienie<\/p>\n","protected":false},"author":1,"featured_media":0,"parent":0,"menu_order":0,"comment_status":"closed","ping_status":"closed","template":"","meta":{"footnotes":""},"_links":{"self":[{"href":"https:\/\/synchrotron.org.pl\/index.php?rest_route=\/wp\/v2\/pages\/14007"}],"collection":[{"href":"https:\/\/synchrotron.org.pl\/index.php?rest_route=\/wp\/v2\/pages"}],"about":[{"href":"https:\/\/synchrotron.org.pl\/index.php?rest_route=\/wp\/v2\/types\/page"}],"author":[{"embeddable":true,"href":"https:\/\/synchrotron.org.pl\/index.php?rest_route=\/wp\/v2\/users\/1"}],"replies":[{"embeddable":true,"href":"https:\/\/synchrotron.org.pl\/index.php?rest_route=%2Fwp%2Fv2%2Fcomments&post=14007"}],"version-history":[{"count":13,"href":"https:\/\/synchrotron.org.pl\/index.php?rest_route=\/wp\/v2\/pages\/14007\/revisions"}],"predecessor-version":[{"id":17613,"href":"https:\/\/synchrotron.org.pl\/index.php?rest_route=\/wp\/v2\/pages\/14007\/revisions\/17613"}],"wp:attachment":[{"href":"https:\/\/synchrotron.org.pl\/index.php?rest_route=%2Fwp%2Fv2%2Fmedia&parent=14007"}],"curies":[{"name":"wp","href":"https:\/\/api.w.org\/{rel}","templated":true}]}}