{"id":15109,"date":"2020-07-30T13:57:50","date_gmt":"2020-07-30T13:57:50","guid":{"rendered":"http:\/\/new.synchrotron.org.pl\/www_wordpress\/?page_id=15109"},"modified":"2020-07-30T14:01:48","modified_gmt":"2020-07-30T14:01:48","slug":"about-the-synchrotron","status":"publish","type":"page","link":"https:\/\/synchrotron.org.pl\/?page_id=15109&lang=en","title":{"rendered":"About the synchrotron"},"content":{"rendered":"<p>B.A. Or\u0142owski, \u201e60-ta rocznica pierwszej obserwacji promieniowania synchrotronowego\u201d, <em>Synchrotron Radiation in Natural Science<\/em> 5(3) (2006) 142-144.<\/p>\n<p><a href=\"http:\/\/www.synchrotron.org.pl\/publ\/biulet\/vo053\/142-Orlowski.pdf\">http:\/\/www.synchrotron.org.pl\/publ\/biulet\/vo053\/142-Orlowski.pdf<\/a> \u00a0 \u00a0 \u00a0 (PL)<\/p>\n<p>&nbsp;<\/p>\n<p>Kisiel, \u201eSynchrotron jako narz\u0119dzie zastosowania promieniowania synchrotronowego w spektroskopii cia\u0142a sta\u0142ego\u201d, <em>Synchrotron Radiation in Natural Science<\/em> 5(3) (2006) 145-167.<\/p>\n<p><a href=\"http:\/\/www.synchrotron.org.pl\/publ\/biulet\/vo053\/145-Kisiel.pdf\">http:\/\/www.synchrotron.org.pl\/publ\/biulet\/vo053\/145-Kisiel.pdf<\/a> \u00a0 \u00a0 \u00a0 (PL)<\/p>\n<p>&nbsp;<\/p>\n<p>Sobierajski, K. Lawniczak-Jablonska, \u201eNowe \u015bwiat\u0142o dla nauki: europejski rentgenowski laser na swobodnych elektronach\u201d, <em>Synchrotron Radiation in Natural Science<\/em> 5(3) (2007) 176-183.<\/p>\n<p><a href=\"http:\/\/www.synchrotron.org.pl\/publ\/biulet\/vo053\/176-Sobierajski.pdf\">http:\/\/www.synchrotron.org.pl\/publ\/biulet\/vo053\/176-Sobierajski.pdf<\/a> \u00a0 \u00a0 \u00a0 (PL)<\/p>\n","protected":false},"excerpt":{"rendered":"<p>B.A. Or\u0142owski, \u201e60-ta rocznica pierwszej obserwacji promieniowania synchrotronowego\u201d, Synchrotron Radiation in Natural Science 5(3) (2006) 142-144. http:\/\/www.synchrotron.org.pl\/publ\/biulet\/vo053\/142-Orlowski.pdf \u00a0 \u00a0 \u00a0 (PL) &nbsp; Kisiel, \u201eSynchrotron jako narz\u0119dzie zastosowania promieniowania synchrotronowego w spektroskopii cia\u0142a sta\u0142ego\u201d, Synchrotron Radiation in Natural Science 5(3) (2006) 145-167. http:\/\/www.synchrotron.org.pl\/publ\/biulet\/vo053\/145-Kisiel.pdf \u00a0 \u00a0 \u00a0 (PL) &nbsp; Sobierajski, K. Lawniczak-Jablonska,&hellip;<\/p>\n<p> <a class=\"more-link\" href=\"https:\/\/synchrotron.org.pl\/?page_id=15109&#038;lang=en\">Czytaj dalej<\/a><\/p>\n","protected":false},"author":1,"featured_media":0,"parent":0,"menu_order":0,"comment_status":"closed","ping_status":"closed","template":"","meta":{"footnotes":""},"_links":{"self":[{"href":"https:\/\/synchrotron.org.pl\/index.php?rest_route=\/wp\/v2\/pages\/15109"}],"collection":[{"href":"https:\/\/synchrotron.org.pl\/index.php?rest_route=\/wp\/v2\/pages"}],"about":[{"href":"https:\/\/synchrotron.org.pl\/index.php?rest_route=\/wp\/v2\/types\/page"}],"author":[{"embeddable":true,"href":"https:\/\/synchrotron.org.pl\/index.php?rest_route=\/wp\/v2\/users\/1"}],"replies":[{"embeddable":true,"href":"https:\/\/synchrotron.org.pl\/index.php?rest_route=%2Fwp%2Fv2%2Fcomments&post=15109"}],"version-history":[{"count":3,"href":"https:\/\/synchrotron.org.pl\/index.php?rest_route=\/wp\/v2\/pages\/15109\/revisions"}],"predecessor-version":[{"id":15113,"href":"https:\/\/synchrotron.org.pl\/index.php?rest_route=\/wp\/v2\/pages\/15109\/revisions\/15113"}],"wp:attachment":[{"href":"https:\/\/synchrotron.org.pl\/index.php?rest_route=%2Fwp%2Fv2%2Fmedia&parent=15109"}],"curies":[{"name":"wp","href":"https:\/\/api.w.org\/{rel}","templated":true}]}}