{"id":15163,"date":"2020-07-30T19:30:53","date_gmt":"2020-07-30T19:30:53","guid":{"rendered":"http:\/\/new.synchrotron.org.pl\/www_wordpress\/?page_id=15163"},"modified":"2020-08-02T11:08:30","modified_gmt":"2020-08-02T11:08:30","slug":"synchrotron-in-polish-the-media","status":"publish","type":"page","link":"https:\/\/synchrotron.org.pl\/?page_id=15163&lang=en","title":{"rendered":"Synchrotron in Polish media"},"content":{"rendered":"<h2><\/h2>\n<p><span class=\"data\">10.02.2020\u00a0<a href=\"https:\/\/nanonet.pl\/centrum-solaris-czlonkiem-slaskiego-klastra-nano\/\">Centrum SOLARIS cz\u0142onkiem \u015al\u0105skiego Klastra NANO i mecenasem Fundacji Nanonet<\/a>\u00a0&#8211; informacja na portalu Nanonet<\/span><\/p>\n<p><span class=\"data\">09.09.2019\u00a0<a href=\"http:\/\/naukawpolsce.pap.pl\/aktualnosci\/news%2C78440%2Cw-polsce-dzialaja-juz-dwa-pierwsze-kriomikroskopy-elektronowe.html\">W Polsce dzia\u0142aj\u0105 ju\u017c dwa pierwsze kriomikroskopy elektronowe<\/a>\u00a0&#8211; PAP &#8211; Nauka w Polsce<\/span><\/p>\n<p><span class=\"data\">03.09.2019\u00a0<a href=\"https:\/\/kopalniawiedzy.pl\/Narodowe-Centrum-Promieniowania-Synchrotronowego-SOLARIS-kriomikroskop-elektronowy,30658\">W centrum Solaris mo\u017cna korzysta\u0107 z zaawansowanego kriomikroskopu elektronowego<\/a>\u00a0&#8211; informacja na portalu KopalniaWiedzy.pl<\/span><\/p>\n<p><span class=\"data\">27.02.2019\u00a0<a href=\"https:\/\/www.rdc.pl\/podcast\/z-innej-planety-promieniowanie-synchrotronowe\/\">Z innej planety: promieniowanie synchrotronowe<\/a>\u00a0&#8211; Polskie Radio RDC<\/span><\/p>\n<p><span class=\"data\">18.02.2019\u00a0<a href=\"http:\/\/naukawpolsce.pap.pl\/aktualnosci\/news%2C32892%2Crusza-nowy-nabor-wnioskow-o-czas-badawczy-na-synchrotronie-solaris.html\">Rusza nowy nab\u00f3r wniosk\u00f3w o czas badawczy na synchrotronie SOLARIS<\/a>\u00a0&#8211;\u00a0<\/span><span class=\"data\">PAP &#8211; Nauka w Polsce<\/span><\/p>\n<p><span class=\"data\">11.01.2019\u00a0<a href=\"http:\/\/krakow.wyborcza.pl\/krakow\/7,44425,24348905,synchrotron-solaris-poznaj-najpotezniejsze-urzadzenie-badawcze.html?disableRedirects=true\">Synchrotron Solaris. Poznaj najpot\u0119\u017cniejsze urz\u0105dzenie badawcze w tej cz\u0119\u015bci Europy<\/a>\u00a0&#8211; artyku\u0142 na portalu wyborcza.pl<\/span><\/p>\n<p><span class=\"data\">08.11.2018\u00a0<a href=\"https:\/\/whatnext.pl\/naukowcy-uzywaja-metamaterialu-aby-stworzyc-niewielki-synchrotron\/\">Naukowcy u\u017cywaj\u0105 metamateria\u0142u aby stworzy\u0107 niewielki synchrotron<\/a>\u00a0&#8211; informacja na portalu WhatNext<\/span><\/p>\n<p><span class=\"data\">05.11.2018\u00a0<a href=\"https:\/\/www.tvp.info\/39807512\/kriomikroskop-elektronowy-wzmocni-naukowcow-ma-pomoc-w-walce-o-zdrowie-polakow\">Kriomikroskop elektronowy wzmocni naukowc\u00f3w. Ma pom\u00f3c w walce o zdrowie Polak\u00f3w<\/a>\u00a0&#8211; informacja w TVP INFO<\/span><\/p>\n<p><span class=\"data\">05.11.2018\u00a0<a href=\"http:\/\/naukawpolsce.pap.pl\/aktualnosci\/news%2C31652%2Cnowoczesny-kriomikroskop-elektronowy-trafi-do-synchrotronu-solaris.html\">Nowoczesny kriomikroskop elektronowy trafi do Synchrotronu SOLARIS<\/a>\u00a0&#8211;\u00a0<\/span><span class=\"data\">PAP &#8211; Nauka w Polsce<\/span><\/p>\n<p><span class=\"data\">05.11.2018\u00a0<a href=\"https:\/\/www.gov.pl\/web\/nauka\/nauka-w-polsce\">Kriomikroskopia elektronowa \u2013 rewolucyjna technologia badawcza w synchrotronie SOLARIS!<\/a>\u00a0&#8211; gov.pl &#8211; Serwis polskiego rz\u0105du<\/span><\/p>\n<p><span class=\"data\">05.11.2018\u00a0<a href=\"https:\/\/forumakademickie.pl\/news\/publikacyjne-sukcesy-fizyka-z-uwb\/\">Publikacyjne sukcesy fizyka z UwB<\/a>\u00a0&#8211; informacja o osi\u0105gni\u0119ciu nagrodzonym nagrod\u0105 PTPS na portalu Forum Akademickie UwB<\/span><\/p>\n<p><span class=\"data\">19.10.2018\u00a0<a href=\"https:\/\/bia24.pl\/kategorie\/wiadomosci\/publikacyjne-sukcesy-fizyka-z-uniwersytetu-w-bia%C5%82ymstoku.html\">Publikacyjne sukcesy fizyka z Uniwersytetu w Bia\u0142ymstoku<\/a>\u00a0&#8211; informacja na portalu bia24<\/span><\/p>\n<p><span class=\"data\">10.10.2018\u00a0<a href=\"https:\/\/evertiq.pl\/news\/22296\">Ruszy\u0142y badania w polskim synchrotronie Solaris<\/a>\u00a0&#8211; informacja na portalu evertiq.pl<\/span><\/p>\n<p><span class=\"data\">10.07.2018\u00a0<a href=\"http:\/\/naukawpolsce.pap.pl\/aktualnosci\/news%2C30198%2Cpowstajacy-w-swierku-laser-na-swobodnych-elektronach-z-dofinansowaniem-ue\">Powstaj\u0105cy w \u015awierku laser na swobodnych elektronach z dofinansowaniem UE<\/a>\u00a0&#8211; PAP &#8211; Nauka w Polsce<\/span><\/p>\n<p><span class=\"data\">16.05.2018\u00a0<a href=\"http:\/\/kopalniawiedzy.pl\/woda-laser-promienie-X-promienie-rentgenowskie,28195\">LCLS jako czajnik<\/a>\u00a0&#8211; artyku\u0142 na portalu KopalniaWiedzy.pl<\/span><\/p>\n<p><span class=\"data\">06.04.2018\u00a0<a href=\"https:\/\/www.pfizerpro.com.pl\/news\/narodowe-centrum-promieniowania-synchrotronowego\">Narodowe Centrum Promieniowania Synchrotronowego<\/a>\u00a0&#8211; informacja na portalu Pfizer dla profesjonalist\u00f3w (potencjalne zastosowania synchrotronu w medycynie).<\/span><\/p>\n<p><span class=\"data\">02.09.2017\u00a0<a href=\"http:\/\/wyborcza.pl\/7,75400,22312104,potezny-laser-na-promienie-x-juz-strzela-pod-hamburgiem-to.html\">Pot\u0119\u017cny laser na promienie X odpalony pod Hamburgiem<\/a>\u00a0&#8211;\u00a0<span class=\"text-source\"><span class=\"text\">informacja na portalu\u00a0wyborcza<\/span><\/span>.pl<\/span><\/p>\n<p><span class=\"data\">02.09.2017\u00a0<a href=\"http:\/\/naukawpolsce.pap.pl\/aktualnosci\/news,459531,w-hamburgu-uruchomiono-laser-na-swobodnych-elektronach-european-xfel.html\">W Hamburgu uruchomiono laser na swobodnych elektronach European XFEL<\/a>\u00a0&#8211;\u00a0PAP &#8211; Nauka w Polsce<\/span><\/p>\n<p><span class=\"data\">28.07.2017\u00a0<a href=\"http:\/\/krakow.wyborcza.pl\/krakow\/7,44425,22162916,miasto-w-ktorym-przyspieszaja-elektrony-nauka-po-krakowsku.html\">Miasto, w kt\u00f3rym przyspieszaj\u0105 elektrony. &#8220;Nauka po krakowsku&#8221; &#8211; cz. 5<\/a>\u00a0&#8211; artyku\u0142 w Gazecie Wyborczej<\/span><\/p>\n<p><span class=\"data\">05.05.2017\u00a0<a href=\"http:\/\/kopalniawiedzy.pl\/European-XFEL-laser-promienie-X-promieniowanie-rentgenowskie,26373\">European XFEL wygenerowa\u0142 pierwsze \u015bwiat\u0142o<\/a>\u00a0&#8211; artyku\u0142 na portalu Kopalnia Wiedzy<\/span><\/p>\n<p><span class=\"data\">16.02.2017\u00a0<a href=\"http:\/\/gazeta.us.edu.pl\/node\/419073\">Promieniowanie na wag\u0119 z\u0142ota<\/a><\/span>\u00a0&#8211; artyku\u0142 w Gazecie Uniwersyteckiej U\u015a<\/p>\n<p><span class=\"data\">08.02.2017\u00a0<a href=\"http:\/\/www.rmf24.pl\/nauka\/news-solaris-zaprosi-naukowcow-pol-roku-pozniej,nId,2349564\">SOLARIS zaprosi naukowc\u00f3w p\u00f3\u0142 roku p\u00f3\u017aniej<\/a>\u00a0&#8211; informacja na portalu RMF 24<\/span><\/p>\n<p><span class=\"data\">06.12.2016\u00a0<a href=\"http:\/\/naukawpolsce.pap.pl\/aktualnosci\/news,412271,w-2017-r-rusza-badania-w-solarisie--sloncu-na-ziemi.html\">W 2017 r. rusz\u0105 badania w Solarisie \u2013 \u201es\u0142o\u0144cu na ziemi\u201d<\/a>\u00a0&#8211;\u00a0PAP &#8211; Nauka w Polsce<\/span><\/p>\n<p><span class=\"data\">05.12.2016\u00a0<a href=\"http:\/\/krakow.wyborcza.pl\/krakow\/1,44425,21073789,nowoczesny-synchrotron-solaris-ulatwi-skomplikowanie-pomiary.html\">Nowoczesny synchrotron Solaris u\u0142atwi skomplikowanie pomiary<\/a>\u00a0&#8211;\u00a0<\/span><span class=\"text-source\"><span class=\"text\">informacja na portalu wyborcza<\/span><\/span>.pl<\/p>\n<p><span class=\"data\">12.09.2016\u00a0<a href=\"http:\/\/www.infolinia.com\/wizyta-polskich-fizykow-solaris-w-chicago\">Wizyta polskich fizyk\u00f3w SOLARIS w Chicago<\/a>\u00a0&#8211; informacja na portalu Infolinia Chicago<\/span><\/p>\n<p><span class=\"data\">04.06.2016\u00a0<a href=\"http:\/\/naukawpolsce.pap.pl\/aktualnosci\/news,409952,synchrotron-solaris-zapelnia-sie-liniami-badawczymi.html\">Synchrotron SOLARIS zape\u0142nia si\u0119 liniami badawczymi<\/a>\u00a0&#8211;\u00a0<\/span><span class=\"data\">PAP &#8211; Nauka w Polsce<\/span><\/p>\n<p><span class=\"data\">10.04.2016\u00a0<a href=\"http:\/\/kielce.wyborcza.pl\/kielce\/1,115198,19888212,wielki-powrot-kieleckiego-fizyka-teraz-to-juz-klasa-swiatowa.html?disableRedirects=true\">Wielki powr\u00f3t kieleckiego fizyka<\/a>\u00a0&#8211; wywiad z Jakubem Szlachetko zamieszczony<span class=\"text-source\"><span class=\"text\">\u00a0na portalu\u00a0<\/span><\/span>Gazeta.pl<\/span><\/p>\n<p><span class=\"data\">03.03.2016\u00a0<a href=\"http:\/\/krakow.wyborcza.pl\/krakow\/1,44425,19712082,wspolna-linia-badawcza-uj-agh-i-pan-w-centrum-synchrotronowym.html\">Wsp\u00f3lna linia badawcza UJ, AGH i PAN w centrum synchrotronowym<\/a>\u00a0&#8211;\u00a0<\/span><span class=\"text-source\"><span class=\"text\">informacja na portalu\u00a0<\/span><\/span>Gazeta.pl<\/p>\n<p><span class=\"data\">03.03.2016\u00a0<a href=\"http:\/\/naukawpolsce.pap.pl\/aktualnosci\/news,408648,uj-agh-i-pan-chca-wspolnie-rewolucjonizowac-wspolczesna-elektronike.html\">UJ, AGH i PAN chc\u0105 wsp\u00f3lnie rewolucjonizowa\u0107 wsp\u00f3\u0142czesn\u0105 elektronik\u0119<\/a>\u00a0PAP &#8211; Nauka w Polsce<\/span><\/p>\n<p><span class=\"data\">14.01.2016\u00a0<a href=\"http:\/\/www.dziennikpolski24.pl\/artykul\/9290392,synchrotron-dla-naukowcow-i-studentow-politechniki-krakowskiej,id,t.html\">Synchrotron dla naukowc\u00f3w i student\u00f3w Politechniki Krakowskiej<\/a>\u00a0informacja w Dzienniku Polskim<\/span><\/p>\n<p><span class=\"data\">22.12.2015\u00a0<a href=\"http:\/\/wiadomosci.onet.pl\/warszawa\/resort-nauki-trwaja-intensywne-prace-by-wesprzec-synchrotron-solaris\/2fh8qe\">Resort nauki: trwaj\u0105 intensywne prace, by wesprze\u0107 synchrotron SOLARIS<\/a>\u00a0informacja na portalu\u00a0Onet<\/span><\/p>\n<p><span class=\"data\">01.10.2015\u00a0<a href=\"https:\/\/polskatimes.pl\/synchrotron-maszyna-do-spelniania-pragnien-i-fantazji-naszych-uczonych\/ar\/8962497\">Synchrotron, maszyna do spe\u0142niania pragnie\u0144 i fantazji naszych uczonych<\/a>\u00a0wywiad z prof. M. Stankiewiczem w Polska+<\/span><\/p>\n<p><span class=\"data\">22.09.2015\u00a0<a href=\"http:\/\/krakow.wyborcza.pl\/krakow\/1,44425,18866738,synchrotron-solaris-w-krakowie-to-jest-droga-do-nobla.html\">Najnowocze\u015bniejszy synchrotron w Krakowie. To jest droga do Nobla!<\/a>\u00a0artyku\u0142 w wyborcza.pl<\/span><\/p>\n<p><span class=\"data\">21.09.2015\u00a0<a href=\"http:\/\/www.polskieradio.pl\/23\/267\/Artykul\/1507740,Krakowski-synchrotron-juz-dziala\">Krakowski synchrotron ju\u017c dzia\u0142a<\/a>\u00a0Polskie Radio<\/span><\/p>\n<p><span class=\"data\">17.03.2015\u00a0<a href=\"http:\/\/krakow.tvp.pl\/19292417\/synchrotron-na-uj-trwa-montaz-stanowiska-badawczego\">Synchrotron na UJ. Trwa monta\u017c stanowiska badawczego<\/a>\u00a0relacja telewizyjna z uk\u0142adania p\u0142yt betonowych przykrywaj\u0105cych tunel pier\u015bcienia akumulacyjnego synchrotronu SOLARIS (Kronika TVP Krak\u00f3w)\u00a0<\/span><\/p>\n<p><span class=\"data\">18.02.2015\u00a0<\/span><a href=\"http:\/\/www.naukawpolsce.pap.pl\/aktualnosci\/news,403859,w-solarisie-elektrony-nabieraja-juz-rozpedu.html\">W Solarisie elektrony nabieraj\u0105 ju\u017c rozp\u0119du<\/a>\u00a0informacja PAP w serwisie Nauka w Polsce<\/p>\n<p>12.12.2014\u00a0<a href=\"http:\/\/www.naukawpolsce.pap.pl\/aktualnosci\/news,403034,liniowy-akcelerator-z-elektronowym-dzialem-wkrotce-zadziala-na-uj.html\">Liniowy akcelerator z elektronowym dzia\u0142em wkr\u00f3tce zadzia\u0142a na UJ<\/a>\u00a0\u00a0informacja PAP w serwisie Nauka w Polsce<\/p>\n<p>21.10.2014\u00a0<a href=\"http:\/\/forsal.pl\/galerie\/829983,duze-zdjecie,1,najnowoczesniejszy-synchrotron-w-europie-srodkowo-wschodniej-jest-w-polsce-zdjecia.html\">Najnowocze\u015bniejszy synchrotron w Europie \u015arodkowo-Wschodniej jest w Polsce<\/a>\u00a0relacja na portalu Forsal<\/p>\n<p>16.10.2014\u00a0<a href=\"http:\/\/naukawpolsce.pap.pl\/aktualnosci\/news,402300,polowa-krakowskiego-synchrotronu-juz-gotowa.html\">Po\u0142owa krakowskiego synchrotronu ju\u017c gotowa<\/a>\u00a0informacja PAP w serwisie Nauka w Polsce<\/p>\n<p>13.05.2014\u00a0<a href=\"http:\/\/naukawpolsce.pap.pl\/aktualnosci\/news,400321,dinozaur-na-ortopedii.html\">Dinozaur na ortopedii<\/a>\u00a0informacja PAP w serwisie Nauka w Polsce<\/p>\n<p><span class=\"text-source\"><span class=\"text\">03.09.2014<\/span><\/span>\u00a0<a href=\"http:\/\/www.dziennikpolski24.pl\/artykul\/3560687,swiat-nauki-podziwia-synchrotron-z-krakowa,id,t.html?cookie=1\">\u015awiat nauki podziwia synchrotron z Krakowa<\/a>\u00a0informacja w Dzienniku Polskim<\/p>\n<p><span class=\"text-source\"><span class=\"text\">13.09.2013\u00a0<a href=\"http:\/\/www.stalowka.net\/wiadomosci.php?dx=11272\">W Bibliotece i w ITSTW, czyli o synchrotronie w Stalowej Woli<\/a>\u00a0informacja o X KSUPS na portalu miasta Stalowa Wola<br \/>\n<\/span><\/span><\/p>\n<p><span class=\"text-source\"><span class=\"text\">10.09.2013\u00a0<\/span><\/span><a href=\"http:\/\/www.tvkstella.pl\/news\/fullnews.php?fn_id=2710\">Stella TVK &#8211; O promieniowaniu<\/a>\u00a0Relacja telewizyjna z X KSUPS w Stalowej Woli<\/p>\n<p>3.09.2013\u00a0<a href=\"http:\/\/www.stalowka.net\/wiadomosci.php?dx=11198\">Naukowcy organizuj\u0105 krajowe sympozjum w Stalowej Woli<\/a>\u00a0Informacja o X KSUPS<\/p>\n<p><span class=\"text-source\"><span class=\"text\">02.08.2013\u00a0<a href=\"http:\/\/www.parkinson.medserwis.pl\/index.php?t=14&amp;id_t=6451\">Choroba Parkinsona &#8211; Synchrotron pomo\u017ce w diagnostyce Parkinsona<\/a>\u00a0informacja na portalu MEDserwis.pl<br \/>\n<\/span><\/span><\/p>\n<p><span class=\"text-source\"><span class=\"text\">23.07.2013\u00a0<a href=\"http:\/\/wiadomosci.gazeta.pl\/wiadomosci\/1,114885,14326618,W_Krakowie_powstaje_SOLARIS___Bedzie_najnowoczesniejszym.html\">W Krakowie powstaje synchrotron SOLARIS. &#8220;B\u0119dzie najnowocze\u015bniejszym urz\u0105dzeniem tego typu&#8221;<\/a>\u00a0informacja na portalu\u00a0Gazeta.pl<br \/>\n<\/span><\/span><\/p>\n<p><span class=\"text-source\"><span class=\"text\">22.07.2013\u00a0<a href=\"http:\/\/krakow.naszemiasto.pl\/artykul\/galeria\/1939971,synchrotron-krakow-czy-solaris-da-nam-nobla,id,t.html\">Synchrotron Krak\u00f3w: czy Solaris da nam Nobla?<\/a>\u00a0informacja na portalu Krakow.naszemiasto.pl<br \/>\n<\/span><\/span><\/p>\n<p><span class=\"text-source\"><span class=\"text\">12.06.2013\u00a0<a href=\"http:\/\/kopalniawiedzy.pl\/SLAC-synchrotron-aria-operowa-Medee-Luigi-Cherubini,18246\">Synchrotron odzyska\u0142 ari\u0119 operow\u0105<\/a>\u00a0informacja na portalu KopalniaWiedzy.pl<br \/>\n<\/span><\/span><\/p>\n<p><span class=\"text-source\"><span class=\"text\">02.06.2013\u00a0<a href=\"http:\/\/www.polskieradio.pl\/23\/266\/Artykul\/859003,Do-czego-bedzie-sluzyl-polski-akcelerator-czastek\">Do czego b\u0119dzie s\u0142u\u017cy\u0142 Synchrotron z Krakowa?<\/a>\u00a0Polskie Radio, &#8220;Wiecz\u00f3r odkrywc\u00f3w&#8221;<\/span><\/span><\/p>\n<p>19.02.2013\u00a0<a href=\"http:\/\/www.malopolska.pl\/Wydarzenia\/Strony\/Aktualnosc.aspx?pid=5108\">Ju\u017c za dwa lata w Krakowie rozpoczn\u0105 si\u0119 pierwsze w Polsce badania z wykorzystaniem wi\u0105zki elektron\u00f3w<\/a>\u00a0informacja na portalu &#8220;Wrota Ma\u0142opolski&#8221;<\/p>\n<p>18.02.2013\u00a0<a href=\"http:\/\/www.naukawpolsce.pap.pl\/aktualnosci\/news,394215,synchrotron-solaris-szuka-przyszlych-autorow-linii-badawczych.html\">Synchrotron Solaris szuka przysz\u0142ych autor\u00f3w linii badawczych<\/a>\u00a0informacja PAP na stronie serwisu Nauka w Polsce<\/p>\n<p>18.02.2013\u00a0<a href=\"http:\/\/www.uj.edu.pl\/uniwersytet\/aktualnosci\/video-foto\/-\/journal_content\/56_INSTANCE_iSE9\/10172\/14451505\">Pierwszy etap budowy synchrotronu Solaris zako\u0144czony<\/a>\u00a0Aktualno\u015bci UJ<\/p>\n<p>15.10.2012\u00a0<a href=\"http:\/\/www.science-link.eu\/news\/brighter-light-krakow\">Brighter light in Krakow<\/a>\u00a0informacja o sychrotronie Solaris w serwisie Science Link<\/p>\n<p>24.05.2012\u00a0<a href=\"http:\/\/www.krakow.pl\/otwarty_na_swiat\/prezentacje_targi_konferencje\/aktualnosci\/12307,116,komunikat,synchrotron__solaris__i_centrum_radioterapii_hadronowej__czyli_czym_sie_moze_pochwalic_krakow_.html\">Synchrotron \u201eSOLARIS&#8221; i Centrum Radioterapii Hadronowej, czyli czym si\u0119 mo\u017ce pochwali\u0107 Krak\u00f3w?<\/a>\u00a0informacja o ISSRNS&#8217;2012<\/p>\n<p>18.05.2012\u00a0<a href=\"http:\/\/www.naukawpolsce.pap.pl\/aktualnosci\/news,390016,w-krakowie-powstaje-narodowe-centrum-promieniowania-synchrotronowego-solaris.html\">W Krakowie powstaje Narodowe Centrum Promieniowania Synchrotronowego Solaris<\/a>\u00a0informacja PAP na stronie serwisu Nauka w Polsce<\/p>\n<p>16.05.2012\u00a0<a href=\"http:\/\/www.rynekzdrowia.pl\/Inwestycje\/Krakow-zbuduja-synchrotron-do-badan-m-in-w-medycynie,119730,3.html\">Krak\u00f3w: zbuduj\u0105 synchrotron do bada\u0144 m.in. w medycynie<\/a>\u00a0\u2013 informacja w Rynek Zdrowia<\/p>\n<p>16.05.2012\u00a0<a href=\"http:\/\/www.radiokrakow.pl\/www\/index.nsf\/ID\/KPEC-8UCRCA\">Ruszy\u0142a budowa synchrotronu<\/a>\u00a0informacja radiowa w Radio Krak\u00f3w<\/p>\n<p>16.05.2012\u00a0<a href=\"http:\/\/www.youtube.com\/watch?v=vNLPSe3bNjA\">Wmurowanie aktu erekcyjnego NCPS SOLARIS<\/a>\u00a0(YouTube)<\/p>\n<p>15.05.2012\u00a0<a href=\"http:\/\/laboratoria.net\/pl\/biznes-laboratoryjny\/13279.html\">zaproszenie na uroczysto\u015b\u0107 wmurowania aktu erekcyjnego budynku Narodowego Centrum Promieniowania Synchrotronowego SOLARIS<\/a>\u00a0na stronach laboratoryjnego serwisu informacyjnego<\/p>\n<p>23.06.2011\u00a0<a href=\"http:\/\/www.naukawpolsce.pap.pl\/aktualnosci\/news,382969,z-synchrotronem-na-poszukiwanie-zycia.html\">Z synchrotronem na poszukiwanie \u017cycia<\/a>\u00a0\u2013 informacja PAP\u00a0na stronie serwisu Nauka w Polsce<\/p>\n<p>24.03.2011\u00a0<a href=\"http:\/\/www.youtube.com\/watch?v=HLAhbTG1wJM\">relacja filmowa z podpisania umowy dotycz\u0105cej budowy polskiego synchrotronu<\/a>\u00a0(YouTube)<\/p>\n<p>01.03.2011\u00a0<a href=\"http:\/\/www.uspro.pl\/projects\/view\/58\">Narodowe Centrum Promieniowania Elektromagnetycznego na potralu dla inwestor\u00f3w i projektant\u00f3w<\/a><\/p>\n<p>09.04.2010\u00a0<a href=\"http:\/\/archeowiesci.pl\/2010\/04\/09\/do-czego-archeologom-i-antropologom-moze-posluzyc-synchrotron\/\">Do czego archeologom i antropologom mo\u017ce pos\u0142u\u017cy\u0107 synchrotron<\/a>\u00a0\u2013 informacja w serwisie Archeowie\u015bci<\/p>\n<p>09.04.2010\u00a0<a href=\"http:\/\/polskalokalna.pl\/wiadomosci\/malopolskie\/krakow\/news\/zbuduja-pierwszy-w-kraju-synchrotron,1462810,3320\">Zbuduj\u0105 pierwszy w kraju synchrotron<\/a>\u00a0\u2013 Polska Lokalna na Interia.pl<\/p>\n<p>09.04.2010\u00a0<a href=\"http:\/\/www.tvp.pl\/krakow\/aktualnosci\/spoleczne\/polski-synchrotron-bedzie-w-krakowie\/1635534\">Polski synchrotron b\u0119dzie w Krakowie<\/a>\u00a0Telewizja Polska SA (za PAP)<\/p>\n<p>01.04.2010\u00a0<a href=\"http:\/\/www.synchrotron.uj.edu.pl\/documents\/3863852\/f2035ea7-35be-4706-9945-610de0d55ba4\">Synchrotron w Krakowie<\/a>\u00a0artyku\u0142 w\u00a0PAUza Akademicka Nr 75\/76<\/p>\n<p>27.04.2009\u00a0<a href=\"http:\/\/polskalokalna.pl\/wiadomosci\/malopolskie\/krakow\/news\/krakowscy-naukowcy-uratowali-synchrotron,1296548,3320\">Krakowscy naukowcy uratowali synchrotron<\/a>\u00a0\u2013 Polska Lokalna w Interia.pl<\/p>\n<p>01.10.2009\u00a0<a href=\"http:\/\/www.uspro.pl\/newses\/view\/258\/Naukowcy+o+planach+budowy+polskiego+synchrotronu.html\">Relacja z KSUPS<\/a>\u00a0(PAP)<\/p>\n<p>20.03.2008\u00a0<a href=\"http:\/\/nauka.wp.pl\/title,Powstalo-konsorcjum-naukowe-Polski-Synchrotron,wid,9781571,wiadomosc.html?ticaid=1f65d\">Powsta\u0142o konsorcjum naukowe Polski Synchrotron<\/a>\u00a0\u2013 informacja na WP (za PAP)<\/p>\n<p>03.06.2005\u00a0<a href=\"http:\/\/wyborcza.pl\/1,75476,2746808.html\">Synchrotron i zaginione dzie\u0142a Archimedesa<\/a>\u00a0\u2013 Gazeta Wyborcza<\/p>\n","protected":false},"excerpt":{"rendered":"<p>10.02.2020\u00a0Centrum SOLARIS cz\u0142onkiem \u015al\u0105skiego Klastra NANO i mecenasem Fundacji Nanonet\u00a0&#8211; informacja na portalu Nanonet 09.09.2019\u00a0W Polsce dzia\u0142aj\u0105 ju\u017c dwa pierwsze kriomikroskopy elektronowe\u00a0&#8211; PAP &#8211; Nauka w Polsce 03.09.2019\u00a0W centrum Solaris mo\u017cna korzysta\u0107 z zaawansowanego kriomikroskopu elektronowego\u00a0&#8211; informacja na portalu KopalniaWiedzy.pl 27.02.2019\u00a0Z innej planety: promieniowanie synchrotronowe\u00a0&#8211; Polskie Radio RDC 18.02.2019\u00a0Rusza nowy&hellip;<\/p>\n<p> <a class=\"more-link\" href=\"https:\/\/synchrotron.org.pl\/?page_id=15163&#038;lang=en\">Czytaj dalej<\/a><\/p>\n","protected":false},"author":1,"featured_media":0,"parent":0,"menu_order":0,"comment_status":"closed","ping_status":"closed","template":"","meta":{"footnotes":""},"_links":{"self":[{"href":"https:\/\/synchrotron.org.pl\/index.php?rest_route=\/wp\/v2\/pages\/15163"}],"collection":[{"href":"https:\/\/synchrotron.org.pl\/index.php?rest_route=\/wp\/v2\/pages"}],"about":[{"href":"https:\/\/synchrotron.org.pl\/index.php?rest_route=\/wp\/v2\/types\/page"}],"author":[{"embeddable":true,"href":"https:\/\/synchrotron.org.pl\/index.php?rest_route=\/wp\/v2\/users\/1"}],"replies":[{"embeddable":true,"href":"https:\/\/synchrotron.org.pl\/index.php?rest_route=%2Fwp%2Fv2%2Fcomments&post=15163"}],"version-history":[{"count":4,"href":"https:\/\/synchrotron.org.pl\/index.php?rest_route=\/wp\/v2\/pages\/15163\/revisions"}],"predecessor-version":[{"id":15433,"href":"https:\/\/synchrotron.org.pl\/index.php?rest_route=\/wp\/v2\/pages\/15163\/revisions\/15433"}],"wp:attachment":[{"href":"https:\/\/synchrotron.org.pl\/index.php?rest_route=%2Fwp%2Fv2%2Fmedia&parent=15163"}],"curies":[{"name":"wp","href":"https:\/\/api.w.org\/{rel}","templated":true}]}}