{"id":15442,"date":"2020-08-02T13:24:54","date_gmt":"2020-08-02T11:24:54","guid":{"rendered":"http:\/\/new.synchrotron.org.pl\/www_wordpress\/?page_id=15442"},"modified":"2020-08-02T13:24:54","modified_gmt":"2020-08-02T11:24:54","slug":"proceedings-2","status":"publish","type":"page","link":"https:\/\/synchrotron.org.pl\/?page_id=15442&lang=en","title":{"rendered":"Proceedings"},"content":{"rendered":"\t\t<div data-elementor-type=\"wp-page\" data-elementor-id=\"15442\" class=\"elementor elementor-15442\" data-elementor-settings=\"[]\">\n\t\t\t\t\t\t<div class=\"elementor-inner\">\n\t\t\t\t\t\t\t<div class=\"elementor-section-wrap\">\n\t\t\t\t\t\t\t<section class=\"elementor-section elementor-top-section elementor-element elementor-element-19623bc8 elementor-section-boxed elementor-section-height-default elementor-section-height-default\" data-id=\"19623bc8\" data-element_type=\"section\">\n\t\t\t\t\t\t<div class=\"elementor-container elementor-column-gap-default\">\n\t\t\t\t\t\t\t<div class=\"elementor-row\">\n\t\t\t\t\t<div class=\"elementor-column elementor-col-100 elementor-top-column elementor-element elementor-element-3fa92606\" data-id=\"3fa92606\" data-element_type=\"column\">\n\t\t\t<div class=\"elementor-column-wrap elementor-element-populated\">\n\t\t\t\t\t\t\t<div class=\"elementor-widget-wrap\">\n\t\t\t\t\t\t<div class=\"elementor-element elementor-element-5f25fc2a elementor-widget elementor-widget-text-editor\" data-id=\"5f25fc2a\" data-element_type=\"widget\" data-widget_type=\"text-editor.default\">\n\t\t\t\t<div class=\"elementor-widget-container\">\n\t\t\t\t\t\t\t\t<div class=\"elementor-text-editor elementor-clearfix\">\n\t\t\t\t<h3>Conference proceedings of meetings organised by Polish Synchrotron Radiation Society (1992\u00a0\u2013\u00a02019)<\/h3><p>Conference proceedings of twenty-five meetings organized <em>\/\u00a0<\/em>co-organized by Polish Synchrotron Radiation Society in the period 1992 \u2013 2019 are listed.<\/p><p>They include:<\/p><h4>\u2022\u00a0International Schools and Symposia of Synchrotron Radiation in Natural Science (ISSRNS)<\/h4><pre><strong>14 volumes<\/strong><\/pre><h4>\u2022\u00a0Polish Meetings of Synchrotron Radiation Users (KSUPS)<\/h4><pre><strong>8 volumes<\/strong><\/pre><h4>\u2022 other related meetings<\/h4><pre><strong>3 volumes<\/strong>\n<\/pre><ol><li>1<em><sup>st\u00a0<\/sup><\/em>ISSRNS, Jaszowiec 13 \u2013 21<em>.<\/em>05<em>.<\/em>1992. Eds.: K. \u0141awniczak-Jab\u0142o\u0144ska, G. Kowalski,\u00a0<a href=\"http:\/\/przyrbwn.icm.edu.pl\/APP\/SPIS\/a82-1.html\"><strong>Acta Physica Polonica A<\/strong>, Vol. 82, No 1<\/a>, 1992,\u00a0<a href=\"http:\/\/przyrbwn.icm.edu.pl\/APP\/SPIS\/a82-2.html\"><strong>Acta Physica Polonica A<\/strong><\/a><a href=\"http:\/\/przyrbwn.icm.edu.pl\/APP\/SPIS\/a82-2.html\">, Vol. 82, No 2<\/a>, 1992.<\/li><li style=\"font-weight: 400;\">\u00a02<em><sup>nd\u00a0<\/sup><\/em>KSUPS, Mogilany, 1993. Ed. J. Konior,\u00a0<strong>Universitatis Iagellonicae Folia Physica<\/strong>, Fasc.\u00a0XXXVI, 1994.<\/li><li style=\"font-weight: 400;\">\u00a02<em><sup>nd\u00a0<\/sup><\/em>ISSRNS, Jaszowiec 18 \u2013 26<em>.<\/em>05<em>.<\/em>1994. Eds.: K. \u0141awniczak-Jab\u0142o\u0144ska, R. Iwanowski,\u00a0<a href=\"http:\/\/www.synchrotron.org.pl\/Acta%20Physica%20Polonica%20A,%20Vol.%2086,%20No%204%20&amp;%205,%201994.\"><strong>Acta Physica Polonica A<\/strong>, Vol. 86, No 4<\/a>, 1994,\u00a0<a href=\"http:\/\/przyrbwn.icm.edu.pl\/APP\/SPIS\/a86-5.html\"><strong>Acta Physica Polonica A<\/strong><\/a><a href=\"http:\/\/przyrbwn.icm.edu.pl\/APP\/SPIS\/a86-5.html\">, Vol. 86, No 5<\/a>, 1994.<\/li><li style=\"font-weight: 400;\"><b><strong><a href=\"http:\/\/www.synchrotron.org.pl\/publ\/proc\/Zastosowanie.pdf\">Zastosowanie promieniowania synchrotronowego<\/a><\/strong><\/b>, 3rd KSUPS, Warszawa, 6 \u2013 7.06.1995. Ed.: E. Sobczak (Fundacja im. Wojciecha \u015awi\u0119tos\u0142awskiego, Gliwice, 1995). \u00a0<b><strong>(File size: 85 MB)<\/strong><\/b><\/li><li style=\"font-weight: 400;\">3<em><sup>rd\u00a0<\/sup><\/em>ISSRNS, Jaszowiec 31<em>.<\/em>05 \u2013 8<em>.<\/em>06<em>.<\/em>1996. Ed.: J. Konior,\u00a0<a href=\"http:\/\/przyrbwn.icm.edu.pl\/APP\/SPIS\/a91-4.html\"><strong>Acta Physica Polonica A<\/strong>, Vol. 91, No 4 &amp; No 5, 1997<\/a>.<\/li><li style=\"font-weight: 400;\">\u00a0<a href=\"http:\/\/www.synchrotron.org.pl\/publ\/proc\/Application.pdf\"><strong>Application of Synchrotron Radiation to the Study of Inorganic and Biological Materials<\/strong><\/a>,\u00a04<em><sup>th\u00a0<\/sup><\/em>KSUPS, Krak\u00f3w-Przegorza\u0142y, 18 \u2013 19<em>.<\/em>06<em>.<\/em>1997. Ed.: J. Grochowski,\u00a0<strong>Universitatis Iagellonicae Folia Physica<\/strong>, Fasc.\u00a0XXXIX, 1998. \u00a0<b><strong>(File size: 71 MB)<\/strong><\/b><\/li><li style=\"font-weight: 400;\">\u00a04<sup>th<\/sup>\u00a0ISSRNS, Ustro\u0144-Jaszowiec, 15 \u2013 20<em>.<\/em>06<em>.<\/em>1998. Eds: W. Paszkowicz, E. Sobczak,\u00a0<a href=\"http:\/\/www.sciencedirect.com\/science\/journal\/09258388\/286\/1-2\"><strong>Journal of Alloys and Compounds<\/strong>, Vol. 286, No 1\u20132, 1999<\/a>.<\/li><li style=\"font-weight: 400;\">\u00a0<a href=\"http:\/\/www.synchrotron.org.pl\/publ\/proc\/Synchrotron.pdf\"><strong>Synchrotron Radiation Studies of Materials<\/strong><\/a>,\u00a05<em><sup>th\u00a0<\/sup><\/em>KSUPS, Warszawa, 31<em>.<\/em>05 \u2013 1<em>.<\/em>06<em>.<\/em>1999. Eds.: M. Lefeld-Sosnowska, J. Gronkowski, (Institute of Experimental Physics, University of Warsaw, Warsaw 1999). \u00a0<b><strong>(File size: 118\u00a0MB)<\/strong><\/b><\/li><li style=\"font-weight: 400;\">\u00a05<em><sup>th\u00a0<\/sup><\/em>ISSRNS, Ustro\u0144-Jaszowiec, 12 \u2013 17<em>.<\/em>06<em>.<\/em>2000. Eds: Cz. Kapusta, W.M. Kwiatek, J. Konior, M. Stankiewicz,\u00a0<a href=\"http:\/\/www.sciencedirect.com\/science\/journal\/09258388\/328\/1-2\"><strong>Journal of Alloys and Compounds<\/strong>, Vol. 328, No 1\u20132, 2001<\/a>.<\/li><li style=\"font-weight: 400;\"><strong>Synchrotron Crystallography &#8211; from Source to Applications<\/strong>,\u00a0Synchrotron Crystallography (SYNCRYS) 2001, Krynica-Czarny Potok, 31.08 \u2013 4.09.2001. Ed.: J. Grochowski in collaboration with W. Paszkowicz,\u00a0<a href=\"http:\/\/przyrbwn.icm.edu.pl\/APP\/SPIS\/a101-5.html\"><strong>Acta Physica Polonica A<\/strong>, Vol. 101, No 5, 2002<\/a>.<\/li><li style=\"font-weight: 400;\">\u00a06<sup>th<\/sup>\u00a0ISSRNS, Ustro\u0144-Jaszowiec, 17 \u2013 22.06.2002. Eds.: W. Paszkowicz, A. Burian, J. Gronkowski, B.J. Kowalski,\u00a0<a href=\"http:\/\/www.sciencedirect.com\/science\/journal\/09258388\/362\/1-2\"><strong>Journal of Alloys and Compounds<\/strong>, Vol. 362, No 1\u20132 (2004)<\/a>.<\/li><li style=\"font-weight: 400;\"><strong><em>Development of Methods for Characterizing the Microstructure of Novel Materials<\/em><\/strong>,\u00a0European Materials Research Society Fall Meeting, Symposium B, 15 \u2013 19.09.2003, Warsaw. Eds.: W. Paszkowicz, J. Pe\u0142ka<strong>,\u00a0<a href=\"http:\/\/www.sciencedirect.com\/science\/journal\/09258388\/382\/1-2\">Journal of Alloys and Compounds<\/a><\/strong><a href=\"http:\/\/www.sciencedirect.com\/science\/journal\/09258388\/382\/1-2\">, Vol. 382, No 1\u20132, 2004<\/a>.<\/li><li style=\"font-weight: 400;\">7<sup>th<\/sup>\u00a0ISSRNS, Zakopane 08\u00a0\u2013\u00a013.06.2004. Eds.: W. Paszkowicz, B.J. Kowalski, E.A. G\u00f6rlich, Z. Kaszkur,\u00a0<a href=\"http:\/\/www.sciencedirect.com\/science\/journal\/09258388\/401\/1-2\"><strong>Journal of Alloys and Compounds<\/strong>, Vol. 401, No 1\u20132, 2005<\/a>.<\/li><li style=\"font-weight: 400;\">8<em><sup>th\u00a0<\/sup><\/em>ISSRNS, Zakopane 08 \u2013 13<em>.<\/em>06<em>.<\/em>2006. Ed.: W. Paszkowicz,\u00a0<a href=\"http:\/\/www.synchrotron.org.pl\/publ\/vol_5_3.html\"><strong>Synchrotron Radiation in Natural Science<\/strong>, Vol. 5 No 3, 2006<\/a>.<\/li><li style=\"font-weight: 400;\">\u00a07<em><sup>th\u00a0<\/sup><\/em>KSUPS, Pozna\u0144, 24 \u2013 36<em>.<\/em>09<em>.<\/em>2007. Eds.: M. Kozak, W. Paszkowicz,\u00a0<a href=\"http:\/\/przyrbwn.icm.edu.pl\/APP\/SPIS\/a114-2.html\"><strong>Acta Physica Polonica A<\/strong>, Vol. 114 No. 2, 2008<\/a>.<\/li><li style=\"font-weight: 400;\">9<em><sup>th\u00a0<\/sup><\/em>ISSRNS, Ameli\u00f3wka 15 \u2013 20<em>.<\/em>06<em>.<\/em>2008. Eds.: W. Paszkowicz, B.J. Kowalski, E.A. G\u00f6rlich,\u00a0<a href=\"http:\/\/www.sciencedirect.com\/science\/journal\/0969806X\/78\/10\/supp\/S\"><strong>Radiation Physics and Chemistry<\/strong>, Vol. 78, Suppl. 10, 2009<\/a>.<\/li><li style=\"font-weight: 400;\">8<em><sup>th\u00a0<\/sup><\/em>KSUPS, Podlesice 24 \u2013 26<em>.<\/em>09<em>.<\/em>2009. Eds.: W. Paszkowicz, M. Sikora, W. Szuszkiewicz,\u00a0<a href=\"http:\/\/przyrbwn.icm.edu.pl\/APP\/SPIS\/a117-2.html\"><strong>Acta Physica Polonica A<\/strong>, Vol. 117 No 1\u20132, 2010<\/a>.<\/li><li style=\"font-weight: 400;\">10<em><sup>th\u00a0<\/sup><\/em>ISSRNS, Szklarska Por\u0119ba 6 \u2013 11<em>.<\/em>06<em>.<\/em>2010. Eds.: M. Kozak, P. Piszora, W. Paszkowicz,\u00a0<a href=\"http:\/\/www.sciencedirect.com\/science\/journal\/0969806X\/80\/10\"><strong>Radiation Physics and Chemistry<\/strong>, Vol. 80 No 10, 2011<\/a>.<\/li><li style=\"font-weight: 400;\">9<em><sup>th\u00a0<\/sup><\/em>KSUPS, Warszawa 25 \u2013 27<em>.<\/em>09<em>.<\/em>2011. Eds.: Z. Kaszkur, W. Paszkowicz,\u00a0<a href=\"http:\/\/przyrbwn.icm.edu.pl\/APP\/SPIS\/a121-4.html\">Acta Physica Polonica A, Vol. 121 No 4, 2012<\/a>.<\/li><li style=\"font-weight: 400;\">11<em><sup>th\u00a0<\/sup><\/em>ISSRNS, Krak\u00f3w, 20 \u2013 25<em>.<\/em>05<em>.<\/em>2012. Eds.: W. Kwiatek, M. Kozak, W. Paszkowicz,<strong>\u00a0<a href=\"http:\/\/www.sciencedirect.com\/science\/journal\/0969806X\/93\">Radiation Physics and Chemistry,\u00a0<\/a><\/strong><a href=\"http:\/\/www.sciencedirect.com\/science\/journal\/0969806X\/93\">Vol. 93 No , 2013<\/a>.<\/li><li style=\"font-weight: 400;\">10<em><sup>th\u00a0<\/sup><\/em>KSUPS, Stalowa Wola, 9\u00a0\u2013\u00a011.09.2013. Eds.: W. Paszkowicz , Z. Kaszkur, M. Kozak,\u00a0<a href=\"http:\/\/onlinelibrary.wiley.com\/doi\/10.1002\/xrs.v44.5\/issuetoc\"><b><strong>X-ray Spectrometry<\/strong><\/b>, Vol. 44, iss. 5, Sept. 2013.<\/a><\/li><li style=\"font-weight: 400;\">12<em><sup>th\u00a0<\/sup><\/em>ISSRNS,\u00a0Warszawa, 15\u00a0\u2013\u00a020.06.2014. Eds.: M. Kozak, W. M. Kwiatek, B. Kowalski,<strong>\u00a0<a href=\"http:\/\/www.sciencedirect.com\/science\/journal\/0168583X\/364\/supp\/C\">Nuclear Instruments and Methods in Physics Research Section B: Beam Interactions with Materials and Atoms,\u00a0<\/a><\/strong><a href=\"http:\/\/www.sciencedirect.com\/science\/journal\/0168583X\/364\/supp\/C\">Vol. 364, 1 December 2015.<\/a><\/li><li style=\"font-weight: 400;\">13<em><sup>th\u00a0<\/sup><\/em>ISSRNS,\u00a0Ustro\u0144-Jaszowiec, 13\u00a0\u2013 19.06.2016. Eds.: M. Kozak, W. M. Kwiatek, P. Piszora,<strong>\u00a0<a href=\"https:\/\/www.sciencedirect.com\/science\/journal\/0168583X\/411\/supp\/C\">Nuclear Instruments and Methods in Physics Research Section B: Beam Interactions with Materials and Atoms,\u00a0<\/a><\/strong><a href=\"https:\/\/www.sciencedirect.com\/science\/journal\/0168583X\/411\/supp\/C\">Vol. 411,\u00a0<\/a><a href=\"https:\/\/www.sciencedirect.com\/science\/journal\/0168583X\/411\/supp\/C\">15 November 2017.<\/a><\/li><\/ol>\t\t\t\t\t<\/div>\n\t\t\t\t\t\t<\/div>\n\t\t\t\t<\/div>\n\t\t\t\t\t\t<\/div>\n\t\t\t\t\t<\/div>\n\t\t<\/div>\n\t\t\t\t\t\t\t\t<\/div>\n\t\t\t\t\t<\/div>\n\t\t<\/section>\n\t\t\t\t\t\t<\/div>\n\t\t\t\t\t\t<\/div>\n\t\t\t\t\t<\/div>\n\t\t","protected":false},"excerpt":{"rendered":"<p>Conference proceedings of meetings organised by Polish Synchrotron Radiation Society (1992\u00a0\u2013\u00a02019) Conference proceedings of twenty-five meetings organized \/\u00a0co-organized by Polish Synchrotron Radiation Society in the period 1992 \u2013 2019 are listed. They include: \u2022\u00a0International Schools and Symposia of Synchrotron Radiation in Natural Science (ISSRNS) 14 volumes \u2022\u00a0Polish Meetings of Synchrotron&hellip;<\/p>\n<p> <a class=\"more-link\" href=\"https:\/\/synchrotron.org.pl\/?page_id=15442&#038;lang=en\">Czytaj dalej<\/a><\/p>\n","protected":false},"author":1,"featured_media":0,"parent":0,"menu_order":0,"comment_status":"closed","ping_status":"closed","template":"","meta":{"footnotes":""},"_links":{"self":[{"href":"https:\/\/synchrotron.org.pl\/index.php?rest_route=\/wp\/v2\/pages\/15442"}],"collection":[{"href":"https:\/\/synchrotron.org.pl\/index.php?rest_route=\/wp\/v2\/pages"}],"about":[{"href":"https:\/\/synchrotron.org.pl\/index.php?rest_route=\/wp\/v2\/types\/page"}],"author":[{"embeddable":true,"href":"https:\/\/synchrotron.org.pl\/index.php?rest_route=\/wp\/v2\/users\/1"}],"replies":[{"embeddable":true,"href":"https:\/\/synchrotron.org.pl\/index.php?rest_route=%2Fwp%2Fv2%2Fcomments&post=15442"}],"version-history":[{"count":1,"href":"https:\/\/synchrotron.org.pl\/index.php?rest_route=\/wp\/v2\/pages\/15442\/revisions"}],"predecessor-version":[{"id":15443,"href":"https:\/\/synchrotron.org.pl\/index.php?rest_route=\/wp\/v2\/pages\/15442\/revisions\/15443"}],"wp:attachment":[{"href":"https:\/\/synchrotron.org.pl\/index.php?rest_route=%2Fwp%2Fv2%2Fmedia&parent=15442"}],"curies":[{"name":"wp","href":"https:\/\/api.w.org\/{rel}","templated":true}]}}