{"id":15445,"date":"2020-08-02T13:27:03","date_gmt":"2020-08-02T11:27:03","guid":{"rendered":"http:\/\/new.synchrotron.org.pl\/www_wordpress\/?page_id=15445"},"modified":"2020-08-02T13:27:03","modified_gmt":"2020-08-02T11:27:03","slug":"conferences-with-psrs-members-as-organisers","status":"publish","type":"page","link":"https:\/\/synchrotron.org.pl\/?page_id=15445&lang=en","title":{"rendered":"Conferences with PSRS members as organisers"},"content":{"rendered":"\t\t<div data-elementor-type=\"wp-page\" data-elementor-id=\"15445\" class=\"elementor elementor-15445\" data-elementor-settings=\"[]\">\n\t\t\t\t\t\t<div class=\"elementor-inner\">\n\t\t\t\t\t\t\t<div class=\"elementor-section-wrap\">\n\t\t\t\t\t\t\t<section class=\"elementor-section elementor-top-section elementor-element elementor-element-e8d4222 elementor-section-boxed elementor-section-height-default elementor-section-height-default\" data-id=\"e8d4222\" data-element_type=\"section\">\n\t\t\t\t\t\t<div class=\"elementor-container elementor-column-gap-default\">\n\t\t\t\t\t\t\t<div class=\"elementor-row\">\n\t\t\t\t\t<div class=\"elementor-column elementor-col-100 elementor-top-column elementor-element elementor-element-3214095\" data-id=\"3214095\" data-element_type=\"column\">\n\t\t\t<div class=\"elementor-column-wrap elementor-element-populated\">\n\t\t\t\t\t\t\t<div class=\"elementor-widget-wrap\">\n\t\t\t\t\t\t<div class=\"elementor-element elementor-element-dcf1fe0 elementor-widget elementor-widget-toggle\" data-id=\"dcf1fe0\" data-element_type=\"widget\" data-widget_type=\"toggle.default\">\n\t\t\t\t<div class=\"elementor-widget-container\">\n\t\t\t\t\t<div class=\"elementor-toggle\" role=\"tablist\">\n\t\t\t\t\t\t\t<div class=\"elementor-toggle-item\">\n\t\t\t\t\t<div id=\"elementor-tab-title-2311\" class=\"elementor-tab-title\" data-tab=\"1\" role=\"tab\" aria-controls=\"elementor-tab-content-2311\" aria-expanded=\"false\">\n\t\t\t\t\t\t\t\t\t\t\t\t<span class=\"elementor-toggle-icon elementor-toggle-icon-left\" aria-hidden=\"true\">\n\t\t\t\t\t\t\t\t\t\t\t\t\t\t\t<span class=\"elementor-toggle-icon-closed\"><i class=\"fas fa-caret-right\"><\/i><\/span>\n\t\t\t\t\t\t\t\t<span class=\"elementor-toggle-icon-opened\"><i class=\"elementor-toggle-icon-opened fas fa-caret-up\"><\/i><\/span>\n\t\t\t\t\t\t\t\t\t\t\t\t\t<\/span>\n\t\t\t\t\t\t\t\t\t\t\t\t<a href=\"\" class=\"elementor-toggle-title\">EPDIC 2021<\/a>\n\t\t\t\t\t<\/div>\n\n\t\t\t\t\t<div id=\"elementor-tab-content-2311\" class=\"elementor-tab-content elementor-clearfix\" data-tab=\"1\" role=\"tabpanel\" aria-labelledby=\"elementor-tab-title-2311\"><p><span class=\"tlid-translation\"><a href=\"http:\/\/epdic.ing.unitn.it\/index.html\">Europejska Konferencja Dyfrakcji Proszkowej, EPDIC<\/a>, jest po\u015bwi\u0119cona wszystkim aspektom analizy materia\u0142\u00f3w polikrystalicznych metodami dyfrakcji.<\/span>\u00a0<span title=\"\">Ka\u017cda konferencja EPDIC ma na celu podkre\u015blenie najnowszych osi\u0105gni\u0119\u0107 w dyfrakcji proszkowej, w tym metodologii, analizy danych i post\u0119p\u00f3w instrumentalnych.<\/span>\u00a0<span title=\"\">EPDIC tradycyjnie gromadzi r\u00f3wnie\u017c naukowc\u00f3w, kt\u00f3rzy w badaniach dyfrakcyjnych wykorzystuj\u0105 promieniowanie synchrotronowe.<\/span> Siedemnasty ju\u017c EPDIC\u00a0<a href=\"https:\/\/www.epdic17.org\/\">(EPDIC17) odb\u0119dzie si\u0119 15 \u2013 18 czerwca 2021 r. w mie\u015bcie \u0160ibenik<\/a>, nad chorwackim wybrze\u017cem Adriatyku. W komitecie EPDIC Polsk\u0119 i PTPS reprezentuje prof. Wojciech Paszkowicz.<\/p><\/div>\n\t\t\t\t<\/div>\n\t\t\t\t\t\t\t<div class=\"elementor-toggle-item\">\n\t\t\t\t\t<div id=\"elementor-tab-title-2312\" class=\"elementor-tab-title\" data-tab=\"2\" role=\"tab\" aria-controls=\"elementor-tab-content-2312\" aria-expanded=\"false\">\n\t\t\t\t\t\t\t\t\t\t\t\t<span class=\"elementor-toggle-icon elementor-toggle-icon-left\" aria-hidden=\"true\">\n\t\t\t\t\t\t\t\t\t\t\t\t\t\t\t<span class=\"elementor-toggle-icon-closed\"><i class=\"fas fa-caret-right\"><\/i><\/span>\n\t\t\t\t\t\t\t\t<span class=\"elementor-toggle-icon-opened\"><i class=\"elementor-toggle-icon-opened fas fa-caret-up\"><\/i><\/span>\n\t\t\t\t\t\t\t\t\t\t\t\t\t<\/span>\n\t\t\t\t\t\t\t\t\t\t\t\t<a href=\"\" class=\"elementor-toggle-title\">Frolic Goats 2020<\/a>\n\t\t\t\t\t<\/div>\n\n\t\t\t\t\t<div id=\"elementor-tab-content-2312\" class=\"elementor-tab-content elementor-clearfix\" data-tab=\"2\" role=\"tabpanel\" aria-labelledby=\"elementor-tab-title-2312\"><p>4-5 maja 2020 roku w Poznaniu odby\u0142a si\u0119 trzynasta konferencja po\u015bwi\u0119cona pomiarom dyfrakcyjnym w warunkach wysokiego ci\u015bnienia\u00a0\u00a0<a href=\"https:\/\/frogo.home.amu.edu.pl\/\">Frolic Goats: High-Pressure Diffraction Workshop<\/a>.\u00a0 Ze wzgl\u0119du na pandemi\u0119, konferencja odby\u0142a si\u0119 w formie zdalnej.<\/p><\/div>\n\t\t\t\t<\/div>\n\t\t\t\t\t\t\t<div class=\"elementor-toggle-item\">\n\t\t\t\t\t<div id=\"elementor-tab-title-2313\" class=\"elementor-tab-title\" data-tab=\"3\" role=\"tab\" aria-controls=\"elementor-tab-content-2313\" aria-expanded=\"false\">\n\t\t\t\t\t\t\t\t\t\t\t\t<span class=\"elementor-toggle-icon elementor-toggle-icon-left\" aria-hidden=\"true\">\n\t\t\t\t\t\t\t\t\t\t\t\t\t\t\t<span class=\"elementor-toggle-icon-closed\"><i class=\"fas fa-caret-right\"><\/i><\/span>\n\t\t\t\t\t\t\t\t<span class=\"elementor-toggle-icon-opened\"><i class=\"elementor-toggle-icon-opened fas fa-caret-up\"><\/i><\/span>\n\t\t\t\t\t\t\t\t\t\t\t\t\t<\/span>\n\t\t\t\t\t\t\t\t\t\t\t\t<a href=\"\" class=\"elementor-toggle-title\">EMRS Fall Meeting 2020<\/a>\n\t\t\t\t\t<\/div>\n\n\t\t\t\t\t<div id=\"elementor-tab-content-2313\" class=\"elementor-tab-content elementor-clearfix\" data-tab=\"3\" role=\"tabpanel\" aria-labelledby=\"elementor-tab-title-2313\"><p>Na jesie\u0144 2020 r\u00a0 zaplanowano w Warszawie kolejn\u0105 konferencj\u0119\u00a0<a href=\"https:\/\/www.european-mrs.com\/meetings\/2020-fall-meeting\">EMRS Fall Meeting<\/a>. Co roku w\u015br\u00f3d prac prezentowanych na konferencji jest wiele wykorzystuj\u0105cych promieniowanie synchrotronowe. W tym roku\u00a0 metody synchrotronowe mia\u0142y by\u0107 obecne dzi\u0119ki temu, \u017ce dwa spo\u015br\u00f3d sympozj\u00f3w organizowali cz\u0142onkowie PTPS, prof. Wojciech Paszkowicz (<a href=\"https:\/\/www.european-mrs.com\/modern-computational-methods-and-their-applications-materials-science-synergy-theory-and-experiment\">Sympozjum G<\/a>) i dr hab. Iraida Demchenko (<a href=\"https:\/\/www.european-mrs.com\/wide-band-gap-wbg-materials-theory-growth-characterization-and-applications-emrs\">Sympozjum O<\/a>).<\/p><p>Po dok\u0142adnej analizie rozprzestrzeniania si\u0119 COVID-19 Komitet Organizacyjny postanowi\u0142 zrezygnowa\u0107 z jesiennego spotkania EMRS 2020 w Warszawie.<\/p><\/div>\n\t\t\t\t<\/div>\n\t\t\t\t\t\t\t<div class=\"elementor-toggle-item\">\n\t\t\t\t\t<div id=\"elementor-tab-title-2314\" class=\"elementor-tab-title\" data-tab=\"4\" role=\"tab\" aria-controls=\"elementor-tab-content-2314\" aria-expanded=\"false\">\n\t\t\t\t\t\t\t\t\t\t\t\t<span class=\"elementor-toggle-icon elementor-toggle-icon-left\" aria-hidden=\"true\">\n\t\t\t\t\t\t\t\t\t\t\t\t\t\t\t<span class=\"elementor-toggle-icon-closed\"><i class=\"fas fa-caret-right\"><\/i><\/span>\n\t\t\t\t\t\t\t\t<span class=\"elementor-toggle-icon-opened\"><i class=\"elementor-toggle-icon-opened fas fa-caret-up\"><\/i><\/span>\n\t\t\t\t\t\t\t\t\t\t\t\t\t<\/span>\n\t\t\t\t\t\t\t\t\t\t\t\t<a href=\"\" class=\"elementor-toggle-title\">EHPRG 2017<\/a>\n\t\t\t\t\t<\/div>\n\n\t\t\t\t\t<div id=\"elementor-tab-content-2314\" class=\"elementor-tab-content elementor-clearfix\" data-tab=\"4\" role=\"tabpanel\" aria-labelledby=\"elementor-tab-title-2314\"><p>Od 3 do 8 wrze\u015bnia 2017 r. Pozna\u0144 by\u0142 naukow\u0105 stolic\u0105 bada\u0144 nad wysokimi ci\u015bnieniami. 230 naukowc\u00f3w i przedstawicieli firm, wykorzystuj\u0105cych rozwi\u0105zania wysokoci\u015bnieniowe go\u015bci\u0142o na Wydziale Chemii Uniwersytetu im. Adama Mickiewicza w Poznaniu na konferencji Europejskiej Grupy Wysokich Ci\u015bnie\u0144 \u2013<a href=\"http:\/\/ehprg2017.syskonf.pl\/\">55th European High Pressure Research Group Meeting.\u00a0<\/a><\/p><\/div>\n\t\t\t\t<\/div>\n\t\t\t\t\t\t\t<div class=\"elementor-toggle-item\">\n\t\t\t\t\t<div id=\"elementor-tab-title-2315\" class=\"elementor-tab-title\" data-tab=\"5\" role=\"tab\" aria-controls=\"elementor-tab-content-2315\" aria-expanded=\"false\">\n\t\t\t\t\t\t\t\t\t\t\t\t<span class=\"elementor-toggle-icon elementor-toggle-icon-left\" aria-hidden=\"true\">\n\t\t\t\t\t\t\t\t\t\t\t\t\t\t\t<span class=\"elementor-toggle-icon-closed\"><i class=\"fas fa-caret-right\"><\/i><\/span>\n\t\t\t\t\t\t\t\t<span class=\"elementor-toggle-icon-opened\"><i class=\"elementor-toggle-icon-opened fas fa-caret-up\"><\/i><\/span>\n\t\t\t\t\t\t\t\t\t\t\t\t\t<\/span>\n\t\t\t\t\t\t\t\t\t\t\t\t<a href=\"\" class=\"elementor-toggle-title\">XAFS'14  2009<\/a>\n\t\t\t\t\t<\/div>\n\n\t\t\t\t\t<div id=\"elementor-tab-content-2315\" class=\"elementor-tab-content elementor-clearfix\" data-tab=\"5\" role=\"tabpanel\" aria-labelledby=\"elementor-tab-title-2315\"><p>W Camerino we W\u0142oszech odby\u0142a si\u0119 14. mi\u0119dzynarodowa konferencja X-ray Absorption Fine Structure (<a href=\"http:\/\/gnxas.unicam.it\/xafs14\/\">XAFS 14<\/a>). W tym wa\u017cnym mi\u0119dzynarodowym wydarzeniu wzi\u0119\u0142o udzia\u0142 oko\u0142o 500 naukowc\u00f3w.<\/p><\/div>\n\t\t\t\t<\/div>\n\t\t\t\t\t\t\t\t<\/div>\n\t\t\t\t<\/div>\n\t\t\t\t<\/div>\n\t\t\t\t\t\t<\/div>\n\t\t\t\t\t<\/div>\n\t\t<\/div>\n\t\t\t\t\t\t\t\t<\/div>\n\t\t\t\t\t<\/div>\n\t\t<\/section>\n\t\t\t\t\t\t<\/div>\n\t\t\t\t\t\t<\/div>\n\t\t\t\t\t<\/div>\n\t\t","protected":false},"excerpt":{"rendered":"<p>EPDIC 2021 Europejska Konferencja Dyfrakcji Proszkowej, EPDIC, jest po\u015bwi\u0119cona wszystkim aspektom analizy materia\u0142\u00f3w polikrystalicznych metodami dyfrakcji.\u00a0Ka\u017cda konferencja EPDIC ma na celu podkre\u015blenie najnowszych osi\u0105gni\u0119\u0107 w dyfrakcji proszkowej, w tym metodologii, analizy danych i post\u0119p\u00f3w instrumentalnych.\u00a0EPDIC tradycyjnie gromadzi r\u00f3wnie\u017c naukowc\u00f3w, kt\u00f3rzy w badaniach dyfrakcyjnych wykorzystuj\u0105 promieniowanie synchrotronowe. Siedemnasty ju\u017c EPDIC\u00a0(EPDIC17) odb\u0119dzie&hellip;<\/p>\n<p> <a class=\"more-link\" href=\"https:\/\/synchrotron.org.pl\/?page_id=15445&#038;lang=en\">Czytaj dalej<\/a><\/p>\n","protected":false},"author":1,"featured_media":0,"parent":0,"menu_order":0,"comment_status":"closed","ping_status":"closed","template":"","meta":{"footnotes":""},"_links":{"self":[{"href":"https:\/\/synchrotron.org.pl\/index.php?rest_route=\/wp\/v2\/pages\/15445"}],"collection":[{"href":"https:\/\/synchrotron.org.pl\/index.php?rest_route=\/wp\/v2\/pages"}],"about":[{"href":"https:\/\/synchrotron.org.pl\/index.php?rest_route=\/wp\/v2\/types\/page"}],"author":[{"embeddable":true,"href":"https:\/\/synchrotron.org.pl\/index.php?rest_route=\/wp\/v2\/users\/1"}],"replies":[{"embeddable":true,"href":"https:\/\/synchrotron.org.pl\/index.php?rest_route=%2Fwp%2Fv2%2Fcomments&post=15445"}],"version-history":[{"count":1,"href":"https:\/\/synchrotron.org.pl\/index.php?rest_route=\/wp\/v2\/pages\/15445\/revisions"}],"predecessor-version":[{"id":15446,"href":"https:\/\/synchrotron.org.pl\/index.php?rest_route=\/wp\/v2\/pages\/15445\/revisions\/15446"}],"wp:attachment":[{"href":"https:\/\/synchrotron.org.pl\/index.php?rest_route=%2Fwp%2Fv2%2Fmedia&parent=15445"}],"curies":[{"name":"wp","href":"https:\/\/api.w.org\/{rel}","templated":true}]}}