{"id":15650,"date":"2020-09-21T18:50:43","date_gmt":"2020-09-21T16:50:43","guid":{"rendered":"http:\/\/synchrotron.org.pl\/?page_id=15650"},"modified":"2020-10-16T23:46:13","modified_gmt":"2020-10-16T21:46:13","slug":"regulamin-pracy-zarzadu","status":"publish","type":"page","link":"https:\/\/synchrotron.org.pl\/?page_id=15650","title":{"rendered":"Regulamin Pracy Zarz\u0105du"},"content":{"rendered":"\t\t<div data-elementor-type=\"wp-page\" data-elementor-id=\"15650\" class=\"elementor elementor-15650\" data-elementor-settings=\"[]\">\n\t\t\t\t\t\t<div class=\"elementor-inner\">\n\t\t\t\t\t\t\t<div class=\"elementor-section-wrap\">\n\t\t\t\t\t\t\t<section class=\"elementor-section elementor-top-section elementor-element elementor-element-d96207b elementor-section-boxed elementor-section-height-default elementor-section-height-default\" data-id=\"d96207b\" data-element_type=\"section\">\n\t\t\t\t\t\t<div class=\"elementor-container elementor-column-gap-default\">\n\t\t\t\t\t\t\t<div class=\"elementor-row\">\n\t\t\t\t\t<div class=\"elementor-column elementor-col-100 elementor-top-column elementor-element elementor-element-81b4716\" data-id=\"81b4716\" data-element_type=\"column\">\n\t\t\t<div class=\"elementor-column-wrap elementor-element-populated\">\n\t\t\t\t\t\t\t<div class=\"elementor-widget-wrap\">\n\t\t\t\t\t\t<div class=\"elementor-element elementor-element-228dd2f elementor-view-default elementor-widget elementor-widget-icon\" data-id=\"228dd2f\" data-element_type=\"widget\" data-widget_type=\"icon.default\">\n\t\t\t\t<div class=\"elementor-widget-container\">\n\t\t\t\t\t<div class=\"elementor-icon-wrapper\">\n\t\t\t<a class=\"elementor-icon\" href=\"https:\/\/synchrotron.org.pl\/wp-content\/uploads\/2020\/09\/PTPS-Regulamin_Prac_Zarzadu_9.09.2020.pdf\" target=\"_blank\">\n\t\t\t<i aria-hidden=\"true\" class=\"fas fa-file-pdf\"><\/i>\t\t\t<\/a>\n\t\t<\/div>\n\t\t\t\t<\/div>\n\t\t\t\t<\/div>\n\t\t\t\t\t\t<\/div>\n\t\t\t\t\t<\/div>\n\t\t<\/div>\n\t\t\t\t\t\t\t\t<\/div>\n\t\t\t\t\t<\/div>\n\t\t<\/section>\n\t\t\t\t<section class=\"elementor-section elementor-top-section elementor-element elementor-element-9d3f84f elementor-section-boxed elementor-section-height-default elementor-section-height-default\" data-id=\"9d3f84f\" data-element_type=\"section\">\n\t\t\t\t\t\t<div class=\"elementor-container elementor-column-gap-default\">\n\t\t\t\t\t\t\t<div class=\"elementor-row\">\n\t\t\t\t\t<div class=\"elementor-column elementor-col-100 elementor-top-column elementor-element elementor-element-f9d91ae\" data-id=\"f9d91ae\" data-element_type=\"column\">\n\t\t\t<div class=\"elementor-column-wrap elementor-element-populated\">\n\t\t\t\t\t\t\t<div class=\"elementor-widget-wrap\">\n\t\t\t\t\t\t<div class=\"elementor-element elementor-element-57fca7c elementor-widget elementor-widget-text-editor\" data-id=\"57fca7c\" data-element_type=\"widget\" data-widget_type=\"text-editor.default\">\n\t\t\t\t<div class=\"elementor-widget-container\">\n\t\t\t\t\t\t\t\t<div class=\"elementor-text-editor elementor-clearfix\">\n\t\t\t\t<p><strong>REGULAMIN PRACY<br \/>Zarz\u0105du <\/strong><strong>Polskiego Towarzystwa Promieniowania Synchrotronowego<\/strong><\/p><p><strong>\u00a0<\/strong>(zatwierdzony przez Walne Zebranie PTPS w dniu 9. wrze\u015bnia 2020 r.)<\/p><p>Zarz\u0105d Polskiego Towarzystwa Promieniowania Synchrotronowego, zwany dalej Zarz\u0105dem, jest organem Polskiego Towarzystwa Promieniowania Synchrotronowego, zwanego dalej Towarzystwem. Zarz\u0105d jest uprawniony do zajmowania stanowiska we wszystkich sprawach dotycz\u0105cych dzia\u0142alno\u015bci Towarzystwa, chyba \u017ce Statut Polskiego Towarzystwa Promieniowania Synchrotronowego, zwanego dalej Statutem, stanowi inaczej.<\/p><p>\u00a7 1.<\/p><ol><li>Zarz\u0105d dzia\u0142a na podstawie Statutu, kt\u00f3ry okre\u015bla spos\u00f3b jego wyboru, kompetencje oraz zasady uzupe\u0142niania sk\u0142adu Zarz\u0105du je\u015bli zajdzie taka potrzeba.<\/li><\/ol><p>\u00a7 2.<\/p><ol><li>Podczas pierwszego posiedzenia po wyborach, kt\u00f3re odbywa si\u0119 nie p\u00f3\u017aniej ni\u017c w ci\u0105gu miesi\u0105ca od dnia og\u0142oszenia wynik\u00f3w wybor\u00f3w, Zarz\u0105d wybiera w g\u0142osowaniu tajnym dw\u00f3ch Vice-Prezes\u00f3w, Skarbnika i Sekretarza spo\u015br\u00f3d wybranych przez Walne Zebranie cz\u0142onk\u00f3w Zarz\u0105du.<\/li><li>Pozosta\u0142ym cz\u0142onkom Zarz\u0105du, Prezes powierza koordynacj\u0119 wybranych dzia\u0142a\u0144 Towarzystwa.<\/li><\/ol><p>\u00a7 3.<\/p><ol><li>Posiedzenie Zarz\u0105du zwo\u0142uje i prowadzi Prezes Towarzystwa lub osoba przez niego upowa\u017cniona.<\/li><li>Posiedzenie Zarz\u0105du musi by\u0107 te\u017c zwo\u0142ane na \u017c\u0105danie co najmniej trzech jego cz\u0142onk\u00f3w.<\/li><li>W posiedzeniach Zarz\u0105du mog\u0105 bra\u0107 udzia\u0142 zaproszeni przez prowadz\u0105cego posiedzenie cz\u0142onkowie Komisji Rewizyjnej oraz inni zaproszeni go\u015bcie.<\/li><li>Prezes Towarzystwa lub osoba przez niego upowa\u017cniona, ustala termin i program posiedzenia.<\/li><li>Termin jak i program posiedzenia przesy\u0142ane s\u0105 do wszystkich cz\u0142onk\u00f3w Zarz\u0105du i os\u00f3b zaproszonych najp\u00f3\u017aniej trzy dni przed wyznaczon\u0105 dat\u0105 posiedzenia.<\/li><li>Posiedzenie Zarz\u0105du mo\u017ce odbywa\u0107 si\u0119 w formie zdalnej przy wykorzystaniu \u015brodk\u00f3w komunikacji elektronicznej spe\u0142niaj\u0105cych kryteria okre\u015blone w Statucie.<\/li><\/ol><p>\u00a7 4.<\/p><ol><li>Posiedzenie Zarz\u0105du rozpoczyna si\u0119 od przyj\u0119cia porz\u0105dku obrad.<\/li><li>Wnioski o uzupe\u0142nienie porz\u0105dku obrad mo\u017cna zg\u0142asza\u0107 prowadz\u0105cemu posiedzenia tylko przed jego rozpocz\u0119ciem.<\/li><li>W punktach okre\u015blanych jako \u201esprawy bie\u017c\u0105ce&#8221; i \u201ewolne wnioski&#8221; nie podejmuje si\u0119 uchwa\u0142.<\/li><\/ol><p>\u00a7 5.<\/p><ol><li>We wszystkich g\u0142osowaniach podczas posiedzenia Zarz\u0105du lub z wykorzystaniem g\u0142osowania elektronicznego, mog\u0105 wzi\u0105\u0107 udzia\u0142 tylko cz\u0142onkowie Zarz\u0105du.<\/li><li>Zarz\u0105d podejmuje uchwa\u0142y w g\u0142osowaniu jawnym z wyj\u0105tkiem spraw personalnych, w kt\u00f3rych obowi\u0105zuje g\u0142osowanie tajne.<\/li><li>G\u0142osowanie tajne zarz\u0105dza si\u0119 r\u00f3wnie\u017c, gdy zostanie zg\u0142oszony taki wniosek i uzyska dodatkowe poparcie co najmniej jednego cz\u0142onka Zarz\u0105du bior\u0105cego udzia\u0142 w posiedzeniu.<\/li><\/ol><p>\u00a7 6.<\/p><ol><li>Sekretarz Towarzystwa sporz\u0105dza protoko\u0142y z posiedze\u0144 Zarz\u0105du.<\/li><li>W przypadku nieobecno\u015bci Sekretarza protokolanta wyznacza prowadz\u0105cy posiedzenie.<\/li><li>Protok\u00f3\u0142 zawiera opis przebiegu posiedzenia oraz tre\u015bci podj\u0119tych uchwa\u0142 wraz z wynikami g\u0142osowania w sprawie ich przyj\u0119cia.<\/li><li>Protok\u00f3\u0142 wraz z za\u0142\u0105cznikami, po jego zatwierdzeniu przez Zarz\u0105d, podpisuje Sekretarz i przechowuje go w dokumentacji Towarzystwa.<\/li><li>Sekretarz ponadto prowadzi dokumentacj\u0119 Zarz\u0105du i Towarzystwa oraz przygotowuje sprawozdania z dzia\u0142alno\u015bci Towarzystwa.<\/li><\/ol><p>\u00a7 7.<\/p><ol><li>Skarbnik Towarzystwa prowadzi dokumentacj\u0119 finansow\u0105 Towarzystwa, nadzoruje wykonywanie bud\u017cetu Towarzystwa oraz przygotowuje sprawozdania finansowe z dzia\u0142alno\u015bci Towarzystwa.<\/li><\/ol><p>\u00a7 8.<\/p><ol><li>Regulamin wchodzi w \u017cycie w dniu zatwierdzenia go przez Walne Zebranie PTPS.<\/li><\/ol>\t\t\t\t\t<\/div>\n\t\t\t\t\t\t<\/div>\n\t\t\t\t<\/div>\n\t\t\t\t\t\t<\/div>\n\t\t\t\t\t<\/div>\n\t\t<\/div>\n\t\t\t\t\t\t\t\t<\/div>\n\t\t\t\t\t<\/div>\n\t\t<\/section>\n\t\t\t\t\t\t<\/div>\n\t\t\t\t\t\t<\/div>\n\t\t\t\t\t<\/div>\n\t\t","protected":false},"excerpt":{"rendered":"<p>REGULAMIN PRACYZarz\u0105du Polskiego Towarzystwa Promieniowania Synchrotronowego \u00a0(zatwierdzony przez Walne Zebranie PTPS w dniu 9. wrze\u015bnia 2020 r.) Zarz\u0105d Polskiego Towarzystwa Promieniowania Synchrotronowego, zwany dalej Zarz\u0105dem, jest organem Polskiego Towarzystwa Promieniowania Synchrotronowego, zwanego dalej Towarzystwem. Zarz\u0105d jest uprawniony do zajmowania stanowiska we wszystkich sprawach dotycz\u0105cych dzia\u0142alno\u015bci Towarzystwa, chyba \u017ce Statut Polskiego&hellip;<\/p>\n<p> <a class=\"more-link\" href=\"https:\/\/synchrotron.org.pl\/?page_id=15650\">Czytaj dalej<\/a><\/p>\n","protected":false},"author":1,"featured_media":0,"parent":0,"menu_order":0,"comment_status":"closed","ping_status":"closed","template":"","meta":{"footnotes":""},"_links":{"self":[{"href":"https:\/\/synchrotron.org.pl\/index.php?rest_route=\/wp\/v2\/pages\/15650"}],"collection":[{"href":"https:\/\/synchrotron.org.pl\/index.php?rest_route=\/wp\/v2\/pages"}],"about":[{"href":"https:\/\/synchrotron.org.pl\/index.php?rest_route=\/wp\/v2\/types\/page"}],"author":[{"embeddable":true,"href":"https:\/\/synchrotron.org.pl\/index.php?rest_route=\/wp\/v2\/users\/1"}],"replies":[{"embeddable":true,"href":"https:\/\/synchrotron.org.pl\/index.php?rest_route=%2Fwp%2Fv2%2Fcomments&post=15650"}],"version-history":[{"count":8,"href":"https:\/\/synchrotron.org.pl\/index.php?rest_route=\/wp\/v2\/pages\/15650\/revisions"}],"predecessor-version":[{"id":15792,"href":"https:\/\/synchrotron.org.pl\/index.php?rest_route=\/wp\/v2\/pages\/15650\/revisions\/15792"}],"wp:attachment":[{"href":"https:\/\/synchrotron.org.pl\/index.php?rest_route=%2Fwp%2Fv2%2Fmedia&parent=15650"}],"curies":[{"name":"wp","href":"https:\/\/api.w.org\/{rel}","templated":true}]}}