{"id":15797,"date":"2020-10-16T23:50:11","date_gmt":"2020-10-16T21:50:11","guid":{"rendered":"https:\/\/synchrotron.org.pl\/?page_id=15797"},"modified":"2020-10-16T23:50:11","modified_gmt":"2020-10-16T21:50:11","slug":"pozegnanie-wojtka-wierzchowskiego","status":"publish","type":"page","link":"https:\/\/synchrotron.org.pl\/?page_id=15797","title":{"rendered":"Po\u017cegnanie Wojtka Wierzchowskiego"},"content":{"rendered":"<h1><strong>W<\/strong><strong>\u00a0dniu 04 czerwca 2018 z naszego grona odszed\u0142<\/strong><br \/>\n<strong>dr hab.\u00a0<a href=\"http:\/\/vold.synchrotron.org.pl\/publ\/doc\/WW.pdf\">Wojciech Wierzchowski<\/a>, Prof. ITME,<\/strong><br \/>\n<strong>wieloletni cz\u0142onek Polskiego Towarzystwa Promieniowania Synchrotronowego,<\/strong><br \/>\n<strong>fizyk, specjalista w dziedzinie krystalografii,<\/strong><br \/>\n<strong>autor licznych publikacji naukowych o zasi\u0119gu mi\u0119dzynarodowym.<\/strong><br \/>\n<strong>Pozostanie w naszej pami\u0119ci jako szlachetny cz\u0142owiek i wybitny naukowiec.<\/strong><br \/>\n<strong>Nabo\u017ce\u0144stwo \u017ca\u0142obne odby\u0142o si\u0119 dnia 8 czerwca 2018 r.<\/strong><\/h1>\n","protected":false},"excerpt":{"rendered":"<p>W\u00a0dniu 04 czerwca 2018 z naszego grona odszed\u0142 dr hab.\u00a0Wojciech Wierzchowski, Prof. ITME, wieloletni cz\u0142onek Polskiego Towarzystwa Promieniowania Synchrotronowego, fizyk, specjalista w dziedzinie krystalografii, autor licznych publikacji naukowych o zasi\u0119gu mi\u0119dzynarodowym. Pozostanie w naszej pami\u0119ci jako szlachetny cz\u0142owiek i wybitny naukowiec. Nabo\u017ce\u0144stwo \u017ca\u0142obne odby\u0142o si\u0119 dnia 8 czerwca 2018 r.<\/p>\n","protected":false},"author":1,"featured_media":0,"parent":0,"menu_order":0,"comment_status":"closed","ping_status":"closed","template":"","meta":{"footnotes":""},"_links":{"self":[{"href":"https:\/\/synchrotron.org.pl\/index.php?rest_route=\/wp\/v2\/pages\/15797"}],"collection":[{"href":"https:\/\/synchrotron.org.pl\/index.php?rest_route=\/wp\/v2\/pages"}],"about":[{"href":"https:\/\/synchrotron.org.pl\/index.php?rest_route=\/wp\/v2\/types\/page"}],"author":[{"embeddable":true,"href":"https:\/\/synchrotron.org.pl\/index.php?rest_route=\/wp\/v2\/users\/1"}],"replies":[{"embeddable":true,"href":"https:\/\/synchrotron.org.pl\/index.php?rest_route=%2Fwp%2Fv2%2Fcomments&post=15797"}],"version-history":[{"count":1,"href":"https:\/\/synchrotron.org.pl\/index.php?rest_route=\/wp\/v2\/pages\/15797\/revisions"}],"predecessor-version":[{"id":15798,"href":"https:\/\/synchrotron.org.pl\/index.php?rest_route=\/wp\/v2\/pages\/15797\/revisions\/15798"}],"wp:attachment":[{"href":"https:\/\/synchrotron.org.pl\/index.php?rest_route=%2Fwp%2Fv2%2Fmedia&parent=15797"}],"curies":[{"name":"wp","href":"https:\/\/api.w.org\/{rel}","templated":true}]}}