{"id":15799,"date":"2020-10-16T23:51:51","date_gmt":"2020-10-16T21:51:51","guid":{"rendered":"https:\/\/synchrotron.org.pl\/?page_id=15799"},"modified":"2020-10-16T23:51:51","modified_gmt":"2020-10-16T21:51:51","slug":"odeszla-maria-lefeld-sosnowska","status":"publish","type":"page","link":"https:\/\/synchrotron.org.pl\/?page_id=15799","title":{"rendered":"Odesz\u0142a Maria Lefeld-Sosnowska"},"content":{"rendered":"<h2>W dniu 18 kwietnia 2019 roku odesz\u0142a<\/p>\n<p>dr hab.\u00a0<strong>Maria Lefeld-Sosnowska<\/strong>, prof. nzw. UW<br \/>\nCz\u0142onek Za\u0142o\u017cyciel PTPS,<br \/>\nCz\u0142onek Zarz\u0105du,<br \/>\nWieloletni Cz\u0142onek Komisji Rewizyjnej.<\/p>\n<p>Z \u017calem wspominamy kole\u017cank\u0119, kt\u00f3ra wiele serca odda\u0142a naszemu Towarzystwu.<br \/>\nZarz\u0105d PTPS<\/p>\n<p>Nabo\u017ce\u0144stwo \u017ca\u0142obne odby\u0142o si\u0119 w czwartek 25 kwietnia o godzinie 12:00<br \/>\nw\u00a0 Kaplicy Halpert\u00f3w na Cmentarzu Ewangelicko\u2013Augsburskim<br \/>\nw Warszawie przy ul. M\u0142ynarskiej 54\/58<\/h2>\n","protected":false},"excerpt":{"rendered":"<p>W dniu 18 kwietnia 2019 roku odesz\u0142a dr hab.\u00a0Maria Lefeld-Sosnowska, prof. nzw. UW Cz\u0142onek Za\u0142o\u017cyciel PTPS, Cz\u0142onek Zarz\u0105du, Wieloletni Cz\u0142onek Komisji Rewizyjnej. Z \u017calem wspominamy kole\u017cank\u0119, kt\u00f3ra wiele serca odda\u0142a naszemu Towarzystwu. Zarz\u0105d PTPS Nabo\u017ce\u0144stwo \u017ca\u0142obne odby\u0142o si\u0119 w czwartek 25 kwietnia o godzinie 12:00 w\u00a0 Kaplicy Halpert\u00f3w na Cmentarzu&hellip;<\/p>\n<p> <a class=\"more-link\" href=\"https:\/\/synchrotron.org.pl\/?page_id=15799\">Czytaj dalej<\/a><\/p>\n","protected":false},"author":1,"featured_media":0,"parent":0,"menu_order":0,"comment_status":"closed","ping_status":"closed","template":"","meta":{"footnotes":""},"_links":{"self":[{"href":"https:\/\/synchrotron.org.pl\/index.php?rest_route=\/wp\/v2\/pages\/15799"}],"collection":[{"href":"https:\/\/synchrotron.org.pl\/index.php?rest_route=\/wp\/v2\/pages"}],"about":[{"href":"https:\/\/synchrotron.org.pl\/index.php?rest_route=\/wp\/v2\/types\/page"}],"author":[{"embeddable":true,"href":"https:\/\/synchrotron.org.pl\/index.php?rest_route=\/wp\/v2\/users\/1"}],"replies":[{"embeddable":true,"href":"https:\/\/synchrotron.org.pl\/index.php?rest_route=%2Fwp%2Fv2%2Fcomments&post=15799"}],"version-history":[{"count":1,"href":"https:\/\/synchrotron.org.pl\/index.php?rest_route=\/wp\/v2\/pages\/15799\/revisions"}],"predecessor-version":[{"id":15800,"href":"https:\/\/synchrotron.org.pl\/index.php?rest_route=\/wp\/v2\/pages\/15799\/revisions\/15800"}],"wp:attachment":[{"href":"https:\/\/synchrotron.org.pl\/index.php?rest_route=%2Fwp%2Fv2%2Fmedia&parent=15799"}],"curies":[{"name":"wp","href":"https:\/\/api.w.org\/{rel}","templated":true}]}}