{"id":16560,"date":"2023-11-17T10:10:51","date_gmt":"2023-11-17T09:10:51","guid":{"rendered":"https:\/\/synchrotron.org.pl\/?page_id=16560"},"modified":"2023-11-23T14:25:04","modified_gmt":"2023-11-23T13:25:04","slug":"obwieszczenie-komisji-wyborczej","status":"publish","type":"page","link":"https:\/\/synchrotron.org.pl\/?page_id=16560","title":{"rendered":"Obwieszczenie Komisji Wyborczej"},"content":{"rendered":"<p class=\"western\" lang=\"pl-PL\"><span style=\"font-family: Times New Roman, serif;\"><span style=\"font-size: medium;\">Komisja Wyborcza przeprowadzi\u0142a drog\u0105 elektroniczn\u0105 wybory w\u0142adz PTPS. <\/span><\/span><\/p>\n<p class=\"western\"><span style=\"color: #2c363a;\"><span style=\"font-family: Times New Roman, serif;\"><span style=\"font-size: medium;\"><span lang=\"pl-PL\">Dr<\/span><\/span><\/span><\/span><span style=\"font-family: Times New Roman, serif;\"><span style=\"font-size: medium;\"><span lang=\"pl-PL\">\u00a0<\/span><\/span><\/span><span style=\"color: #2c363a;\"><span style=\"font-family: Times New Roman, serif;\"><span style=\"font-size: medium;\"><span lang=\"pl-PL\">hab.<\/span><\/span><\/span><\/span><span style=\"font-family: Times New Roman, serif;\"><span style=\"font-size: medium;\"><span lang=\"pl-PL\">\u00a0<\/span><\/span><\/span><span style=\"color: #2c363a;\"><span style=\"font-family: Times New Roman, serif;\"><span style=\"font-size: medium;\"><span lang=\"pl-PL\">in\u017c.<\/span><\/span><\/span><\/span><span style=\"font-family: Times New Roman, serif;\"><span style=\"font-size: medium;\"><span lang=\"pl-PL\">\u00a0<\/span><\/span><\/span><span style=\"color: #2c363a;\"><span style=\"font-family: Times New Roman, serif;\"><span style=\"font-size: medium;\"><span lang=\"pl-PL\">Agnieszka Witkowska, prof.<\/span><\/span><\/span><\/span><span style=\"font-family: Times New Roman, serif;\"><span style=\"font-size: medium;\"><span lang=\"pl-PL\">\u00a0<\/span><\/span><\/span><span style=\"color: #2c363a;\"><span style=\"font-family: Times New Roman, serif;\"><span style=\"font-size: medium;\"><span lang=\"pl-PL\">PG zosta\u0142a wybrana na stanowisko Prezesa PTPS na kadencj\u0119 2023-2027. <\/span><\/span><\/span><\/span><\/p>\n<p class=\"western\"><span style=\"font-family: Times New Roman, serif;\"><span style=\"font-size: medium;\"><span lang=\"pl-PL\">Wyniki wybor\u00f3w Zarz\u0105du i Komisji Rewizyjnej PTPS opisuj\u0105 poni\u017csze protoko\u0142y:<\/span><\/span><\/span><\/p>\n<p class=\"western\">\u2013\u00a0<a href=\"https:\/\/synchrotron.org.pl\/wp-content\/uploads\/2023\/11\/WyboryPrezesaPTPS_2023protokol.pdf\"><span style=\"color: #00a0de;\"><span style=\"font-family: Times New Roman, serif;\"><span style=\"font-size: medium;\"><span lang=\"pl-PL\">protok\u00f3\u0142 g\u0142osowania elektronicznego w wyborach Prezesa PTPS<\/span><\/span><\/span><\/span><\/a><\/p>\n<p class=\"western\">\u2013\u00a0<a href=\"https:\/\/synchrotron.org.pl\/wp-content\/uploads\/2023\/11\/protokol_wyboryZadzad_KRewizyjna2023.pdf\"><span style=\"color: #00a0de;\"><span style=\"font-family: Times New Roman, serif;\"><span style=\"font-size: medium;\"><span lang=\"pl-PL\">protok\u00f3\u0142 g\u0142osowania elektronicznego w wyborach Zarz\u0105du i Komisji Rewizyjnej PTPS<\/span><\/span><\/span><\/span><\/a><span style=\"font-family: Times New Roman, serif;\"><span style=\"font-size: medium;\"><span lang=\"pl-PL\">.<\/span><\/span><\/span><\/p>\n","protected":false},"excerpt":{"rendered":"<p>Komisja Wyborcza przeprowadzi\u0142a drog\u0105 elektroniczn\u0105 wybory w\u0142adz PTPS. Dr\u00a0hab.\u00a0in\u017c.\u00a0Agnieszka Witkowska, prof.\u00a0PG zosta\u0142a wybrana na stanowisko Prezesa PTPS na kadencj\u0119 2023-2027. Wyniki wybor\u00f3w Zarz\u0105du i Komisji Rewizyjnej PTPS opisuj\u0105 poni\u017csze protoko\u0142y: \u2013\u00a0protok\u00f3\u0142 g\u0142osowania elektronicznego w wyborach Prezesa PTPS \u2013\u00a0protok\u00f3\u0142 g\u0142osowania elektronicznego w wyborach Zarz\u0105du i Komisji Rewizyjnej PTPS.<\/p>\n","protected":false},"author":3,"featured_media":0,"parent":0,"menu_order":0,"comment_status":"closed","ping_status":"closed","template":"","meta":{"footnotes":""},"_links":{"self":[{"href":"https:\/\/synchrotron.org.pl\/index.php?rest_route=\/wp\/v2\/pages\/16560"}],"collection":[{"href":"https:\/\/synchrotron.org.pl\/index.php?rest_route=\/wp\/v2\/pages"}],"about":[{"href":"https:\/\/synchrotron.org.pl\/index.php?rest_route=\/wp\/v2\/types\/page"}],"author":[{"embeddable":true,"href":"https:\/\/synchrotron.org.pl\/index.php?rest_route=\/wp\/v2\/users\/3"}],"replies":[{"embeddable":true,"href":"https:\/\/synchrotron.org.pl\/index.php?rest_route=%2Fwp%2Fv2%2Fcomments&post=16560"}],"version-history":[{"count":5,"href":"https:\/\/synchrotron.org.pl\/index.php?rest_route=\/wp\/v2\/pages\/16560\/revisions"}],"predecessor-version":[{"id":16568,"href":"https:\/\/synchrotron.org.pl\/index.php?rest_route=\/wp\/v2\/pages\/16560\/revisions\/16568"}],"wp:attachment":[{"href":"https:\/\/synchrotron.org.pl\/index.php?rest_route=%2Fwp%2Fv2%2Fmedia&parent=16560"}],"curies":[{"name":"wp","href":"https:\/\/api.w.org\/{rel}","templated":true}]}}