{"id":17431,"date":"2025-02-01T10:44:30","date_gmt":"2025-02-01T09:44:30","guid":{"rendered":"https:\/\/synchrotron.org.pl\/?page_id=17431"},"modified":"2025-02-01T12:15:20","modified_gmt":"2025-02-01T11:15:20","slug":"archiwum-ciekawych-informacji","status":"publish","type":"page","link":"https:\/\/synchrotron.org.pl\/?page_id=17431","title":{"rendered":"Archiwum ciekawych informacji"},"content":{"rendered":"<ul>\n<li><a href=\"http:\/\/www.synchrotron.org.pl\/publ\/doc\/old_site\/index.html\" target=\"_blank\" rel=\"noopener noreferrer\">Archiwalna witryna PTPS &#8211; 2006<\/a><\/li>\n<li><a href=\"https:\/\/synchrotron.org.pl\/?page_id=12136\" target=\"_blank\" rel=\"noopener\">Podpisanie umowy pomi\u0119dzy IF PAN i ESRF na dost\u0119p polskich u\u017cytkownik\u00f3w do Europejskiego Synchorotronu w Grenoble<\/a><\/li>\n<li><a href=\"https:\/\/synchrotron.org.pl\/?page_id=12182\" target=\"_blank\" rel=\"noopener\">I sta\u0142a si\u0119 jasno\u015b\u0107 !!! Mamy pierwsze \u015bwiat\u0142o w SOLARIS !!!<\/a><\/li>\n<li><a href=\"https:\/\/synchrotron.org.pl\/?page_id=12121\" target=\"_blank\" rel=\"noopener\">Pierwsze wyniki z SOLARISa opublikowane w Scientific Reports<\/a><\/li>\n<li><a href=\"https:\/\/synchrotron.org.pl\/?page_id=12171\" target=\"_blank\" rel=\"noopener\">Pierwsze wyniki obrazowania PEEM na synchrotronie SOLARIS<\/a><\/li>\n<\/ul>\n<p>&nbsp;<\/p>\n","protected":false},"excerpt":{"rendered":"<p>Archiwalna witryna PTPS &#8211; 2006 Podpisanie umowy pomi\u0119dzy IF PAN i ESRF na dost\u0119p polskich u\u017cytkownik\u00f3w do Europejskiego Synchorotronu w Grenoble I sta\u0142a si\u0119 jasno\u015b\u0107 !!! Mamy pierwsze \u015bwiat\u0142o w SOLARIS !!! Pierwsze wyniki z SOLARISa opublikowane w Scientific Reports Pierwsze wyniki obrazowania PEEM na synchrotronie SOLARIS &nbsp;<\/p>\n","protected":false},"author":7,"featured_media":0,"parent":0,"menu_order":0,"comment_status":"closed","ping_status":"closed","template":"","meta":{"footnotes":""},"_links":{"self":[{"href":"https:\/\/synchrotron.org.pl\/index.php?rest_route=\/wp\/v2\/pages\/17431"}],"collection":[{"href":"https:\/\/synchrotron.org.pl\/index.php?rest_route=\/wp\/v2\/pages"}],"about":[{"href":"https:\/\/synchrotron.org.pl\/index.php?rest_route=\/wp\/v2\/types\/page"}],"author":[{"embeddable":true,"href":"https:\/\/synchrotron.org.pl\/index.php?rest_route=\/wp\/v2\/users\/7"}],"replies":[{"embeddable":true,"href":"https:\/\/synchrotron.org.pl\/index.php?rest_route=%2Fwp%2Fv2%2Fcomments&post=17431"}],"version-history":[{"count":3,"href":"https:\/\/synchrotron.org.pl\/index.php?rest_route=\/wp\/v2\/pages\/17431\/revisions"}],"predecessor-version":[{"id":17459,"href":"https:\/\/synchrotron.org.pl\/index.php?rest_route=\/wp\/v2\/pages\/17431\/revisions\/17459"}],"wp:attachment":[{"href":"https:\/\/synchrotron.org.pl\/index.php?rest_route=%2Fwp%2Fv2%2Fmedia&parent=17431"}],"curies":[{"name":"wp","href":"https:\/\/api.w.org\/{rel}","templated":true}]}}