{"id":17450,"date":"2025-02-01T12:02:35","date_gmt":"2025-02-01T11:02:35","guid":{"rendered":"https:\/\/synchrotron.org.pl\/?page_id=17450"},"modified":"2025-02-06T17:12:31","modified_gmt":"2025-02-06T16:12:31","slug":"wsparcie-badan-synchrotronowych","status":"publish","type":"page","link":"https:\/\/synchrotron.org.pl\/?page_id=17450","title":{"rendered":"Wsparcie bada\u0144 synchrotronowych"},"content":{"rendered":"<p><strong><a href=\"https:\/\/synchrotron.pl\/\" target=\"_blank\" rel=\"noopener\">Polski synchrotron SOLARIS<\/a><\/strong><\/p>\n<p>Narodowe Centrum Promieniowania Synchrotronowego SOLARIS w Krakowie oferuje u\u017cytkownikom bezp\u0142atny dost\u0119p do kilkunastu synchrotronowych stacji eksperymentalnych oraz elektronowych kriomikroskop\u00f3w transmisyjnych. U\u017cytkownik ma zapewnione wsparcie techniczne i merytoryczne. Dla m\u0142odych badaczy z Polski oferowany b\u0119dzie wkr\u00f3tce program refundacji koszt\u00f3w podr\u00f3\u017cy i pobytu.<\/p>\n<p>&nbsp;<\/p>\n<p><a href=\"https:\/\/www.esrf.fr\/\" target=\"_blank\" rel=\"noopener\"><strong>Europejski synchrotron (ESRF)<\/strong><\/a><\/p>\n<p>ESRF oferuje u\u017cytkownikom dost\u0119p do kompletnego zestawu technik synchrotronowych. U\u017cytkownik ma zapewnione wsparcie techniczne, noclegi i wy\u017cywienie oraz podr\u00f3\u017c. Dost\u0119p do ESRF dla polskich u\u017cytkownik\u00f3w zapewniony jest dzi\u0119ki grantowi MNiSW. Dodatkowo mo\u017cna si\u0119 stara\u0107 o dofinansowanie uczestnictwa w konferencjach: <a href=\"https:\/\/esrf.ifpan.edu.pl\/\" target=\"_blank\" rel=\"noopener\">https:\/\/esrf.ifpan.edu.pl\/<\/a><\/p>\n<p>&nbsp;<\/p>\n<p><a href=\"https:\/\/www.xfel.eu\/\" target=\"_blank\" rel=\"noopener\"><strong>Europejski laser na swobodnych elektronach (EuXFEL)<\/strong><\/a><\/p>\n<p>Dost\u0119p do European XFEL dla polskich u\u017cytkownik\u00f3w zapewniony jest dzi\u0119ki grantowi MNiSW. Dodatkowo dzia\u0142a <a href=\"https:\/\/www.ifpan.edu.pl\/cd-xfel\/\" target=\"_blank\" rel=\"noopener\">Centrum Doskona\u0142o\u015bci XFEL<\/a>, kt\u00f3re wspiera polskich naukowc\u00f3w w wykorzystaniu laser\u00f3w rentgenowskich poprzez:<\/p>\n<ul>\n<li>kursy dla student\u00f3w i doktorant\u00f3w<\/li>\n<li>organizacj\u0119 sesji naukowych<\/li>\n<li>organizacj\u0119 warsztat\u00f3w tematycznych<\/li>\n<li>finansowanie wyjazd\u00f3w na wydarzenia\/konferencje<\/li>\n<li>sta\u017ce dla m\u0142odych naukowc\u00f3w<\/li>\n<li>wsparcie przy realizacji bada\u0144 wst\u0119pnych<\/li>\n<\/ul>\n<p>&nbsp;<\/p>\n<p><a href=\"https:\/\/www.ceric-eric.eu\/\" target=\"_blank\" rel=\"noopener\"><strong>Central European Research Infrastructure Consortium (CERIC-ERIC)<\/strong><\/a><\/p>\n<p>Konsorcjum zapewnia skoordynowany dost\u0119p do kilkunastu <a href=\"https:\/\/www.ceric-eric.eu\/users\/labs-and-instruments\/\" target=\"_blank\" rel=\"noopener\">europejskich laboratori\u00f3w i urz\u0105dze\u0144 badawczych<\/a><\/p>\n<p>Opr\u00f3cz dost\u0119pu do oferowanej w ramach programu infrastruktury badawczej, wraz z technicznym i naukowym wsparciem podczas przygotowywania wniosk\u00f3w, pomiar\u00f3w i analizy danych, dost\u0119pne jest tak\u017ce cz\u0119\u015bciowe wsparcie mobilno\u015bci u\u017cytkownik\u00f3w. Maksymalnie dw\u00f3ch u\u017cytkownik\u00f3w mo\u017ce skorzysta\u0107 ze wsparcia w zakresie podr\u00f3\u017cy i zakwaterowania.<\/p>\n<p>&nbsp;<\/p>\n<p><a href=\"https:\/\/beamtime.eu\/\" target=\"_blank\" rel=\"noopener\"><strong>Projekt NEPHEWS<\/strong><\/a><\/p>\n<p>Projekt oferuje dost\u0119p do 8 \u017ar\u00f3de\u0142 promieniowania synchrotronowego (SOLARIS, ALBA, ELETTRA, BESSY II, ISA, PETRA III, MAXIV, SOLEIL) i 5 laser\u00f3w na swobodnych elektronach (TARLA, FERMI, FELIX, FLASH, ELBE) oraz wspiera u\u017cytkownik\u00f3w tych \u017ar\u00f3de\u0142 poprzez nast\u0119puj\u0105ce trzy programy:<\/p>\n<ul>\n<li><a href=\"https:\/\/beamtime.eu\/programmes-support\/tna\/\" target=\"_blank\" rel=\"noopener\">Program TNA<\/a>, kt\u00f3ry obejmuje koszty podr\u00f3\u017cy i zakwaterowania dla maksymalnie dw\u00f3ch cz\u0142onk\u00f3w zespo\u0142u badawczego przeprowadzaj\u0105cych pomiary, pod warunkiem, \u017ce maj\u0105 afiliacj\u0119 innego kraju ni\u017c ten, w kt\u00f3rym znajduje si\u0119 dana infrastruktura.<\/li>\n<li><a href=\"https:\/\/beamtime.eu\/programmes-support\/twinning\/\" target=\"_blank\" rel=\"noopener\">Program Twinning<\/a>, kt\u00f3ry obejmuje koszty podr\u00f3\u017cy i zakwaterowania dla nowego u\u017cytkownika, kt\u00f3ry do\u0142\u0105cza do do\u015bwiadczonego zespo\u0142u badawczego przeprowadzaj\u0105cego pomiary w ramach przyznanego czasu badawczego.<\/li>\n<li><a href=\"https:\/\/beamtime.eu\/programmes-support\/esrs\/\" target=\"_blank\" rel=\"noopener\">Program ESR<\/a>, kt\u00f3ry oferuje m\u0142odym naukowcom (early stage researchers) sta\u017ce, \u0142\u0105cznie z pokryciem koszt\u00f3w podr\u00f3\u017cy i zakwaterowania.<\/li>\n<\/ul>\n<p>&nbsp;<\/p>\n<p><a href=\"https:\/\/riana-project.eu\/\" target=\"_blank\" rel=\"noopener\"><strong>Projekt RIANA<\/strong><\/a><\/p>\n<p>RIANA to projekt wspieraj\u0105cy badania w dziedzinie nanonauki i nanotechnologii. Oferuje dost\u0119p do 69 infrastruktur (nie tylko synchrotron\u00f3w) w 22 krajach w Europie. Dost\u0119p do obiekt\u00f3w jest bezp\u0142atny i obejmuje wsparcie logistyczne, technologiczne i naukowe, a tak\u017ce specjalistyczne szkolenia. Ponadto, udzielane jest wsparcie finansowe na pokrycie koszt\u00f3w podr\u00f3\u017cy i utrzymania. W ramach TNA mo\u017cna osobi\u015bcie wykona\u0107 badania lub skorzysta\u0107 z dost\u0119pu zdalnego, kt\u00f3ry mo\u017ce obejmowa\u0107 np. analiz\u0119 przes\u0142anych pr\u00f3bek, zdalny dost\u0119p do infrastruktury obliczeniowej o wysokiej wydajno\u015bci, bez konieczno\u015bci podr\u00f3\u017cowania do infrastruktury.<\/p>\n<p>Aby kwalifikowa\u0107 si\u0119 do TNA, musz\u0105 by\u0107 spe\u0142nione nast\u0119puj\u0105ce kryteria:<\/p>\n<ul>\n<li>lider i wi\u0119kszo\u015b\u0107 zespo\u0142u musz\u0105 pracowa\u0107 w kraju innym ni\u017c kraj, w kt\u00f3rym znajduje si\u0119 infrastruktura, chyba \u017ce dost\u0119p jest zapewniany przez organizacj\u0119 mi\u0119dzynarodow\u0105, tak\u0105 jak ERIC;<\/li>\n<li>u\u017cytkownicy s\u0105 zobowi\u0105zani do publikowania wynik\u00f3w.<\/li>\n<\/ul>\n<p>Praktyczne informacje o procedurze sk\u0142adania wniosk\u00f3w mo\u017cna znale\u017a\u0107 na stronie: <a href=\"https:\/\/riana-project.eu\/user-access-guidelines\/\" target=\"_blank\" rel=\"noopener\">https:\/\/riana-project.eu\/user-access-guidelines\/<\/a><\/p>\n<p>&nbsp;<\/p>\n<p><a href=\"https:\/\/remade-project.eu\/\" target=\"_blank\" rel=\"noopener\"><strong>Projekt ReMade@ARI<\/strong><\/a><\/p>\n<p>Projekt ReMade ma na celu wspieranie rozwoju innowacyjnych i zr\u00f3wnowa\u017conych materia\u0142\u00f3w poprzez zapewnienie naukowcom narz\u0119dzi analitycznych umo\u017cliwiaj\u0105cych badanie w\u0142a\u015bciwo\u015bci i struktury tych materia\u0142\u00f3w, a\u017c do rozdzielczo\u015bci atomowej. Dost\u0119p do obiekt\u00f3w jest bezp\u0142atny i obejmuje wsparcie logistyczne, technologiczne i naukowe, a tak\u017ce specjalistyczne szkolenia. Ponadto, udzielane jest wsparcie na pokrycie koszt\u00f3w podr\u00f3\u017cy i utrzymania.<\/p>\n<p>W ramach TNA mo\u017cna osobi\u015bcie wykona\u0107 badania lub skorzysta\u0107 z dost\u0119pu zdalnego, kt\u00f3ry mo\u017ce obejmowa\u0107 np. analiz\u0119 przes\u0142anych pr\u00f3bek, zdalny dost\u0119p do infrastruktury obliczeniowej o wysokiej wydajno\u015bci, bez konieczno\u015bci podr\u00f3\u017cowania do infrastruktury.<\/p>\n<p>Aby kwalifikowa\u0107 si\u0119 do TNA, musz\u0105 by\u0107 spe\u0142nione nast\u0119puj\u0105ce kryteria:<\/p>\n<ul>\n<li>lider i wi\u0119kszo\u015b\u0107 zespo\u0142u musz\u0105 pracowa\u0107 w kraju innym ni\u017c kraj, w kt\u00f3rym znajduje si\u0119 infrastruktura, chyba \u017ce dost\u0119p jest zapewniany przez organizacj\u0119 mi\u0119dzynarodow\u0105, tak\u0105 jak ERIC.<\/li>\n<li>u\u017cytkownicy s\u0105 zobowi\u0105zani do publikowania wynik\u00f3w.<\/li>\n<\/ul>\n<p>&nbsp;<\/p>\n<p><a href=\"https:\/\/eli-laser.eu\/\" target=\"_blank\" rel=\"noopener\"><strong>Europejska infrastruktura laserowa (ELI-ERIC)<\/strong><\/a><\/p>\n<p>ELI to infrastruktura oparta na systemach laserowych o du\u017cej mocy i wysokiej cz\u0119stotliwo\u015bci powt\u00f3rze\u0144. W jej sk\u0142ad wchodz\u0105 3 o\u015brodki zlokalizowane w Czechach (ELI Beamlines), na W\u0119grzech (ELI-ALPS) i w Rumunii (ELI-NP).<\/p>\n<p>&nbsp;<\/p>\n<p><a href=\"https:\/\/lasers4.eu\/\" target=\"_blank\" rel=\"noopener\"><strong>Lasers4EU<\/strong><\/a><\/p>\n<p>Jest to platforma umo\u017cliwiaj\u0105ca dost\u0119p do europejskich infrastruktur badawczych w zakresie laser\u00f3w. W jej sk\u0142ad wchodzi 29 jednostek. Grupy u\u017cytkownik\u00f3w z dowolnego kraju na \u015bwiecie mog\u0105 korzysta\u0107 z dost\u0119pu do infrastruktury, je\u015bli spe\u0142niaj\u0105 nast\u0119puj\u0105ce warunki:<\/p>\n<ul>\n<li>zar\u00f3wno lider grupy u\u017cytkownik\u00f3w, jak i wi\u0119kszo\u015b\u0107 u\u017cytkownik\u00f3w musi pracowa\u0107 w kraju innym ni\u017c kraj(e), w kt\u00f3rym(ych) znajduje(\u0105) si\u0119 infrastruktura badawcza;<\/li>\n<li>tylko grupy u\u017cytkownik\u00f3w, kt\u00f3re mog\u0105 publikowa\u0107 wyniki swoich projekt\u00f3w zgodnie z wymogami otwartego dost\u0119pu, mog\u0105 korzysta\u0107 z dost\u0119pu transnarodowego, chyba \u017ce u\u017cytkownicy pracuj\u0105 dla M\u015aP.<\/li>\n<\/ul>\n<p>&nbsp;<\/p>\n<p>&nbsp;<\/p>\n<p>&nbsp;<\/p>\n","protected":false},"excerpt":{"rendered":"<p>Polski synchrotron SOLARIS Narodowe Centrum Promieniowania Synchrotronowego SOLARIS w Krakowie oferuje u\u017cytkownikom bezp\u0142atny dost\u0119p do kilkunastu synchrotronowych stacji eksperymentalnych oraz elektronowych kriomikroskop\u00f3w transmisyjnych. U\u017cytkownik ma zapewnione wsparcie techniczne i merytoryczne. Dla m\u0142odych badaczy z Polski oferowany b\u0119dzie wkr\u00f3tce program refundacji koszt\u00f3w podr\u00f3\u017cy i pobytu. &nbsp; Europejski synchrotron (ESRF) ESRF oferuje&hellip;<\/p>\n<p> <a class=\"more-link\" href=\"https:\/\/synchrotron.org.pl\/?page_id=17450\">Czytaj dalej<\/a><\/p>\n","protected":false},"author":7,"featured_media":0,"parent":0,"menu_order":0,"comment_status":"closed","ping_status":"closed","template":"","meta":{"footnotes":""},"_links":{"self":[{"href":"https:\/\/synchrotron.org.pl\/index.php?rest_route=\/wp\/v2\/pages\/17450"}],"collection":[{"href":"https:\/\/synchrotron.org.pl\/index.php?rest_route=\/wp\/v2\/pages"}],"about":[{"href":"https:\/\/synchrotron.org.pl\/index.php?rest_route=\/wp\/v2\/types\/page"}],"author":[{"embeddable":true,"href":"https:\/\/synchrotron.org.pl\/index.php?rest_route=\/wp\/v2\/users\/7"}],"replies":[{"embeddable":true,"href":"https:\/\/synchrotron.org.pl\/index.php?rest_route=%2Fwp%2Fv2%2Fcomments&post=17450"}],"version-history":[{"count":10,"href":"https:\/\/synchrotron.org.pl\/index.php?rest_route=\/wp\/v2\/pages\/17450\/revisions"}],"predecessor-version":[{"id":17517,"href":"https:\/\/synchrotron.org.pl\/index.php?rest_route=\/wp\/v2\/pages\/17450\/revisions\/17517"}],"wp:attachment":[{"href":"https:\/\/synchrotron.org.pl\/index.php?rest_route=%2Fwp%2Fv2%2Fmedia&parent=17450"}],"curies":[{"name":"wp","href":"https:\/\/api.w.org\/{rel}","templated":true}]}}