{"id":17583,"date":"2025-07-01T16:24:16","date_gmt":"2025-07-01T15:24:16","guid":{"rendered":"https:\/\/synchrotron.org.pl\/?page_id=17583"},"modified":"2025-10-03T19:50:12","modified_gmt":"2025-10-03T18:50:12","slug":"publikacje-ksiazkowe-wydane-nakladem-ptps","status":"publish","type":"page","link":"https:\/\/synchrotron.org.pl\/?page_id=17583","title":{"rendered":"Publikacje ksi\u0105\u017ckowe wydane nak\u0142adem PTPS"},"content":{"rendered":"<p>Nak\u0142adem Wydawnictwa Naukowego UAM, ukaza\u0142a si\u0119 ksi\u0105\u017cka \u201cPromieniowanie synchrotronowe w fizyce i chemii cia\u0142a sta\u0142ego \u2013 wybrane zagadnienia\u201d. Wydanie sfinansowa\u0142o Polskie Towarzystwo Promieniowania Synchrotronowego, status Open Access, j\u0119zyk polski.<\/p>\n<p>Tematyka ksi\u0105\u017cki, poza opisem konstrukcji i dzia\u0142ania synchrotron\u00f3w, obejmuje opis wielu technik spektroskopowych i dyfrakcyjnych. Powinna by\u0107 pomocna w dzia\u0142alno\u015bci edukacyjnej.<\/p>\n<p>Ksi\u0105\u017cka jest do pobrania z adresu wydawnictwa\u00a0 <a href=\"https:\/\/hdl.handle.net\/10593\/28307\" target=\"_blank\" rel=\"noopener\">https:\/\/hdl.handle.net\/10593\/28307<\/a><\/p>\n<p>W przypadku gdy powy\u017cszy link nie dzia\u0142a poprawnie, prosimy o kontakt z sekretarzem PTPS: <a href=\"mailto:sekretarz@synchrotron.org.pl\">sekretarz@synchrotron.org.pl<\/a><\/p>\n","protected":false},"excerpt":{"rendered":"<p>Nak\u0142adem Wydawnictwa Naukowego UAM, ukaza\u0142a si\u0119 ksi\u0105\u017cka \u201cPromieniowanie synchrotronowe w fizyce i chemii cia\u0142a sta\u0142ego \u2013 wybrane zagadnienia\u201d. Wydanie sfinansowa\u0142o Polskie Towarzystwo Promieniowania Synchrotronowego, status Open Access, j\u0119zyk polski. Tematyka ksi\u0105\u017cki, poza opisem konstrukcji i dzia\u0142ania synchrotron\u00f3w, obejmuje opis wielu technik spektroskopowych i dyfrakcyjnych. Powinna by\u0107 pomocna w dzia\u0142alno\u015bci edukacyjnej.&hellip;<\/p>\n<p> <a class=\"more-link\" href=\"https:\/\/synchrotron.org.pl\/?page_id=17583\">Czytaj dalej<\/a><\/p>\n","protected":false},"author":3,"featured_media":0,"parent":0,"menu_order":0,"comment_status":"closed","ping_status":"closed","template":"","meta":{"footnotes":""},"_links":{"self":[{"href":"https:\/\/synchrotron.org.pl\/index.php?rest_route=\/wp\/v2\/pages\/17583"}],"collection":[{"href":"https:\/\/synchrotron.org.pl\/index.php?rest_route=\/wp\/v2\/pages"}],"about":[{"href":"https:\/\/synchrotron.org.pl\/index.php?rest_route=\/wp\/v2\/types\/page"}],"author":[{"embeddable":true,"href":"https:\/\/synchrotron.org.pl\/index.php?rest_route=\/wp\/v2\/users\/3"}],"replies":[{"embeddable":true,"href":"https:\/\/synchrotron.org.pl\/index.php?rest_route=%2Fwp%2Fv2%2Fcomments&post=17583"}],"version-history":[{"count":7,"href":"https:\/\/synchrotron.org.pl\/index.php?rest_route=\/wp\/v2\/pages\/17583\/revisions"}],"predecessor-version":[{"id":17611,"href":"https:\/\/synchrotron.org.pl\/index.php?rest_route=\/wp\/v2\/pages\/17583\/revisions\/17611"}],"wp:attachment":[{"href":"https:\/\/synchrotron.org.pl\/index.php?rest_route=%2Fwp%2Fv2%2Fmedia&parent=17583"}],"curies":[{"name":"wp","href":"https:\/\/api.w.org\/{rel}","templated":true}]}}