{"id":17616,"date":"2025-10-08T22:21:04","date_gmt":"2025-10-08T21:21:04","guid":{"rendered":"https:\/\/synchrotron.org.pl\/?page_id=17616"},"modified":"2025-10-08T22:32:39","modified_gmt":"2025-10-08T21:32:39","slug":"wybory-wladz-2023-2","status":"publish","type":"page","link":"https:\/\/synchrotron.org.pl\/?page_id=17616","title":{"rendered":"Wybory w\u0142adz 2023"},"content":{"rendered":"\t\t<div data-elementor-type=\"wp-page\" data-elementor-id=\"17616\" class=\"elementor elementor-17616\" data-elementor-settings=\"[]\">\n\t\t\t\t\t\t<div class=\"elementor-inner\">\n\t\t\t\t\t\t\t<div class=\"elementor-section-wrap\">\n\t\t\t\t\t\t\t<section class=\"elementor-section elementor-top-section elementor-element elementor-element-205956bf elementor-section-boxed elementor-section-height-default elementor-section-height-default\" data-id=\"205956bf\" data-element_type=\"section\">\n\t\t\t\t\t\t<div class=\"elementor-container elementor-column-gap-default\">\n\t\t\t\t\t\t\t<div class=\"elementor-row\">\n\t\t\t\t\t<div class=\"elementor-column elementor-col-100 elementor-top-column elementor-element elementor-element-3c112953\" data-id=\"3c112953\" data-element_type=\"column\">\n\t\t\t<div class=\"elementor-column-wrap elementor-element-populated\">\n\t\t\t\t\t\t\t<div class=\"elementor-widget-wrap\">\n\t\t\t\t\t\t<div class=\"elementor-element elementor-element-378c1880 elementor-widget elementor-widget-text-editor\" data-id=\"378c1880\" data-element_type=\"widget\" data-widget_type=\"text-editor.default\">\n\t\t\t\t<div class=\"elementor-widget-container\">\n\t\t\t\t\t\t\t\t<div class=\"elementor-text-editor elementor-clearfix\">\n\t\t\t\t<p class=\"western\"><span lang=\"pl-PL\">W trakcie Walnego Zebrania, kt\u00f3re odby\u0142o si\u0119 dnia 28 wrze\u015bnia 2023 roku, zosta\u0142a powo\u0142ana <\/span><span lang=\"pl-PL\"><b>Komisja Wyborcza<\/b><\/span><span lang=\"pl-PL\">.<\/span><\/p><p class=\"western\"><span lang=\"pl-PL\">Sk\u0142ad\u00a0<\/span><span lang=\"pl-PL\"><b>Komisji Wyborczej<\/b><\/span> <span lang=\"pl-PL\">jest nast\u0119puj\u0105cy:<\/span><\/p><p class=\"western\">\u2013 <span lang=\"pl-PL\"><b>Aleksandra Drzewiecka-Antonik<\/b><\/span><span lang=\"pl-PL\">\u00a0(IF PAN, Warszawa) \u2013 Przewodnicz\u0105ca<br \/>\u2013\u00a0<\/span><span lang=\"pl-PL\"><b>Anna Reszka<\/b><\/span><span lang=\"pl-PL\"> (IF PAN, Warszawa) \u2013 Sekretarz<br \/>\u2013\u00a0<\/span><span lang=\"pl-PL\"><b>Jakub Szlachetko<\/b><\/span><span lang=\"pl-PL\">\u00a0(UJ, Krak\u00f3w) \u2013 Cz\u0142onek<\/span><\/p><p class=\"western\"><span lang=\"pl-PL\">Zgodnie z uchwa\u0142\u0105 Zarz\u0105du PTPS podj\u0119t\u0105 w dniu 5 pa\u017adziernika 2023 roku w tegorocznych wyborach Prezesa PTPS, cz\u0142onk\u00f3w Zarz\u0105du PTPS i cz\u0142onk\u00f3w Komisji Rewizyjnej PTPS na kadencj\u0119 2023-2027 g\u0142osowania zostan\u0105 przeprowadzone drog\u0105 internetow\u0105.<\/span><\/p><p>Osoby kandyduj\u0105ce do w\u0142adz PTPS proszone s\u0105 o przes\u0142anie na adres <a href=\"mailto:wybory@synchrotron.org.pl\">wybory@synchrotron.org.pl<\/a> swojej <a href=\"https:\/\/synchrotron.org.pl\/wp-content\/uploads\/2023\/10\/Kandydat_PTPS_zgoda.pdf\">zgody<\/a>.<\/p><p><a href=\"https:\/\/synchrotron.org.pl\/wp-content\/uploads\/2023\/10\/Kandydat_PTPS_zgoda.docx\">Tekst zgody na kandydowanie oraz przechowywanie i przetwarzanie danych osobowych w formacie .docx .<\/a><\/p>\t\t\t\t\t<\/div>\n\t\t\t\t\t\t<\/div>\n\t\t\t\t<\/div>\n\t\t\t\t\t\t<\/div>\n\t\t\t\t\t<\/div>\n\t\t<\/div>\n\t\t\t\t\t\t\t\t<\/div>\n\t\t\t\t\t<\/div>\n\t\t<\/section>\n\t\t\t\t<section class=\"elementor-section elementor-top-section elementor-element elementor-element-4a24f8c elementor-section-boxed elementor-section-height-default elementor-section-height-default\" data-id=\"4a24f8c\" data-element_type=\"section\">\n\t\t\t\t\t\t<div class=\"elementor-container elementor-column-gap-default\">\n\t\t\t\t\t\t\t<div class=\"elementor-row\">\n\t\t\t\t\t<div class=\"elementor-column elementor-col-100 elementor-top-column elementor-element elementor-element-557b16f\" data-id=\"557b16f\" data-element_type=\"column\">\n\t\t\t<div class=\"elementor-column-wrap elementor-element-populated\">\n\t\t\t\t\t\t\t<div class=\"elementor-widget-wrap\">\n\t\t\t\t\t\t<div class=\"elementor-element elementor-element-5d6b19d elementor-widget elementor-widget-toggle\" data-id=\"5d6b19d\" data-element_type=\"widget\" data-widget_type=\"toggle.default\">\n\t\t\t\t<div class=\"elementor-widget-container\">\n\t\t\t\t\t<div class=\"elementor-toggle\" role=\"tablist\">\n\t\t\t\t\t\t\t<div class=\"elementor-toggle-item\">\n\t\t\t\t\t<div id=\"elementor-tab-title-9791\" class=\"elementor-tab-title\" data-tab=\"1\" role=\"tab\" aria-controls=\"elementor-tab-content-9791\" aria-expanded=\"false\">\n\t\t\t\t\t\t\t\t\t\t\t\t<span class=\"elementor-toggle-icon elementor-toggle-icon-left\" aria-hidden=\"true\">\n\t\t\t\t\t\t\t\t\t\t\t\t\t\t\t<span class=\"elementor-toggle-icon-closed\"><i class=\"fas fa-caret-right\"><\/i><\/span>\n\t\t\t\t\t\t\t\t<span class=\"elementor-toggle-icon-opened\"><i class=\"elementor-toggle-icon-opened fas fa-caret-up\"><\/i><\/span>\n\t\t\t\t\t\t\t\t\t\t\t\t\t<\/span>\n\t\t\t\t\t\t\t\t\t\t\t\t<a href=\"\" class=\"elementor-toggle-title\">Terminarz wybor\u00f3w 2023<\/a>\n\t\t\t\t\t<\/div>\n\n\t\t\t\t\t<div id=\"elementor-tab-content-9791\" class=\"elementor-tab-content elementor-clearfix\" data-tab=\"1\" role=\"tabpanel\" aria-labelledby=\"elementor-tab-title-9791\"><p class=\"western\" lang=\"pl-PL\">Drodzy Cz\u0142onkowie Polskiego Towarzystwa Promieniowania Synchrotronowego!<\/p><p class=\"western\"><span lang=\"pl-PL\"><br \/>Komisja Wyborcza PTPS ustali\u0142a nast\u0119puj\u0105cy tryb i terminarz przeprowadzenia wybor\u00f3w do w\u0142adz PTPS:<\/span><\/p><p class=\"western\"><span lang=\"pl-PL\">1. Do <\/span><span lang=\"pl-PL\"><b>8 listopada 2023<\/b><\/span><span lang=\"pl-PL\"> roku \u2013 zg\u0142oszenia Kandydat\u00f3w na stanowisko Prezesa, do Zarz\u0105du i do Komisji Rewizyjnej oraz dostarczenie przez nich pisemnej zgody na kandydowanie na adres e-mailowy: <\/span><a href=\"mailto:wybory@synchrotron.org.pl\"><span style=\"color: #0000ff;\"><span lang=\"pl-PL\"><u>wybory@synchrotron.org.pl<\/u><\/span><\/span><\/a><span lang=\"pl-PL\">. Formularz zgody Kandydata jest dost\u0119pny na stronie internetowej PTPS w zak\u0142adce dotycz\u0105cej wybor\u00f3w. Zgoda musi zawiera\u0107 informacj\u0119 o stanowisku, na kt\u00f3re dana osoba kandyduje oraz w\u0142asnor\u0119czny podpis Kandydata. Dozwolone jest przes\u0142anie zeskanowanego dokumentu. Dodatkowo zach\u0119camy Kandydat\u00f3w do za\u0142\u0105czenia w osobnym pliku kr\u00f3tkiej informacji o sobie, chocia\u017c nie jest to warunek konieczny kandydowania.<\/span><\/p><p class=\"western\"><span lang=\"pl-PL\">2. Osoby zg\u0142aszaj\u0105ce swoj\u0105 kandydatur\u0119 na stanowisko Prezesa i cz\u0142onka Zarz\u0105du nie mog\u0105 jednocze\u015bnie kandydowa\u0107 do Komisji Rewizyjnej. Kandydaci na Prezesa mog\u0105 ubiega\u0107 si\u0119 tak\u017ce o stanowisko cz\u0142onka Zarz\u0105du, z tym \u017ce prawomocnie wybrany Prezes zostanie wykre\u015blony z listy Kandydat\u00f3w do Zarz\u0105du.<\/span><\/p><p class=\"western\"><span lang=\"pl-PL\">3. Lista Kandydat\u00f3w b\u0119dzie rozes\u0142ana drog\u0105 e-mailow\u0105 w dniu <\/span><span lang=\"pl-PL\"><b>9 listopada<\/b><\/span> <span lang=\"pl-PL\"><b>2023<\/b><\/span><span lang=\"pl-PL\"> roku oraz zostanie opublikowana na stronie internetowej PTPS: www.synchrotron.org.pl<\/span><\/p><p class=\"western\"><span lang=\"pl-PL\">4. <\/span><span lang=\"pl-PL\"><b>G\u0142osowanie<\/b><\/span><span lang=\"pl-PL\"> \u2013 wyb\u00f3r <\/span><span lang=\"pl-PL\"><b>Prezesa<\/b><\/span><span lang=\"pl-PL\"> odb\u0119dzie si\u0119 w dniach <\/span><span lang=\"pl-PL\"><b>14-15 listopada 2023<\/b><\/span><span lang=\"pl-PL\"> roku.<\/span><\/p><p class=\"western\"><span lang=\"pl-PL\">5. <\/span><span lang=\"pl-PL\"><b>G\u0142osowanie<\/b><\/span><span lang=\"pl-PL\"> \u2013 wybory <\/span><span lang=\"pl-PL\"><b>Cz\u0142onk\u00f3w Zarz\u0105du i Komisji Rewizyjnej<\/b><\/span><span lang=\"pl-PL\"> odb\u0119d\u0105 si\u0119 w dniach <\/span><span lang=\"pl-PL\"><b>21-22 listopada<\/b><\/span> <span lang=\"pl-PL\"><b>2023<\/b><\/span><span lang=\"pl-PL\"> roku.<\/span><\/p><p class=\"western\"><span lang=\"pl-PL\">6. Warunkiem wa\u017cno\u015bci wybor\u00f3w jest oddanie ponad <\/span><span lang=\"pl-PL\"><b>50%<\/b><\/span><span lang=\"pl-PL\"> g\u0142os\u00f3w os\u00f3b uprawnionych do g\u0142osowania.<\/span><\/p><p class=\"western\"><span lang=\"pl-PL\">7. Je\u017celi dany etap wybor\u00f3w nie b\u0119dzie wa\u017cny, zostanie on powt\u00f3rzony, a kalendarz wyborczy b\u0119dzie odpowiednio zmodyfikowany.<\/span><\/p><p class=\"western\"><span lang=\"pl-PL\">8. Wyniki wybor\u00f3w zostan\u0105 og\u0142oszone na stronie internetowej Towarzystwa oraz rozes\u0142ane do wszystkich jego Cz\u0142onk\u00f3w za pomoc\u0105 poczty e-mail.<\/span><\/p><p class=\"western\"><span lang=\"pl-PL\">Dane pozwalaj\u0105ce na dost\u0119p do elektronicznego systemu g\u0142osowania otrzymaj\u0105 Pa\u0144stwo dzie\u0144 przed terminem wybor\u00f3w na adres e-mail znajduj\u0105cy si\u0119 w bazie PTPS. <\/span><\/p><p class=\"western\"><span lang=\"pl-PL\">Bardzo prosimy wszystkich Pa\u0144stwa o udzia\u0142 w wyborach \u2013 w razie pyta\u0144 prosimy o kontakt pod adresem: <\/span><a href=\"mailto:wybory@synchrotron.org.pl\"><span style=\"color: #0000ff;\"><span lang=\"pl-PL\"><u>wybory@synchrotron.org.pl<\/u><\/span><\/span><\/a><\/p><p class=\"western\"><span lang=\"pl-PL\">Komisja Wyborcza PTPS:<br \/>Aleksandra Drzewiecka-Antonik\u2013 przewodnicz\u0105ca<br \/>Anna Reszka \u2013 sekretarz<br \/>Jakub Szlachetko \u2013 cz\u0142onek<\/span><\/p><\/div>\n\t\t\t\t<\/div>\n\t\t\t\t\t\t\t<div class=\"elementor-toggle-item\">\n\t\t\t\t\t<div id=\"elementor-tab-title-9792\" class=\"elementor-tab-title\" data-tab=\"2\" role=\"tab\" aria-controls=\"elementor-tab-content-9792\" aria-expanded=\"false\">\n\t\t\t\t\t\t\t\t\t\t\t\t<span class=\"elementor-toggle-icon elementor-toggle-icon-left\" aria-hidden=\"true\">\n\t\t\t\t\t\t\t\t\t\t\t\t\t\t\t<span class=\"elementor-toggle-icon-closed\"><i class=\"fas fa-caret-right\"><\/i><\/span>\n\t\t\t\t\t\t\t\t<span class=\"elementor-toggle-icon-opened\"><i class=\"elementor-toggle-icon-opened fas fa-caret-up\"><\/i><\/span>\n\t\t\t\t\t\t\t\t\t\t\t\t\t<\/span>\n\t\t\t\t\t\t\t\t\t\t\t\t<a href=\"\" class=\"elementor-toggle-title\">Kandydaci w wyborach 2023<\/a>\n\t\t\t\t\t<\/div>\n\n\t\t\t\t\t<div id=\"elementor-tab-content-9792\" class=\"elementor-tab-content elementor-clearfix\" data-tab=\"2\" role=\"tabpanel\" aria-labelledby=\"elementor-tab-title-9792\"><p lang=\"pl-PL\">Kandydatki\/ci do w\u0142adz PTPS (w kolejno\u015bci alfabetycznej) na stanowiska:<\/p><p><span lang=\"pl-PL\"><b>Prezesa\u00a0PTPS:<br \/><\/b><\/span><span lang=\"pl-PL\"><br \/>1. <a href=\"https:\/\/synchrotron.org.pl\/wp-content\/uploads\/2023\/11\/AgnieszkaWitkowska_notka.pdf\">Agnieszka Witkowska<\/a><\/span><\/p><p><span lang=\"pl-PL\"><b>Cz\u0142onka\u00a0Zarz\u0105du\u00a0PTPS:<\/b><\/span><\/p><p>1. <a href=\"https:\/\/synchrotron.org.pl\/wp-content\/uploads\/2023\/11\/AnnaBajorek_notka.pdf\">Anna Bajorek<\/a><\/p><p><span lang=\"pl-PL\">2. <a href=\"http:\/\/www.synchrotron.org.pl\/publ\/doc\/Zarzad_JC.pdf\">Joanna Czapla-Masztafiak<\/a><\/span><\/p><p><span lang=\"pl-PL\">3. Marcin Klepka<\/span><\/p><p lang=\"pl-PL\">4. <a href=\"https:\/\/synchrotron.org.pl\/wp-content\/uploads\/2023\/11\/Pawel_Korecki.pdf\">Pawe\u0142 Korecki<\/a><\/p><p><span lang=\"pl-PL\">5. <a href=\"https:\/\/synchrotron.org.pl\/wp-content\/uploads\/2023\/11\/Zarzad_MK.pdf\">Maciej Kozak<\/a><\/span><\/p><p><span lang=\"pl-PL\">6. <a href=\"https:\/\/synchrotron.org.pl\/wp-content\/uploads\/2020\/10\/Notka-biograficzna-WKwiatek.pdf\">Wojciech M. Kwiatek<\/a><\/span><\/p><p><span lang=\"pl-PL\">7. <a href=\"https:\/\/synchrotron.org.pl\/wp-content\/uploads\/2020\/10\/Notka-biograficzna-EPiskorskaHomel.pdf\">Edyta Piskorska-Hommel<\/a><\/span><\/p><p><span lang=\"pl-PL\">8. <a href=\"https:\/\/synchrotron.org.pl\/wp-content\/uploads\/2023\/11\/MarcinSikora_notka.pdf\">Marcin\u00a0Sikora<\/a><\/span><\/p><p><span lang=\"pl-PL\">9. <a href=\"https:\/\/synchrotron.org.pl\/wp-content\/uploads\/2023\/11\/Ryszard_Sobierajski_notka.pdf\">Ryszard\u00a0Sobierajski<\/a><\/span><\/p><p><span lang=\"pl-PL\">10. Marek Stankiewicz<\/span><\/p><p><span lang=\"pl-PL\">11. <\/span><a href=\"https:\/\/synchrotron.org.pl\/wp-content\/uploads\/2023\/11\/TomaszW\u00a5sowicz_notka.pdf\"><span style=\"font-size: medium;\"><span lang=\"pl-PL\">Tomasz J. W\u0105sowicz<\/span><\/span><\/a><\/p><p><span lang=\"pl-PL\">12. <a href=\"https:\/\/synchrotron.org.pl\/wp-content\/uploads\/2023\/11\/AgnieszkaWitkowska_notka.pdf\">Agnieszka Witkowska<\/a><\/span><\/p><p><span lang=\"pl-PL\">13. <a href=\"https:\/\/synchrotron.org.pl\/wp-content\/uploads\/2023\/11\/AnnaWolska_notka.pdf\">Anna Wolska<\/a><\/span><\/p><p><span lang=\"pl-PL\"><b>Cz\u0142onka\u00a0Komisji\u00a0Rewizyjnej\u00a0PTPS:<\/b><\/span><\/p><p>1. Ewa Banachowicz<\/p><p><span lang=\"pl-PL\">2. Jolanta Darul<\/span><\/p><p><span lang=\"pl-PL\">3. <a href=\"http:\/\/www.synchrotron.org.pl\/publ\/doc\/Zarzad_ZK.pdf\">Zbigniew Kaszkur<\/a><\/span><\/p><p><span lang=\"pl-PL\">4. <a href=\"https:\/\/synchrotron.org.pl\/wp-content\/uploads\/2023\/11\/BKowalski.pdf\">Bogdan J. Kowalski<\/a><\/span><\/p><p><span lang=\"pl-PL\">5. <a href=\"http:\/\/www.synchrotron.org.pl\/publ\/doc\/PP.pdf\">Pawe\u0142\u00a0Piszora<\/a><\/span><b><\/b><\/p><\/div>\n\t\t\t\t<\/div>\n\t\t\t\t\t\t\t<div class=\"elementor-toggle-item\">\n\t\t\t\t\t<div id=\"elementor-tab-title-9793\" class=\"elementor-tab-title\" data-tab=\"3\" role=\"tab\" aria-controls=\"elementor-tab-content-9793\" aria-expanded=\"false\">\n\t\t\t\t\t\t\t\t\t\t\t\t<span class=\"elementor-toggle-icon elementor-toggle-icon-left\" aria-hidden=\"true\">\n\t\t\t\t\t\t\t\t\t\t\t\t\t\t\t<span class=\"elementor-toggle-icon-closed\"><i class=\"fas fa-caret-right\"><\/i><\/span>\n\t\t\t\t\t\t\t\t<span class=\"elementor-toggle-icon-opened\"><i class=\"elementor-toggle-icon-opened fas fa-caret-up\"><\/i><\/span>\n\t\t\t\t\t\t\t\t\t\t\t\t\t<\/span>\n\t\t\t\t\t\t\t\t\t\t\t\t<a href=\"\" class=\"elementor-toggle-title\">Obwieszczenie komisji wyborczej w wyborach 2023<\/a>\n\t\t\t\t\t<\/div>\n\n\t\t\t\t\t<div id=\"elementor-tab-content-9793\" class=\"elementor-tab-content elementor-clearfix\" data-tab=\"3\" role=\"tabpanel\" aria-labelledby=\"elementor-tab-title-9793\"><p class=\"western\" lang=\"pl-PL\"><span style=\"font-size: medium;\">Komisja Wyborcza przeprowadzi\u0142a drog\u0105 elektroniczn\u0105 wybory w\u0142adz PTPS. <\/span><\/p><p class=\"western\"><span style=\"color: #2c363a;\"><span style=\"font-size: medium;\"><span lang=\"pl-PL\">Dr<\/span><\/span><\/span><span style=\"font-size: medium;\"><span lang=\"pl-PL\">\u00a0<\/span><\/span><span style=\"color: #2c363a;\"><span style=\"font-size: medium;\"><span lang=\"pl-PL\">hab.<\/span><\/span><\/span><span style=\"font-size: medium;\"><span lang=\"pl-PL\">\u00a0<\/span><\/span><span style=\"color: #2c363a;\"><span style=\"font-size: medium;\"><span lang=\"pl-PL\">in\u017c.<\/span><\/span><\/span><span style=\"font-size: medium;\"><span lang=\"pl-PL\">\u00a0<\/span><\/span><span style=\"color: #2c363a;\"><span style=\"font-size: medium;\"><span lang=\"pl-PL\">Agnieszka Witkowska, prof.<\/span><\/span><\/span><span style=\"font-size: medium;\"><span lang=\"pl-PL\">\u00a0<\/span><\/span><span style=\"color: #2c363a;\"><span style=\"font-size: medium;\"><span lang=\"pl-PL\">PG zosta\u0142a wybrana na stanowisko Prezesa PTPS na kadencj\u0119 2023-2027. <\/span><\/span><\/span><\/p><p class=\"western\"><span style=\"font-size: medium;\"><span lang=\"pl-PL\">Wyniki wybor\u00f3w Zarz\u0105du i Komisji Rewizyjnej PTPS opisuj\u0105 poni\u017csze protoko\u0142y:<\/span><\/span><\/p><p class=\"western\">\u2013\u00a0<a href=\"https:\/\/synchrotron.org.pl\/wp-content\/uploads\/2023\/11\/WyboryPrezesaPTPS_2023protokol.pdf\"><span style=\"color: #00a0de;\"><span style=\"font-size: medium;\"><span lang=\"pl-PL\">protok\u00f3\u0142 g\u0142osowania elektronicznego w wyborach Prezesa PTPS<\/span><\/span><\/span><\/a><\/p><p class=\"western\">\u2013\u00a0<a href=\"https:\/\/synchrotron.org.pl\/wp-content\/uploads\/2023\/11\/protokol_wyboryZadzad_KRewizyjna2023.pdf\"><span style=\"color: #00a0de;\"><span style=\"font-size: medium;\"><span lang=\"pl-PL\">protok\u00f3\u0142 g\u0142osowania elektronicznego w wyborach Zarz\u0105du i Komisji Rewizyjnej PTPS<\/span><\/span><\/span><\/a><span style=\"font-size: medium;\"><span lang=\"pl-PL\">.<\/span><\/span><\/p><\/div>\n\t\t\t\t<\/div>\n\t\t\t\t\t\t\t\t<\/div>\n\t\t\t\t<\/div>\n\t\t\t\t<\/div>\n\t\t\t\t<div class=\"elementor-element elementor-element-566d390 elementor-position-left elementor-view-default elementor-vertical-align-top elementor-widget elementor-widget-icon-box\" data-id=\"566d390\" data-element_type=\"widget\" data-widget_type=\"icon-box.default\">\n\t\t\t\t<div class=\"elementor-widget-container\">\n\t\t\t\t\t<div class=\"elementor-icon-box-wrapper\">\n\t\t\t\t\t\t<div class=\"elementor-icon-box-icon\">\n\t\t\t\t<a class=\"elementor-icon elementor-animation-\" href=\"https:\/\/synchrotron.org.pl\/wp-content\/uploads\/2023\/10\/Kandydat_PTPS_zgoda.pdf\" target=\"_blank\">\n\t\t\t\t<i aria-hidden=\"true\" class=\"fas fa-file-pdf\"><\/i>\t\t\t\t<\/a>\n\t\t\t<\/div>\n\t\t\t\t\t\t<div class=\"elementor-icon-box-content\">\n\t\t\t\t<h3 class=\"elementor-icon-box-title\">\n\t\t\t\t\t<a href=\"https:\/\/synchrotron.org.pl\/wp-content\/uploads\/2023\/10\/Kandydat_PTPS_zgoda.pdf\" target=\"_blank\" >\n\t\t\t\t\t\tZgoda na kandydowanie\t\t\t\t\t<\/a>\n\t\t\t\t<\/h3>\n\t\t\t\t\t\t\t<\/div>\n\t\t<\/div>\n\t\t\t\t<\/div>\n\t\t\t\t<\/div>\n\t\t\t\t<div class=\"elementor-element elementor-element-64f1f28 elementor-position-left elementor-view-default elementor-vertical-align-top elementor-widget elementor-widget-icon-box\" data-id=\"64f1f28\" data-element_type=\"widget\" data-widget_type=\"icon-box.default\">\n\t\t\t\t<div class=\"elementor-widget-container\">\n\t\t\t\t\t<div class=\"elementor-icon-box-wrapper\">\n\t\t\t\t\t\t<div class=\"elementor-icon-box-icon\">\n\t\t\t\t<a class=\"elementor-icon elementor-animation-\" href=\"https:\/\/synchrotron.org.pl\/wp-content\/uploads\/2023\/10\/Kandydat_PTPS_zgoda.docx\" target=\"_blank\">\n\t\t\t\t<i aria-hidden=\"true\" class=\"fas fa-file-word\"><\/i>\t\t\t\t<\/a>\n\t\t\t<\/div>\n\t\t\t\t\t\t<div class=\"elementor-icon-box-content\">\n\t\t\t\t<h3 class=\"elementor-icon-box-title\">\n\t\t\t\t\t<a href=\"https:\/\/synchrotron.org.pl\/wp-content\/uploads\/2023\/10\/Kandydat_PTPS_zgoda.docx\" target=\"_blank\" >\n\t\t\t\t\t\tZgoda na kandydowanie\t\t\t\t\t<\/a>\n\t\t\t\t<\/h3>\n\t\t\t\t\t\t\t<\/div>\n\t\t<\/div>\n\t\t\t\t<\/div>\n\t\t\t\t<\/div>\n\t\t\t\t\t\t<\/div>\n\t\t\t\t\t<\/div>\n\t\t<\/div>\n\t\t\t\t\t\t\t\t<\/div>\n\t\t\t\t\t<\/div>\n\t\t<\/section>\n\t\t\t\t\t\t<\/div>\n\t\t\t\t\t\t<\/div>\n\t\t\t\t\t<\/div>\n\t\t","protected":false},"excerpt":{"rendered":"<p>W trakcie Walnego Zebrania, kt\u00f3re odby\u0142o si\u0119 dnia 28 wrze\u015bnia 2023 roku, zosta\u0142a powo\u0142ana Komisja Wyborcza. Sk\u0142ad\u00a0Komisji Wyborczej jest nast\u0119puj\u0105cy: \u2013 Aleksandra Drzewiecka-Antonik\u00a0(IF PAN, Warszawa) \u2013 Przewodnicz\u0105ca\u2013\u00a0Anna Reszka (IF PAN, Warszawa) \u2013 Sekretarz\u2013\u00a0Jakub Szlachetko\u00a0(UJ, Krak\u00f3w) \u2013 Cz\u0142onek Zgodnie z uchwa\u0142\u0105 Zarz\u0105du PTPS podj\u0119t\u0105 w dniu 5 pa\u017adziernika 2023 roku w&hellip;<\/p>\n<p> <a class=\"more-link\" href=\"https:\/\/synchrotron.org.pl\/?page_id=17616\">Czytaj dalej<\/a><\/p>\n","protected":false},"author":7,"featured_media":0,"parent":0,"menu_order":0,"comment_status":"closed","ping_status":"closed","template":"","meta":{"footnotes":""},"_links":{"self":[{"href":"https:\/\/synchrotron.org.pl\/index.php?rest_route=\/wp\/v2\/pages\/17616"}],"collection":[{"href":"https:\/\/synchrotron.org.pl\/index.php?rest_route=\/wp\/v2\/pages"}],"about":[{"href":"https:\/\/synchrotron.org.pl\/index.php?rest_route=\/wp\/v2\/types\/page"}],"author":[{"embeddable":true,"href":"https:\/\/synchrotron.org.pl\/index.php?rest_route=\/wp\/v2\/users\/7"}],"replies":[{"embeddable":true,"href":"https:\/\/synchrotron.org.pl\/index.php?rest_route=%2Fwp%2Fv2%2Fcomments&post=17616"}],"version-history":[{"count":4,"href":"https:\/\/synchrotron.org.pl\/index.php?rest_route=\/wp\/v2\/pages\/17616\/revisions"}],"predecessor-version":[{"id":17620,"href":"https:\/\/synchrotron.org.pl\/index.php?rest_route=\/wp\/v2\/pages\/17616\/revisions\/17620"}],"wp:attachment":[{"href":"https:\/\/synchrotron.org.pl\/index.php?rest_route=%2Fwp%2Fv2%2Fmedia&parent=17616"}],"curies":[{"name":"wp","href":"https:\/\/api.w.org\/{rel}","templated":true}]}}